{"id":2763,"date":"2022-02-23T17:16:00","date_gmt":"2022-02-23T15:16:00","guid":{"rendered":"https:\/\/porvoonpyorakeskus.fi\/index.php\/tuote\/specialized-turbo-vado-3-0-igh-nb\/"},"modified":"2022-03-29T11:10:47","modified_gmt":"2022-03-29T08:10:47","slug":"specialized-turbo-vado-3-0-igh-nb","status":"publish","type":"product","link":"https:\/\/porvoonpyorakeskus.fi\/sv\/produkt\/specialized-turbo-vado-3-0-igh-nb\/","title":{"rendered":"Specialized Turbo Vado 3.0 IGH NB"},"content":{"rendered":"<p>Vado \u00e4r fordonet f\u00f6r allt fr\u00e5n dagliga pendlingar till snabba tr\u00e4ningspass till l\u00e4ngre \u00e4n planerade \u00e4ventyr \u2013 en elcykel f\u00f6r livet. Vado \u00e4r den smidigaste e-cykelupplevelsen hittills och \u00e4r designad f\u00f6r att modigt ta sig an det st\u00e4ndigt f\u00f6r\u00e4nderliga landskapet du kommer att m\u00f6ta som en daglig f\u00f6rare, b\u00e4ra allt du beh\u00f6ver och h\u00e5lla dig att cykla oftare.<\/p>\n<p>Omdesignad geometri ger dig den b\u00e4sta positionen f\u00f6r allt fr\u00e5n tr\u00e4ning till pendling samtidigt som du bekv\u00e4mt h\u00e5ller \u00f6gonen p\u00e5 trafikerade v\u00e4gar. Vi tog l\u00e4rdomar fr\u00e5n hastigheten en landsv\u00e4gsf\u00f6rare s\u00f6ker och den man\u00f6vrerbarhet en mountainbikef\u00f6rare beh\u00f6ver. F\u00f6rarens position p\u00e5 Vado inger sj\u00e4lvf\u00f6rtroende och optimerar samtidigt f\u00f6rarens f\u00f6rm\u00e5ga att effektivt driva fr\u00e5n A till B.<br \/>\nTurbo Full Power 2.0E-motor och 530Wh-batteri erbjuder en o\u00f6vertr\u00e4ffad k\u00f6rupplevelse, vilket ger en mjuk, s\u00f6ml\u00f6s och chockerande tyst f\u00f6rst\u00e4rkning av dina anstr\u00e4ngningar, upp till 48 km\/h. Den integrerade kontrollern svarar p\u00e5 dina pedaling\u00e5ngar vilket resulterar i en intuitiv f\u00f6rst\u00e4rkning av dina anstr\u00e4ngningar med en otroligt naturlig k\u00e4nsla.<br \/>\nMasterMind och Mission Control \u2013 MasterMind-sk\u00e4rmen avsl\u00f6jar all relevant information om din \u00e5ktur, till\u00e5ter realtidsjustering av st\u00f6dniv\u00e5er och m\u00f6jligg\u00f6r uppdateringar via luften s\u00e5 att din cykel blir b\u00e4ttre med tiden. MasterMind integreras s\u00f6ml\u00f6st med Mission Control-appen f\u00f6r r\u00e4ckviddsoptimeringsverktyg, avancerad inst\u00e4llning, diagnostik under resa och mer.<br \/>\nDen stegl\u00f6st v\u00e4xlande enviolo City Internal Gear Hub (IGH) har ett specifikt utformat internt v\u00e4xelnav och matchande kontroller. Den manuella stegl\u00f6sa tekniken \u00e4r lika enkel som att justera volymen p\u00e5 en radio. Detta g\u00f6r att ryttare kan fokusera p\u00e5 de viktiga aspekterna av en cykeltur som trafik eller landskap.<br \/>\nBepr\u00f6vad smidig effektivitet \u2013 Vi designade en anpassad testmekanism f\u00f6r att analysera st\u00f6tar \u00e4ven vid den minsta frekvensen f\u00f6r att \u00f6ka komforten och synen. Den precisionen, tillsammans med en upph\u00e4ngd sadelstolpe, h\u00f6gre volym d\u00e4ck och en 80 mm fj\u00e4dringsgaffel, kommer att platta v\u00e4gar framf\u00f6r dina \u00f6gon.<br \/>\nTurbo System Lock \u2013 Anv\u00e4nd Mission Control-appen f\u00f6r att inaktivera din cykels motor och aktivera r\u00f6relsesensorlarmet. N\u00e4r den v\u00e4l \u00e4r l\u00e5st kan motorn inte aktiveras igen f\u00f6rutom av \u00e4garen.<br \/>\nHelt integrerat avtagbart och l\u00e5sbart downtube-batteri \u2013 L\u00e4tt att ladda, l\u00e4tt att s\u00e4kra.<br \/>\nUtrustad med DRYTECH-sk\u00e4rmar, LED-ljus fram och bak och bakre HD-rack med en kapacitet p\u00e5 27 kg. Den bakre st\u00e4llningen \u00e4r kompatibel med barncykelstolar, och cykeln \u00e4r ocks\u00e5 klassad f\u00f6r att dra en genomg\u00e5ende sl\u00e4pvagn.<\/p>\n","protected":false},"excerpt":{"rendered":"<p>Vado \u00e4r fordonet f\u00f6r allt fr\u00e5n dagliga pendlingar till snabba tr\u00e4ningspass till l\u00e4ngre \u00e4n planerade \u00e4ventyr \u2013 en elcykel f\u00f6r livet. Vado \u00e4r den smidigaste e-cykelupplevelsen hittills och \u00e4r designad f\u00f6r att modigt ta sig an det st\u00e4ndigt f\u00f6r\u00e4nderliga landskapet du kommer att m\u00f6ta som en daglig f\u00f6rare, b\u00e4ra allt du beh\u00f6ver och h\u00e5lla dig&#8230;<\/p>\n","protected":false},"featured_media":2143,"comment_status":"closed","ping_status":"closed","template":"","meta":{"_kad_blocks_custom_css":"","_kad_blocks_head_custom_js":"","_kad_blocks_body_custom_js":"","_kad_blocks_footer_custom_js":"","_kadence_starter_templates_imported_post":false,"_kad_post_transparent":"default","_kad_post_title":"","_kad_post_layout":"default","_kad_post_sidebar_id":"","_kad_post_content_style":"default","_kad_post_vertical_padding":"default","_kad_post_feature":"","_kad_post_feature_position":"","_kad_post_header":false,"_kad_post_footer":false,"_kad_post_classname":""},"product_brand":[],"product_cat":[178,192,182,183,190,180],"product_tag":[],"class_list":{"0":"post-2763","1":"product","2":"type-product","3":"status-publish","4":"has-post-thumbnail","6":"product_cat-cyklar","7":"product_cat-elassisterade","8":"product_cat-herrcyklar","9":"product_cat-herrcyklar-fitness","10":"product_cat-specialized-sv","11":"product_cat-stadscyklar","13":"first","14":"onbackorder","15":"purchasable","16":"product-type-simple","17":"entry","18":"content-bg","19":"loop-entry"},"yoast_head":"<!-- This site is optimized with the Yoast SEO plugin v27.4 - https:\/\/yoast.com\/product\/yoast-seo-wordpress\/ -->\n<title>Specialized Turbo Vado 3.0 IGH NB | Porvoon Py\u00f6r\u00e4keskus<\/title>\n<meta name=\"robots\" content=\"index, follow, max-snippet:-1, max-image-preview:large, max-video-preview:-1\" \/>\n<link rel=\"canonical\" href=\"https:\/\/porvoonpyorakeskus.fi\/sv\/produkt\/specialized-turbo-vado-3-0-igh-nb\/\" \/>\n<meta property=\"og:locale\" content=\"sv_SE\" \/>\n<meta property=\"og:type\" content=\"article\" \/>\n<meta property=\"og:title\" content=\"Specialized Turbo Vado 3.0 IGH NB | Porvoon Py\u00f6r\u00e4keskus\" \/>\n<meta property=\"og:description\" content=\"Vado \u00e4r fordonet f\u00f6r allt fr\u00e5n dagliga pendlingar till snabba tr\u00e4ningspass till l\u00e4ngre \u00e4n planerade \u00e4ventyr \u2013 en elcykel f\u00f6r livet. Vado \u00e4r den smidigaste e-cykelupplevelsen hittills och \u00e4r designad f\u00f6r att modigt ta sig an det st\u00e4ndigt f\u00f6r\u00e4nderliga landskapet du kommer att m\u00f6ta som en daglig f\u00f6rare, b\u00e4ra allt du beh\u00f6ver och h\u00e5lla dig...\" \/>\n<meta property=\"og:url\" content=\"https:\/\/porvoonpyorakeskus.fi\/sv\/produkt\/specialized-turbo-vado-3-0-igh-nb\/\" \/>\n<meta property=\"og:site_name\" content=\"Porvoon Py\u00f6r\u00e4keskus\" \/>\n<meta property=\"article:publisher\" content=\"https:\/\/www.facebook.com\/porvoonpyorakeskus\" \/>\n<meta property=\"article:modified_time\" content=\"2022-03-29T08:10:47+00:00\" \/>\n<meta property=\"og:image\" content=\"https:\/\/porvoonpyorakeskus.fi\/wp-content\/uploads\/2022\/02\/4B2056D6-103A-4674-BD53-D6E6C4598058-1.jpeg\" \/>\n\t<meta property=\"og:image:width\" content=\"920\" \/>\n\t<meta property=\"og:image:height\" content=\"640\" \/>\n\t<meta property=\"og:image:type\" content=\"image\/jpeg\" \/>\n<meta name=\"twitter:card\" content=\"summary_large_image\" \/>\n<meta name=\"twitter:label1\" content=\"Ber\u00e4knad l\u00e4stid\" \/>\n\t<meta name=\"twitter:data1\" content=\"2 minuter\" \/>\n<script type=\"application\/ld+json\" class=\"yoast-schema-graph\">{\"@context\":\"https:\\\/\\\/schema.org\",\"@graph\":[{\"@type\":\"WebPage\",\"@id\":\"https:\\\/\\\/porvoonpyorakeskus.fi\\\/sv\\\/produkt\\\/specialized-turbo-vado-3-0-igh-nb\\\/\",\"url\":\"https:\\\/\\\/porvoonpyorakeskus.fi\\\/sv\\\/produkt\\\/specialized-turbo-vado-3-0-igh-nb\\\/\",\"name\":\"Specialized Turbo Vado 3.0 IGH NB | Porvoon Py\u00f6r\u00e4keskus\",\"isPartOf\":{\"@id\":\"https:\\\/\\\/porvoonpyorakeskus.fi\\\/sv\\\/#website\"},\"primaryImageOfPage\":{\"@id\":\"https:\\\/\\\/porvoonpyorakeskus.fi\\\/sv\\\/produkt\\\/specialized-turbo-vado-3-0-igh-nb\\\/#primaryimage\"},\"image\":{\"@id\":\"https:\\\/\\\/porvoonpyorakeskus.fi\\\/sv\\\/produkt\\\/specialized-turbo-vado-3-0-igh-nb\\\/#primaryimage\"},\"thumbnailUrl\":\"https:\\\/\\\/porvoonpyorakeskus.fi\\\/wp-content\\\/uploads\\\/2022\\\/02\\\/4B2056D6-103A-4674-BD53-D6E6C4598058-1.jpeg\",\"datePublished\":\"2022-02-23T15:16:00+00:00\",\"dateModified\":\"2022-03-29T08:10:47+00:00\",\"breadcrumb\":{\"@id\":\"https:\\\/\\\/porvoonpyorakeskus.fi\\\/sv\\\/produkt\\\/specialized-turbo-vado-3-0-igh-nb\\\/#breadcrumb\"},\"inLanguage\":\"sv-SE\",\"potentialAction\":[{\"@type\":\"ReadAction\",\"target\":[\"https:\\\/\\\/porvoonpyorakeskus.fi\\\/sv\\\/produkt\\\/specialized-turbo-vado-3-0-igh-nb\\\/\"]}]},{\"@type\":\"ImageObject\",\"inLanguage\":\"sv-SE\",\"@id\":\"https:\\\/\\\/porvoonpyorakeskus.fi\\\/sv\\\/produkt\\\/specialized-turbo-vado-3-0-igh-nb\\\/#primaryimage\",\"url\":\"https:\\\/\\\/porvoonpyorakeskus.fi\\\/wp-content\\\/uploads\\\/2022\\\/02\\\/4B2056D6-103A-4674-BD53-D6E6C4598058-1.jpeg\",\"contentUrl\":\"https:\\\/\\\/porvoonpyorakeskus.fi\\\/wp-content\\\/uploads\\\/2022\\\/02\\\/4B2056D6-103A-4674-BD53-D6E6C4598058-1.jpeg\",\"width\":920,\"height\":640,\"caption\":\"Vado 3.0 IGH\"},{\"@type\":\"BreadcrumbList\",\"@id\":\"https:\\\/\\\/porvoonpyorakeskus.fi\\\/sv\\\/produkt\\\/specialized-turbo-vado-3-0-igh-nb\\\/#breadcrumb\",\"itemListElement\":[{\"@type\":\"ListItem\",\"position\":1,\"name\":\"Etusivu\",\"item\":\"https:\\\/\\\/porvoonpyorakeskus.fi\\\/sv\\\/\"},{\"@type\":\"ListItem\",\"position\":2,\"name\":\"Butik\",\"item\":\"https:\\\/\\\/porvoonpyorakeskus.fi\\\/sv\\\/butik\\\/\"},{\"@type\":\"ListItem\",\"position\":3,\"name\":\"Specialized Turbo Vado 3.0 IGH NB\"}]},{\"@type\":\"WebSite\",\"@id\":\"https:\\\/\\\/porvoonpyorakeskus.fi\\\/sv\\\/#website\",\"url\":\"https:\\\/\\\/porvoonpyorakeskus.fi\\\/sv\\\/\",\"name\":\"Porvoon py\u00f6r\u00e4keskus\",\"description\":\"Py\u00f6r\u00e4liike ja py\u00f6r\u00e4huolto Porvoon keskustassa. Body Geometry fit ajoasennon mittaus\",\"publisher\":{\"@id\":\"https:\\\/\\\/porvoonpyorakeskus.fi\\\/sv\\\/#organization\"},\"alternateName\":\"Py\u00f6r\u00e4keskus\",\"potentialAction\":[{\"@type\":\"SearchAction\",\"target\":{\"@type\":\"EntryPoint\",\"urlTemplate\":\"https:\\\/\\\/porvoonpyorakeskus.fi\\\/sv\\\/?s={search_term_string}\"},\"query-input\":{\"@type\":\"PropertyValueSpecification\",\"valueRequired\":true,\"valueName\":\"search_term_string\"}}],\"inLanguage\":\"sv-SE\"},{\"@type\":\"Organization\",\"@id\":\"https:\\\/\\\/porvoonpyorakeskus.fi\\\/sv\\\/#organization\",\"name\":\"Porvoon Py\u00f6r\u00e4keskus\",\"alternateName\":\"Py\u00f6r\u00e4keskus\",\"url\":\"https:\\\/\\\/porvoonpyorakeskus.fi\\\/sv\\\/\",\"logo\":{\"@type\":\"ImageObject\",\"inLanguage\":\"sv-SE\",\"@id\":\"https:\\\/\\\/porvoonpyorakeskus.fi\\\/sv\\\/#\\\/schema\\\/logo\\\/image\\\/\",\"url\":\"https:\\\/\\\/porvoonpyorakeskus.fi\\\/wp-content\\\/uploads\\\/2022\\\/03\\\/Porvoon-Pyorakeskus-logo.png\",\"contentUrl\":\"https:\\\/\\\/porvoonpyorakeskus.fi\\\/wp-content\\\/uploads\\\/2022\\\/03\\\/Porvoon-Pyorakeskus-logo.png\",\"width\":257,\"height\":148,\"caption\":\"Porvoon Py\u00f6r\u00e4keskus\"},\"image\":{\"@id\":\"https:\\\/\\\/porvoonpyorakeskus.fi\\\/sv\\\/#\\\/schema\\\/logo\\\/image\\\/\"},\"sameAs\":[\"https:\\\/\\\/www.facebook.com\\\/porvoonpyorakeskus\",\"https:\\\/\\\/www.instagram.com\\\/porvoonpyorakeskus\\\/\"]}]}<\/script>\n<!-- \/ Yoast SEO plugin. -->","yoast_head_json":{"title":"Specialized Turbo Vado 3.0 IGH NB | Porvoon Py\u00f6r\u00e4keskus","robots":{"index":"index","follow":"follow","max-snippet":"max-snippet:-1","max-image-preview":"max-image-preview:large","max-video-preview":"max-video-preview:-1"},"canonical":"https:\/\/porvoonpyorakeskus.fi\/sv\/produkt\/specialized-turbo-vado-3-0-igh-nb\/","og_locale":"sv_SE","og_type":"article","og_title":"Specialized Turbo Vado 3.0 IGH NB | Porvoon Py\u00f6r\u00e4keskus","og_description":"Vado \u00e4r fordonet f\u00f6r allt fr\u00e5n dagliga pendlingar till snabba tr\u00e4ningspass till l\u00e4ngre \u00e4n planerade \u00e4ventyr \u2013 en elcykel f\u00f6r livet. Vado \u00e4r den smidigaste e-cykelupplevelsen hittills och \u00e4r designad f\u00f6r att modigt ta sig an det st\u00e4ndigt f\u00f6r\u00e4nderliga landskapet du kommer att m\u00f6ta som en daglig f\u00f6rare, b\u00e4ra allt du beh\u00f6ver och h\u00e5lla dig...","og_url":"https:\/\/porvoonpyorakeskus.fi\/sv\/produkt\/specialized-turbo-vado-3-0-igh-nb\/","og_site_name":"Porvoon Py\u00f6r\u00e4keskus","article_publisher":"https:\/\/www.facebook.com\/porvoonpyorakeskus","article_modified_time":"2022-03-29T08:10:47+00:00","og_image":[{"width":920,"height":640,"url":"https:\/\/porvoonpyorakeskus.fi\/wp-content\/uploads\/2022\/02\/4B2056D6-103A-4674-BD53-D6E6C4598058-1.jpeg","type":"image\/jpeg"}],"twitter_card":"summary_large_image","twitter_misc":{"Ber\u00e4knad l\u00e4stid":"2 minuter"},"schema":{"@context":"https:\/\/schema.org","@graph":[{"@type":"WebPage","@id":"https:\/\/porvoonpyorakeskus.fi\/sv\/produkt\/specialized-turbo-vado-3-0-igh-nb\/","url":"https:\/\/porvoonpyorakeskus.fi\/sv\/produkt\/specialized-turbo-vado-3-0-igh-nb\/","name":"Specialized Turbo Vado 3.0 IGH NB | Porvoon Py\u00f6r\u00e4keskus","isPartOf":{"@id":"https:\/\/porvoonpyorakeskus.fi\/sv\/#website"},"primaryImageOfPage":{"@id":"https:\/\/porvoonpyorakeskus.fi\/sv\/produkt\/specialized-turbo-vado-3-0-igh-nb\/#primaryimage"},"image":{"@id":"https:\/\/porvoonpyorakeskus.fi\/sv\/produkt\/specialized-turbo-vado-3-0-igh-nb\/#primaryimage"},"thumbnailUrl":"https:\/\/porvoonpyorakeskus.fi\/wp-content\/uploads\/2022\/02\/4B2056D6-103A-4674-BD53-D6E6C4598058-1.jpeg","datePublished":"2022-02-23T15:16:00+00:00","dateModified":"2022-03-29T08:10:47+00:00","breadcrumb":{"@id":"https:\/\/porvoonpyorakeskus.fi\/sv\/produkt\/specialized-turbo-vado-3-0-igh-nb\/#breadcrumb"},"inLanguage":"sv-SE","potentialAction":[{"@type":"ReadAction","target":["https:\/\/porvoonpyorakeskus.fi\/sv\/produkt\/specialized-turbo-vado-3-0-igh-nb\/"]}]},{"@type":"ImageObject","inLanguage":"sv-SE","@id":"https:\/\/porvoonpyorakeskus.fi\/sv\/produkt\/specialized-turbo-vado-3-0-igh-nb\/#primaryimage","url":"https:\/\/porvoonpyorakeskus.fi\/wp-content\/uploads\/2022\/02\/4B2056D6-103A-4674-BD53-D6E6C4598058-1.jpeg","contentUrl":"https:\/\/porvoonpyorakeskus.fi\/wp-content\/uploads\/2022\/02\/4B2056D6-103A-4674-BD53-D6E6C4598058-1.jpeg","width":920,"height":640,"caption":"Vado 3.0 IGH"},{"@type":"BreadcrumbList","@id":"https:\/\/porvoonpyorakeskus.fi\/sv\/produkt\/specialized-turbo-vado-3-0-igh-nb\/#breadcrumb","itemListElement":[{"@type":"ListItem","position":1,"name":"Etusivu","item":"https:\/\/porvoonpyorakeskus.fi\/sv\/"},{"@type":"ListItem","position":2,"name":"Butik","item":"https:\/\/porvoonpyorakeskus.fi\/sv\/butik\/"},{"@type":"ListItem","position":3,"name":"Specialized Turbo Vado 3.0 IGH NB"}]},{"@type":"WebSite","@id":"https:\/\/porvoonpyorakeskus.fi\/sv\/#website","url":"https:\/\/porvoonpyorakeskus.fi\/sv\/","name":"Porvoon py\u00f6r\u00e4keskus","description":"Py\u00f6r\u00e4liike ja py\u00f6r\u00e4huolto Porvoon keskustassa. Body Geometry fit ajoasennon mittaus","publisher":{"@id":"https:\/\/porvoonpyorakeskus.fi\/sv\/#organization"},"alternateName":"Py\u00f6r\u00e4keskus","potentialAction":[{"@type":"SearchAction","target":{"@type":"EntryPoint","urlTemplate":"https:\/\/porvoonpyorakeskus.fi\/sv\/?s={search_term_string}"},"query-input":{"@type":"PropertyValueSpecification","valueRequired":true,"valueName":"search_term_string"}}],"inLanguage":"sv-SE"},{"@type":"Organization","@id":"https:\/\/porvoonpyorakeskus.fi\/sv\/#organization","name":"Porvoon Py\u00f6r\u00e4keskus","alternateName":"Py\u00f6r\u00e4keskus","url":"https:\/\/porvoonpyorakeskus.fi\/sv\/","logo":{"@type":"ImageObject","inLanguage":"sv-SE","@id":"https:\/\/porvoonpyorakeskus.fi\/sv\/#\/schema\/logo\/image\/","url":"https:\/\/porvoonpyorakeskus.fi\/wp-content\/uploads\/2022\/03\/Porvoon-Pyorakeskus-logo.png","contentUrl":"https:\/\/porvoonpyorakeskus.fi\/wp-content\/uploads\/2022\/03\/Porvoon-Pyorakeskus-logo.png","width":257,"height":148,"caption":"Porvoon Py\u00f6r\u00e4keskus"},"image":{"@id":"https:\/\/porvoonpyorakeskus.fi\/sv\/#\/schema\/logo\/image\/"},"sameAs":["https:\/\/www.facebook.com\/porvoonpyorakeskus","https:\/\/www.instagram.com\/porvoonpyorakeskus\/"]}]}},"taxonomy_info":{"product_cat":[{"value":178,"label":"Cyklar"},{"value":192,"label":"Elassisterade 2022"},{"value":182,"label":"Herrcyklar"},{"value":183,"label":"Herrcyklar fitness"},{"value":190,"label":"Specialized cyklar"},{"value":180,"label":"Stadscyklar"}]},"featured_image_src_large":["https:\/\/porvoonpyorakeskus.fi\/wp-content\/uploads\/2022\/02\/4B2056D6-103A-4674-BD53-D6E6C4598058-1.jpeg",920,640,false],"author_info":[],"comment_info":0,"_links":{"self":[{"href":"https:\/\/porvoonpyorakeskus.fi\/sv\/wp-json\/wp\/v2\/product\/2763","targetHints":{"allow":["GET"]}}],"collection":[{"href":"https:\/\/porvoonpyorakeskus.fi\/sv\/wp-json\/wp\/v2\/product"}],"about":[{"href":"https:\/\/porvoonpyorakeskus.fi\/sv\/wp-json\/wp\/v2\/types\/product"}],"replies":[{"embeddable":true,"href":"https:\/\/porvoonpyorakeskus.fi\/sv\/wp-json\/wp\/v2\/comments?post=2763"}],"wp:featuredmedia":[{"embeddable":true,"href":"https:\/\/porvoonpyorakeskus.fi\/sv\/wp-json\/wp\/v2\/media\/2143"}],"wp:attachment":[{"href":"https:\/\/porvoonpyorakeskus.fi\/sv\/wp-json\/wp\/v2\/media?parent=2763"}],"wp:term":[{"taxonomy":"product_brand","embeddable":true,"href":"https:\/\/porvoonpyorakeskus.fi\/sv\/wp-json\/wp\/v2\/product_brand?post=2763"},{"taxonomy":"product_cat","embeddable":true,"href":"https:\/\/porvoonpyorakeskus.fi\/sv\/wp-json\/wp\/v2\/product_cat?post=2763"},{"taxonomy":"product_tag","embeddable":true,"href":"https:\/\/porvoonpyorakeskus.fi\/sv\/wp-json\/wp\/v2\/product_tag?post=2763"}],"curies":[{"name":"wp","href":"https:\/\/api.w.org\/{rel}","templated":true}]}}