{"id":2762,"date":"2022-02-23T17:07:00","date_gmt":"2022-02-23T15:07:00","guid":{"rendered":"https:\/\/porvoonpyorakeskus.fi\/index.php\/tuote\/2022-specialized-diverge-e5-elite-kopio\/"},"modified":"2022-03-30T12:00:26","modified_gmt":"2022-03-30T09:00:26","slug":"2022-specialized-diverge-e5-elite-2","status":"publish","type":"product","link":"https:\/\/porvoonpyorakeskus.fi\/sv\/produkt\/2022-specialized-diverge-e5-elite-2\/","title":{"rendered":"2022 Specialized Diverge E5 Elite"},"content":{"rendered":"<p>Oavsett om ditt m\u00e5l \u00e4r att fly p\u00e5 grusv\u00e4gar, l\u00e5ngt fr\u00e5n bilar och folkmassor, g\u00e5 startlinjen vid ditt f\u00f6rsta gruslopp, eller helt enkelt skaffa den mest m\u00e5ngsidiga cykeln p\u00e5 v\u00e4gen eller jord, ingen cykel \u00e4r b\u00e4ttre \u00e4n den nya Diverge. Det \u00e4r helt enkelt den snabbaste, mest kapabla \u0096 och kanske den roligaste \u0096 l\u00e4ttmetallcykel vi n\u00e5gonsin har gjort, och ger en \u00e5ktur som \u00e4r snabb och livlig, men stabil och inspirerande f\u00f6rtroende n\u00e4r terr\u00e4ngen blir tuff. Med helt ny grusgeometri och kategoriledande d\u00e4ckavst\u00e5nd, representerar nya Diverge allt vi har l\u00e4rt oss under mer \u00e4n 40 \u00e5r av att \u00e5ka v\u00e4g, grus och smuts. The Diverge skriver ett helt nytt kapitel i kategorin gruscykel, s\u00e5 att du kan dr\u00f6mma om helt nya turer. Det \u00e4r det ultimata flyktbilen.<\/p>\n<p>Diverge Elite E5 anv\u00e4nder v\u00e5r premium E5-legeringsram och en FACT-gaffel i kolfiber f\u00f6r en snabb, s\u00e4ker och bekv\u00e4m \u00e5ktur p\u00e5 v\u00e4gen, i smutsen och \u00f6ver tjockt grus. Shimanos grusinspirerade GRX 400-grupp v\u00e4xlar 2&#215;10 v\u00e4xlar smidigt i vilken terr\u00e4ng som helst och Axis Elite l\u00e4ttmetallf\u00e4lgar med Road Sport 35 mm-d\u00e4ck ger en effektiv k\u00f6rning p\u00e5 trottoaren med m\u00e5ngsidigheten f\u00f6r att k\u00f6ra h\u00e5rt i smuts.<\/p>\n<p>V\u00e5r Premium E5 aluminiumram ger en styv, l\u00e4tt och h\u00e5llbar plattform. N\u00e4r den paras ihop med v\u00e5r FACT-gaffel i kolfiber blir Diverge Comp E5 en l\u00e4tt, livlig och m\u00e5ngsidig cykel redo att attackera alla underlag.<br \/>\nVi sl\u00e4ngde grusgeometri &#8220;status-quo&#8221; ut genom f\u00f6nstret. Den nya Diverge har den mest progressiva geometrin vi n\u00e5gonsin har skapat f\u00f6r en drop bar-cykel, vilket ger f\u00f6rarna en kapabel och stabil cykel i smutsen, som fortfarande k\u00e4nns lyh\u00f6rd och smidig p\u00e5 v\u00e4gen. Vi har ut\u00f6kat ramens r\u00e4ckvidd, introducerat ett slakare huvudr\u00f6r och en l\u00e4ngre f\u00f6rskjuten gaffel. Allt detta skapar ett otroligt sj\u00e4lvf\u00f6rtroende med en planterad k\u00e4nsla i smutsen, medan de kortare st\u00e4varna h\u00e5ller den totala l\u00e4ngden p\u00e5 sittbrunnen densamma och styrningen livlig. Vi har h\u00e5llit cykelns BB l\u00e5g f\u00f6r att \u00f6ka stabiliteten, men tillr\u00e4ckligt h\u00f6g f\u00f6r att kunna anv\u00e4ndas med 650b-hjul om det \u00e4r ditt stopp.<br \/>\nVi har gett Diverge massor av stativf\u00e4sten, inklusive gaffel- och toppr\u00f6rsf\u00e4sten, f\u00f6r att s\u00e4kerst\u00e4lla att du kan ta det du beh\u00f6ver, oavsett hur l\u00e5ngt du planerar att g\u00e5 eller hur l\u00e4nge du planerar att stanna utanf\u00f6r.<br \/>\nIngenting l\u00e5ser upp en cykels f\u00f6rm\u00e5ga som d\u00e4ckfrig\u00e5ng, s\u00e5 vi gav den nya Diverge en j\u00e4ttelik 47 mm d\u00e4ckfrig\u00e5ng med ett 700c-hjul och 2,1&#8243; med ett 650b-hjul. Tack vare ett drivsidostag som anv\u00e4nder en bearbetad legeringsbalk bakom kedjeringarna har vi skapat fritt spelrum utan att anv\u00e4nda en \u00f6mt\u00e5lig design med tappad kedjestag eller \u00f6kad kedjestagsl\u00e4ngd.<\/p>\n","protected":false},"excerpt":{"rendered":"<p>H\u00e4ftig gravel !<\/p>\n","protected":false},"featured_media":1923,"comment_status":"closed","ping_status":"closed","template":"","meta":{"_kad_blocks_custom_css":"","_kad_blocks_head_custom_js":"","_kad_blocks_body_custom_js":"","_kad_blocks_footer_custom_js":"","_kadence_starter_templates_imported_post":false,"_kad_post_transparent":"default","_kad_post_title":"","_kad_post_layout":"default","_kad_post_sidebar_id":"","_kad_post_content_style":"default","_kad_post_vertical_padding":"default","_kad_post_feature":"","_kad_post_feature_position":"","_kad_post_header":false,"_kad_post_footer":false,"_kad_post_classname":""},"product_brand":[],"product_cat":[178,186,187,182,184,190],"product_tag":[],"class_list":{"0":"post-2762","1":"product","2":"type-product","3":"status-publish","4":"has-post-thumbnail","6":"product_cat-cyklar","7":"product_cat-damcyklar","8":"product_cat-damcyklar-fitness","9":"product_cat-herrcyklar","10":"product_cat-herrcyklar-landsvag","11":"product_cat-specialized-sv","13":"first","14":"instock","15":"purchasable","16":"product-type-simple","17":"entry","18":"content-bg","19":"loop-entry"},"yoast_head":"<!-- This site is optimized with the Yoast SEO plugin v27.4 - https:\/\/yoast.com\/product\/yoast-seo-wordpress\/ -->\n<title>2022 Specialized Diverge E5 Elite | Porvoon Py\u00f6r\u00e4keskus<\/title>\n<meta name=\"robots\" content=\"index, follow, max-snippet:-1, max-image-preview:large, max-video-preview:-1\" \/>\n<link rel=\"canonical\" href=\"https:\/\/porvoonpyorakeskus.fi\/sv\/produkt\/2022-specialized-diverge-e5-elite-2\/\" \/>\n<meta property=\"og:locale\" content=\"sv_SE\" \/>\n<meta property=\"og:type\" content=\"article\" \/>\n<meta property=\"og:title\" content=\"2022 Specialized Diverge E5 Elite | Porvoon Py\u00f6r\u00e4keskus\" \/>\n<meta property=\"og:description\" content=\"H\u00e4ftig gravel !\" \/>\n<meta property=\"og:url\" content=\"https:\/\/porvoonpyorakeskus.fi\/sv\/produkt\/2022-specialized-diverge-e5-elite-2\/\" \/>\n<meta property=\"og:site_name\" content=\"Porvoon Py\u00f6r\u00e4keskus\" \/>\n<meta property=\"article:publisher\" content=\"https:\/\/www.facebook.com\/porvoonpyorakeskus\" \/>\n<meta property=\"article:modified_time\" content=\"2022-03-30T09:00:26+00:00\" \/>\n<meta property=\"og:image\" content=\"https:\/\/porvoonpyorakeskus.fi\/wp-content\/uploads\/2022\/02\/5E7387CC-B0EF-4376-9883-BAF2750DAD4D-1.jpeg\" \/>\n\t<meta property=\"og:image:width\" content=\"920\" \/>\n\t<meta property=\"og:image:height\" content=\"640\" \/>\n\t<meta property=\"og:image:type\" content=\"image\/jpeg\" \/>\n<meta name=\"twitter:card\" content=\"summary_large_image\" \/>\n<meta name=\"twitter:label1\" content=\"Ber\u00e4knad l\u00e4stid\" \/>\n\t<meta name=\"twitter:data1\" content=\"3 minuter\" \/>\n<script type=\"application\/ld+json\" class=\"yoast-schema-graph\">{\"@context\":\"https:\\\/\\\/schema.org\",\"@graph\":[{\"@type\":\"WebPage\",\"@id\":\"https:\\\/\\\/porvoonpyorakeskus.fi\\\/sv\\\/produkt\\\/2022-specialized-diverge-e5-elite-2\\\/\",\"url\":\"https:\\\/\\\/porvoonpyorakeskus.fi\\\/sv\\\/produkt\\\/2022-specialized-diverge-e5-elite-2\\\/\",\"name\":\"2022 Specialized Diverge E5 Elite | Porvoon Py\u00f6r\u00e4keskus\",\"isPartOf\":{\"@id\":\"https:\\\/\\\/porvoonpyorakeskus.fi\\\/sv\\\/#website\"},\"primaryImageOfPage\":{\"@id\":\"https:\\\/\\\/porvoonpyorakeskus.fi\\\/sv\\\/produkt\\\/2022-specialized-diverge-e5-elite-2\\\/#primaryimage\"},\"image\":{\"@id\":\"https:\\\/\\\/porvoonpyorakeskus.fi\\\/sv\\\/produkt\\\/2022-specialized-diverge-e5-elite-2\\\/#primaryimage\"},\"thumbnailUrl\":\"https:\\\/\\\/porvoonpyorakeskus.fi\\\/wp-content\\\/uploads\\\/2022\\\/02\\\/5E7387CC-B0EF-4376-9883-BAF2750DAD4D-1.jpeg\",\"datePublished\":\"2022-02-23T15:07:00+00:00\",\"dateModified\":\"2022-03-30T09:00:26+00:00\",\"breadcrumb\":{\"@id\":\"https:\\\/\\\/porvoonpyorakeskus.fi\\\/sv\\\/produkt\\\/2022-specialized-diverge-e5-elite-2\\\/#breadcrumb\"},\"inLanguage\":\"sv-SE\",\"potentialAction\":[{\"@type\":\"ReadAction\",\"target\":[\"https:\\\/\\\/porvoonpyorakeskus.fi\\\/sv\\\/produkt\\\/2022-specialized-diverge-e5-elite-2\\\/\"]}]},{\"@type\":\"ImageObject\",\"inLanguage\":\"sv-SE\",\"@id\":\"https:\\\/\\\/porvoonpyorakeskus.fi\\\/sv\\\/produkt\\\/2022-specialized-diverge-e5-elite-2\\\/#primaryimage\",\"url\":\"https:\\\/\\\/porvoonpyorakeskus.fi\\\/wp-content\\\/uploads\\\/2022\\\/02\\\/5E7387CC-B0EF-4376-9883-BAF2750DAD4D-1.jpeg\",\"contentUrl\":\"https:\\\/\\\/porvoonpyorakeskus.fi\\\/wp-content\\\/uploads\\\/2022\\\/02\\\/5E7387CC-B0EF-4376-9883-BAF2750DAD4D-1.jpeg\",\"width\":920,\"height\":640,\"caption\":\"Diverge E5 Elite\"},{\"@type\":\"BreadcrumbList\",\"@id\":\"https:\\\/\\\/porvoonpyorakeskus.fi\\\/sv\\\/produkt\\\/2022-specialized-diverge-e5-elite-2\\\/#breadcrumb\",\"itemListElement\":[{\"@type\":\"ListItem\",\"position\":1,\"name\":\"Etusivu\",\"item\":\"https:\\\/\\\/porvoonpyorakeskus.fi\\\/sv\\\/\"},{\"@type\":\"ListItem\",\"position\":2,\"name\":\"Butik\",\"item\":\"https:\\\/\\\/porvoonpyorakeskus.fi\\\/sv\\\/butik\\\/\"},{\"@type\":\"ListItem\",\"position\":3,\"name\":\"2022 Specialized Diverge E5 Elite\"}]},{\"@type\":\"WebSite\",\"@id\":\"https:\\\/\\\/porvoonpyorakeskus.fi\\\/sv\\\/#website\",\"url\":\"https:\\\/\\\/porvoonpyorakeskus.fi\\\/sv\\\/\",\"name\":\"Porvoon py\u00f6r\u00e4keskus\",\"description\":\"Py\u00f6r\u00e4liike ja py\u00f6r\u00e4huolto Porvoon keskustassa. Body Geometry fit ajoasennon mittaus\",\"publisher\":{\"@id\":\"https:\\\/\\\/porvoonpyorakeskus.fi\\\/sv\\\/#organization\"},\"alternateName\":\"Py\u00f6r\u00e4keskus\",\"potentialAction\":[{\"@type\":\"SearchAction\",\"target\":{\"@type\":\"EntryPoint\",\"urlTemplate\":\"https:\\\/\\\/porvoonpyorakeskus.fi\\\/sv\\\/?s={search_term_string}\"},\"query-input\":{\"@type\":\"PropertyValueSpecification\",\"valueRequired\":true,\"valueName\":\"search_term_string\"}}],\"inLanguage\":\"sv-SE\"},{\"@type\":\"Organization\",\"@id\":\"https:\\\/\\\/porvoonpyorakeskus.fi\\\/sv\\\/#organization\",\"name\":\"Porvoon Py\u00f6r\u00e4keskus\",\"alternateName\":\"Py\u00f6r\u00e4keskus\",\"url\":\"https:\\\/\\\/porvoonpyorakeskus.fi\\\/sv\\\/\",\"logo\":{\"@type\":\"ImageObject\",\"inLanguage\":\"sv-SE\",\"@id\":\"https:\\\/\\\/porvoonpyorakeskus.fi\\\/sv\\\/#\\\/schema\\\/logo\\\/image\\\/\",\"url\":\"https:\\\/\\\/porvoonpyorakeskus.fi\\\/wp-content\\\/uploads\\\/2022\\\/03\\\/Porvoon-Pyorakeskus-logo.png\",\"contentUrl\":\"https:\\\/\\\/porvoonpyorakeskus.fi\\\/wp-content\\\/uploads\\\/2022\\\/03\\\/Porvoon-Pyorakeskus-logo.png\",\"width\":257,\"height\":148,\"caption\":\"Porvoon Py\u00f6r\u00e4keskus\"},\"image\":{\"@id\":\"https:\\\/\\\/porvoonpyorakeskus.fi\\\/sv\\\/#\\\/schema\\\/logo\\\/image\\\/\"},\"sameAs\":[\"https:\\\/\\\/www.facebook.com\\\/porvoonpyorakeskus\",\"https:\\\/\\\/www.instagram.com\\\/porvoonpyorakeskus\\\/\"]}]}<\/script>\n<!-- \/ Yoast SEO plugin. -->","yoast_head_json":{"title":"2022 Specialized Diverge E5 Elite | Porvoon Py\u00f6r\u00e4keskus","robots":{"index":"index","follow":"follow","max-snippet":"max-snippet:-1","max-image-preview":"max-image-preview:large","max-video-preview":"max-video-preview:-1"},"canonical":"https:\/\/porvoonpyorakeskus.fi\/sv\/produkt\/2022-specialized-diverge-e5-elite-2\/","og_locale":"sv_SE","og_type":"article","og_title":"2022 Specialized Diverge E5 Elite | Porvoon Py\u00f6r\u00e4keskus","og_description":"H\u00e4ftig gravel !","og_url":"https:\/\/porvoonpyorakeskus.fi\/sv\/produkt\/2022-specialized-diverge-e5-elite-2\/","og_site_name":"Porvoon Py\u00f6r\u00e4keskus","article_publisher":"https:\/\/www.facebook.com\/porvoonpyorakeskus","article_modified_time":"2022-03-30T09:00:26+00:00","og_image":[{"width":920,"height":640,"url":"https:\/\/porvoonpyorakeskus.fi\/wp-content\/uploads\/2022\/02\/5E7387CC-B0EF-4376-9883-BAF2750DAD4D-1.jpeg","type":"image\/jpeg"}],"twitter_card":"summary_large_image","twitter_misc":{"Ber\u00e4knad l\u00e4stid":"3 minuter"},"schema":{"@context":"https:\/\/schema.org","@graph":[{"@type":"WebPage","@id":"https:\/\/porvoonpyorakeskus.fi\/sv\/produkt\/2022-specialized-diverge-e5-elite-2\/","url":"https:\/\/porvoonpyorakeskus.fi\/sv\/produkt\/2022-specialized-diverge-e5-elite-2\/","name":"2022 Specialized Diverge E5 Elite | Porvoon Py\u00f6r\u00e4keskus","isPartOf":{"@id":"https:\/\/porvoonpyorakeskus.fi\/sv\/#website"},"primaryImageOfPage":{"@id":"https:\/\/porvoonpyorakeskus.fi\/sv\/produkt\/2022-specialized-diverge-e5-elite-2\/#primaryimage"},"image":{"@id":"https:\/\/porvoonpyorakeskus.fi\/sv\/produkt\/2022-specialized-diverge-e5-elite-2\/#primaryimage"},"thumbnailUrl":"https:\/\/porvoonpyorakeskus.fi\/wp-content\/uploads\/2022\/02\/5E7387CC-B0EF-4376-9883-BAF2750DAD4D-1.jpeg","datePublished":"2022-02-23T15:07:00+00:00","dateModified":"2022-03-30T09:00:26+00:00","breadcrumb":{"@id":"https:\/\/porvoonpyorakeskus.fi\/sv\/produkt\/2022-specialized-diverge-e5-elite-2\/#breadcrumb"},"inLanguage":"sv-SE","potentialAction":[{"@type":"ReadAction","target":["https:\/\/porvoonpyorakeskus.fi\/sv\/produkt\/2022-specialized-diverge-e5-elite-2\/"]}]},{"@type":"ImageObject","inLanguage":"sv-SE","@id":"https:\/\/porvoonpyorakeskus.fi\/sv\/produkt\/2022-specialized-diverge-e5-elite-2\/#primaryimage","url":"https:\/\/porvoonpyorakeskus.fi\/wp-content\/uploads\/2022\/02\/5E7387CC-B0EF-4376-9883-BAF2750DAD4D-1.jpeg","contentUrl":"https:\/\/porvoonpyorakeskus.fi\/wp-content\/uploads\/2022\/02\/5E7387CC-B0EF-4376-9883-BAF2750DAD4D-1.jpeg","width":920,"height":640,"caption":"Diverge E5 Elite"},{"@type":"BreadcrumbList","@id":"https:\/\/porvoonpyorakeskus.fi\/sv\/produkt\/2022-specialized-diverge-e5-elite-2\/#breadcrumb","itemListElement":[{"@type":"ListItem","position":1,"name":"Etusivu","item":"https:\/\/porvoonpyorakeskus.fi\/sv\/"},{"@type":"ListItem","position":2,"name":"Butik","item":"https:\/\/porvoonpyorakeskus.fi\/sv\/butik\/"},{"@type":"ListItem","position":3,"name":"2022 Specialized Diverge E5 Elite"}]},{"@type":"WebSite","@id":"https:\/\/porvoonpyorakeskus.fi\/sv\/#website","url":"https:\/\/porvoonpyorakeskus.fi\/sv\/","name":"Porvoon py\u00f6r\u00e4keskus","description":"Py\u00f6r\u00e4liike ja py\u00f6r\u00e4huolto Porvoon keskustassa. Body Geometry fit ajoasennon mittaus","publisher":{"@id":"https:\/\/porvoonpyorakeskus.fi\/sv\/#organization"},"alternateName":"Py\u00f6r\u00e4keskus","potentialAction":[{"@type":"SearchAction","target":{"@type":"EntryPoint","urlTemplate":"https:\/\/porvoonpyorakeskus.fi\/sv\/?s={search_term_string}"},"query-input":{"@type":"PropertyValueSpecification","valueRequired":true,"valueName":"search_term_string"}}],"inLanguage":"sv-SE"},{"@type":"Organization","@id":"https:\/\/porvoonpyorakeskus.fi\/sv\/#organization","name":"Porvoon Py\u00f6r\u00e4keskus","alternateName":"Py\u00f6r\u00e4keskus","url":"https:\/\/porvoonpyorakeskus.fi\/sv\/","logo":{"@type":"ImageObject","inLanguage":"sv-SE","@id":"https:\/\/porvoonpyorakeskus.fi\/sv\/#\/schema\/logo\/image\/","url":"https:\/\/porvoonpyorakeskus.fi\/wp-content\/uploads\/2022\/03\/Porvoon-Pyorakeskus-logo.png","contentUrl":"https:\/\/porvoonpyorakeskus.fi\/wp-content\/uploads\/2022\/03\/Porvoon-Pyorakeskus-logo.png","width":257,"height":148,"caption":"Porvoon Py\u00f6r\u00e4keskus"},"image":{"@id":"https:\/\/porvoonpyorakeskus.fi\/sv\/#\/schema\/logo\/image\/"},"sameAs":["https:\/\/www.facebook.com\/porvoonpyorakeskus","https:\/\/www.instagram.com\/porvoonpyorakeskus\/"]}]}},"taxonomy_info":{"product_cat":[{"value":178,"label":"Cyklar"},{"value":186,"label":"Damcyklar"},{"value":187,"label":"Damcyklar fitness"},{"value":182,"label":"Herrcyklar"},{"value":184,"label":"Herrcyklar landsv\u00e4g"},{"value":190,"label":"Specialized cyklar"}]},"featured_image_src_large":["https:\/\/porvoonpyorakeskus.fi\/wp-content\/uploads\/2022\/02\/5E7387CC-B0EF-4376-9883-BAF2750DAD4D-1.jpeg",920,640,false],"author_info":[],"comment_info":0,"_links":{"self":[{"href":"https:\/\/porvoonpyorakeskus.fi\/sv\/wp-json\/wp\/v2\/product\/2762","targetHints":{"allow":["GET"]}}],"collection":[{"href":"https:\/\/porvoonpyorakeskus.fi\/sv\/wp-json\/wp\/v2\/product"}],"about":[{"href":"https:\/\/porvoonpyorakeskus.fi\/sv\/wp-json\/wp\/v2\/types\/product"}],"replies":[{"embeddable":true,"href":"https:\/\/porvoonpyorakeskus.fi\/sv\/wp-json\/wp\/v2\/comments?post=2762"}],"wp:featuredmedia":[{"embeddable":true,"href":"https:\/\/porvoonpyorakeskus.fi\/sv\/wp-json\/wp\/v2\/media\/1923"}],"wp:attachment":[{"href":"https:\/\/porvoonpyorakeskus.fi\/sv\/wp-json\/wp\/v2\/media?parent=2762"}],"wp:term":[{"taxonomy":"product_brand","embeddable":true,"href":"https:\/\/porvoonpyorakeskus.fi\/sv\/wp-json\/wp\/v2\/product_brand?post=2762"},{"taxonomy":"product_cat","embeddable":true,"href":"https:\/\/porvoonpyorakeskus.fi\/sv\/wp-json\/wp\/v2\/product_cat?post=2762"},{"taxonomy":"product_tag","embeddable":true,"href":"https:\/\/porvoonpyorakeskus.fi\/sv\/wp-json\/wp\/v2\/product_tag?post=2762"}],"curies":[{"name":"wp","href":"https:\/\/api.w.org\/{rel}","templated":true}]}}