{"id":2758,"date":"2022-02-09T09:44:00","date_gmt":"2022-02-09T07:44:00","guid":{"rendered":"https:\/\/porvoonpyorakeskus.fi\/index.php\/tuote\/schwalbe-ice-piker-pro-29-x-2-25-57-622-dubbdack-performance-line\/"},"modified":"2022-03-29T18:19:55","modified_gmt":"2022-03-29T15:19:55","slug":"schwalbe-ice-piker-pro-29-x-2-25-57-622-dubbdack-performance-line","status":"publish","type":"product","link":"https:\/\/porvoonpyorakeskus.fi\/sv\/produkt\/schwalbe-ice-piker-pro-29-x-2-25-57-622-dubbdack-performance-line\/","title":{"rendered":"Schwalbe Ice piker pro 29 x 2.25 (57-622) dubbd\u00e4ck performance line"},"content":{"rendered":"<p>Aggressivt vinterd\u00e4ck som ger dig full kontroll p\u00e5 alla typer av underlag<br \/>\nMed aggressivt m\u00f6nstrade Schwalbe Ice Spiker Pro Liteskin p\u00e5 vinterf\u00e4lgarna slipper oroa dig f\u00f6r att tappa greppet. Det h\u00e4r \u00e4r ett h\u00f6gkvalitativt dubbd\u00e4ck som tuffare tag och ger dig p\u00e5litlig kursstabilitet och ser till att du kan dominera p\u00e5 n\u00e4stan alla typer av vinterv\u00e4glag. Det h\u00e4r imponerande MTB-d\u00e4cket trivs precis lika bra p\u00e5 h\u00e5rt packad sn\u00f6 och is som p\u00e5 betydligt mjukare underlag, och du kommer kunna bibeh\u00e5lla full kontroll b\u00e5de i sn\u00e4va kurvor och vid kraftfulla inbromsningar.<\/p>\n<p>Vinteranpassad gummiblandning och m\u00f6nstring som trivs i st\u00f6kig terr\u00e4ng<br \/>\nD\u00e4cket kombinerar en vinteranpassad gummiblandning som klarar kyla utan att bli f\u00f6r h\u00e5rd med en aggressiv m\u00f6nstring som \u00e4r fullt anpassad f\u00f6r att du ska kunna bl\u00e5sa p\u00e5 f\u00f6r fullt i riktigt st\u00f6kig terr\u00e4ng. Addera l\u00e5g vikt samt strategiskt placerade dubbar p\u00e5 en f\u00f6rv\u00e5nansv\u00e4rt l\u00e4ttrullande d\u00e4ckprofil och du kommer n\u00e4stan att l\u00e4ngta efter kyla, is, sn\u00f6 och slask. <\/p>\n<p>Dubbar i en legering som ger dig maximalt grepp p\u00e5 isiga partier<br \/>\nD\u00e4cket \u00e4r f\u00f6rsett med upp till 402 dubbar och de \u00e4r omsorgsfullt f\u00f6rdelade p\u00e5 d\u00e4ckets lika m\u00e5nga grova klackar. De slitstarka dubbarna \u00e4r tillverkade i en riktigt h\u00e5rd metall (Volframkarbid) men t\u00e4cks av ett yttre lager med l\u00e4tt aluminium f\u00f6r att uppn\u00e5 l\u00e5g vikt, en sportig k\u00e4nsla och b\u00e4sta m\u00f6jliga grepp i kylan. Dubbarna greppar isiga underlag som effektivast n\u00e4r du k\u00f6r med lite lite l\u00e4gre lufttryck, och om du vill minska ljudet p\u00e5 de isfria v\u00e4garna s\u00e5 pumpar du bara upp trycket lite mer.<\/p>\n<p>Greppvilligt d\u00e4ck som verkligen imponerar p\u00e5 skiftade vinterv\u00e4glag<br \/>\nEtt l\u00e4tt, stabilt och extremt greppvilligt dubbd\u00e4ck som verkligen imponerar p\u00e5 v\u00e5rt varierande skandinaviska vinterv\u00e4glag (d\u00e4r b\u00e5de p\u00e5 is, h\u00e5rdpackad sn\u00f6 och v\u00e5t slask tillh\u00f6r vardagen) och som h\u00e4mtat ber\u00f6vad DNA fr\u00e5n sina flerfaldigt prisbel\u00f6nta syskon ur Schwalbe\u00b4s serier f\u00f6r dubbd\u00e4ck.<\/p>\n","protected":false},"excerpt":{"rendered":"<p>Aggressivt vinterd\u00e4ck som ger dig full kontroll p\u00e5 alla typer av underlag Med aggressivt m\u00f6nstrade Schwalbe Ice Spiker Pro Liteskin p\u00e5 vinterf\u00e4lgarna slipper oroa dig f\u00f6r att tappa greppet. Det h\u00e4r \u00e4r ett h\u00f6gkvalitativt dubbd\u00e4ck som tuffare tag och ger dig p\u00e5litlig kursstabilitet och ser till att du kan dominera p\u00e5 n\u00e4stan alla typer av&#8230;<\/p>\n","protected":false},"featured_media":1352,"comment_status":"closed","ping_status":"closed","template":"","meta":{"_kad_blocks_custom_css":"","_kad_blocks_head_custom_js":"","_kad_blocks_body_custom_js":"","_kad_blocks_footer_custom_js":"","_kadence_starter_templates_imported_post":false,"_kad_post_transparent":"default","_kad_post_title":"","_kad_post_layout":"default","_kad_post_sidebar_id":"","_kad_post_content_style":"default","_kad_post_vertical_padding":"default","_kad_post_feature":"","_kad_post_feature_position":"","_kad_post_header":false,"_kad_post_footer":false,"_kad_post_classname":""},"product_brand":[],"product_cat":[175,170],"product_tag":[],"class_list":{"0":"post-2758","1":"product","2":"type-product","3":"status-publish","4":"has-post-thumbnail","6":"product_cat-dack","7":"product_cat-utrustning","9":"first","10":"instock","11":"purchasable","12":"product-type-simple","13":"entry","14":"content-bg","15":"loop-entry"},"yoast_head":"<!-- This site is optimized with the Yoast SEO plugin v27.4 - https:\/\/yoast.com\/product\/yoast-seo-wordpress\/ -->\n<title>Schwalbe Ice piker pro 29 x 2.25 (57-622) dubbd\u00e4ck performance line | Porvoon Py\u00f6r\u00e4keskus<\/title>\n<meta name=\"robots\" content=\"index, follow, max-snippet:-1, max-image-preview:large, max-video-preview:-1\" \/>\n<link rel=\"canonical\" href=\"https:\/\/porvoonpyorakeskus.fi\/sv\/produkt\/schwalbe-ice-piker-pro-29-x-2-25-57-622-dubbdack-performance-line\/\" \/>\n<meta property=\"og:locale\" content=\"sv_SE\" \/>\n<meta property=\"og:type\" content=\"article\" \/>\n<meta property=\"og:title\" content=\"Schwalbe Ice piker pro 29 x 2.25 (57-622) dubbd\u00e4ck performance line | Porvoon Py\u00f6r\u00e4keskus\" \/>\n<meta property=\"og:description\" content=\"Aggressivt vinterd\u00e4ck som ger dig full kontroll p\u00e5 alla typer av underlag Med aggressivt m\u00f6nstrade Schwalbe Ice Spiker Pro Liteskin p\u00e5 vinterf\u00e4lgarna slipper oroa dig f\u00f6r att tappa greppet. Det h\u00e4r \u00e4r ett h\u00f6gkvalitativt dubbd\u00e4ck som tuffare tag och ger dig p\u00e5litlig kursstabilitet och ser till att du kan dominera p\u00e5 n\u00e4stan alla typer av...\" \/>\n<meta property=\"og:url\" content=\"https:\/\/porvoonpyorakeskus.fi\/sv\/produkt\/schwalbe-ice-piker-pro-29-x-2-25-57-622-dubbdack-performance-line\/\" \/>\n<meta property=\"og:site_name\" content=\"Porvoon Py\u00f6r\u00e4keskus\" \/>\n<meta property=\"article:publisher\" content=\"https:\/\/www.facebook.com\/porvoonpyorakeskus\" \/>\n<meta property=\"article:modified_time\" content=\"2022-03-29T15:19:55+00:00\" \/>\n<meta property=\"og:image\" content=\"https:\/\/porvoonpyorakeskus.fi\/wp-content\/uploads\/2022\/02\/Schwalbe-Ice-piker-pro-29.jpg\" \/>\n\t<meta property=\"og:image:width\" content=\"800\" \/>\n\t<meta property=\"og:image:height\" content=\"600\" \/>\n\t<meta property=\"og:image:type\" content=\"image\/jpeg\" \/>\n<meta name=\"twitter:card\" content=\"summary_large_image\" \/>\n<meta name=\"twitter:label1\" content=\"Ber\u00e4knad l\u00e4stid\" \/>\n\t<meta name=\"twitter:data1\" content=\"2 minuter\" \/>\n<script type=\"application\/ld+json\" class=\"yoast-schema-graph\">{\"@context\":\"https:\\\/\\\/schema.org\",\"@graph\":[{\"@type\":\"WebPage\",\"@id\":\"https:\\\/\\\/porvoonpyorakeskus.fi\\\/sv\\\/produkt\\\/schwalbe-ice-piker-pro-29-x-2-25-57-622-dubbdack-performance-line\\\/\",\"url\":\"https:\\\/\\\/porvoonpyorakeskus.fi\\\/sv\\\/produkt\\\/schwalbe-ice-piker-pro-29-x-2-25-57-622-dubbdack-performance-line\\\/\",\"name\":\"Schwalbe Ice piker pro 29 x 2.25 (57-622) dubbd\u00e4ck performance line | Porvoon Py\u00f6r\u00e4keskus\",\"isPartOf\":{\"@id\":\"https:\\\/\\\/porvoonpyorakeskus.fi\\\/sv\\\/#website\"},\"primaryImageOfPage\":{\"@id\":\"https:\\\/\\\/porvoonpyorakeskus.fi\\\/sv\\\/produkt\\\/schwalbe-ice-piker-pro-29-x-2-25-57-622-dubbdack-performance-line\\\/#primaryimage\"},\"image\":{\"@id\":\"https:\\\/\\\/porvoonpyorakeskus.fi\\\/sv\\\/produkt\\\/schwalbe-ice-piker-pro-29-x-2-25-57-622-dubbdack-performance-line\\\/#primaryimage\"},\"thumbnailUrl\":\"https:\\\/\\\/porvoonpyorakeskus.fi\\\/wp-content\\\/uploads\\\/2022\\\/02\\\/Schwalbe-Ice-piker-pro-29.jpg\",\"datePublished\":\"2022-02-09T07:44:00+00:00\",\"dateModified\":\"2022-03-29T15:19:55+00:00\",\"breadcrumb\":{\"@id\":\"https:\\\/\\\/porvoonpyorakeskus.fi\\\/sv\\\/produkt\\\/schwalbe-ice-piker-pro-29-x-2-25-57-622-dubbdack-performance-line\\\/#breadcrumb\"},\"inLanguage\":\"sv-SE\",\"potentialAction\":[{\"@type\":\"ReadAction\",\"target\":[\"https:\\\/\\\/porvoonpyorakeskus.fi\\\/sv\\\/produkt\\\/schwalbe-ice-piker-pro-29-x-2-25-57-622-dubbdack-performance-line\\\/\"]}]},{\"@type\":\"ImageObject\",\"inLanguage\":\"sv-SE\",\"@id\":\"https:\\\/\\\/porvoonpyorakeskus.fi\\\/sv\\\/produkt\\\/schwalbe-ice-piker-pro-29-x-2-25-57-622-dubbdack-performance-line\\\/#primaryimage\",\"url\":\"https:\\\/\\\/porvoonpyorakeskus.fi\\\/wp-content\\\/uploads\\\/2022\\\/02\\\/Schwalbe-Ice-piker-pro-29.jpg\",\"contentUrl\":\"https:\\\/\\\/porvoonpyorakeskus.fi\\\/wp-content\\\/uploads\\\/2022\\\/02\\\/Schwalbe-Ice-piker-pro-29.jpg\",\"width\":800,\"height\":600,\"caption\":\"Dubbd\u00e4ck\"},{\"@type\":\"BreadcrumbList\",\"@id\":\"https:\\\/\\\/porvoonpyorakeskus.fi\\\/sv\\\/produkt\\\/schwalbe-ice-piker-pro-29-x-2-25-57-622-dubbdack-performance-line\\\/#breadcrumb\",\"itemListElement\":[{\"@type\":\"ListItem\",\"position\":1,\"name\":\"Etusivu\",\"item\":\"https:\\\/\\\/porvoonpyorakeskus.fi\\\/sv\\\/\"},{\"@type\":\"ListItem\",\"position\":2,\"name\":\"Butik\",\"item\":\"https:\\\/\\\/porvoonpyorakeskus.fi\\\/sv\\\/butik\\\/\"},{\"@type\":\"ListItem\",\"position\":3,\"name\":\"Schwalbe Ice piker pro 29 x 2.25 (57-622) dubbd\u00e4ck performance line\"}]},{\"@type\":\"WebSite\",\"@id\":\"https:\\\/\\\/porvoonpyorakeskus.fi\\\/sv\\\/#website\",\"url\":\"https:\\\/\\\/porvoonpyorakeskus.fi\\\/sv\\\/\",\"name\":\"Porvoon py\u00f6r\u00e4keskus\",\"description\":\"Py\u00f6r\u00e4liike ja py\u00f6r\u00e4huolto Porvoon keskustassa. Body Geometry fit ajoasennon mittaus\",\"publisher\":{\"@id\":\"https:\\\/\\\/porvoonpyorakeskus.fi\\\/sv\\\/#organization\"},\"alternateName\":\"Py\u00f6r\u00e4keskus\",\"potentialAction\":[{\"@type\":\"SearchAction\",\"target\":{\"@type\":\"EntryPoint\",\"urlTemplate\":\"https:\\\/\\\/porvoonpyorakeskus.fi\\\/sv\\\/?s={search_term_string}\"},\"query-input\":{\"@type\":\"PropertyValueSpecification\",\"valueRequired\":true,\"valueName\":\"search_term_string\"}}],\"inLanguage\":\"sv-SE\"},{\"@type\":\"Organization\",\"@id\":\"https:\\\/\\\/porvoonpyorakeskus.fi\\\/sv\\\/#organization\",\"name\":\"Porvoon Py\u00f6r\u00e4keskus\",\"alternateName\":\"Py\u00f6r\u00e4keskus\",\"url\":\"https:\\\/\\\/porvoonpyorakeskus.fi\\\/sv\\\/\",\"logo\":{\"@type\":\"ImageObject\",\"inLanguage\":\"sv-SE\",\"@id\":\"https:\\\/\\\/porvoonpyorakeskus.fi\\\/sv\\\/#\\\/schema\\\/logo\\\/image\\\/\",\"url\":\"https:\\\/\\\/porvoonpyorakeskus.fi\\\/wp-content\\\/uploads\\\/2022\\\/03\\\/Porvoon-Pyorakeskus-logo.png\",\"contentUrl\":\"https:\\\/\\\/porvoonpyorakeskus.fi\\\/wp-content\\\/uploads\\\/2022\\\/03\\\/Porvoon-Pyorakeskus-logo.png\",\"width\":257,\"height\":148,\"caption\":\"Porvoon Py\u00f6r\u00e4keskus\"},\"image\":{\"@id\":\"https:\\\/\\\/porvoonpyorakeskus.fi\\\/sv\\\/#\\\/schema\\\/logo\\\/image\\\/\"},\"sameAs\":[\"https:\\\/\\\/www.facebook.com\\\/porvoonpyorakeskus\",\"https:\\\/\\\/www.instagram.com\\\/porvoonpyorakeskus\\\/\"]}]}<\/script>\n<!-- \/ Yoast SEO plugin. -->","yoast_head_json":{"title":"Schwalbe Ice piker pro 29 x 2.25 (57-622) dubbd\u00e4ck performance line | Porvoon Py\u00f6r\u00e4keskus","robots":{"index":"index","follow":"follow","max-snippet":"max-snippet:-1","max-image-preview":"max-image-preview:large","max-video-preview":"max-video-preview:-1"},"canonical":"https:\/\/porvoonpyorakeskus.fi\/sv\/produkt\/schwalbe-ice-piker-pro-29-x-2-25-57-622-dubbdack-performance-line\/","og_locale":"sv_SE","og_type":"article","og_title":"Schwalbe Ice piker pro 29 x 2.25 (57-622) dubbd\u00e4ck performance line | Porvoon Py\u00f6r\u00e4keskus","og_description":"Aggressivt vinterd\u00e4ck som ger dig full kontroll p\u00e5 alla typer av underlag Med aggressivt m\u00f6nstrade Schwalbe Ice Spiker Pro Liteskin p\u00e5 vinterf\u00e4lgarna slipper oroa dig f\u00f6r att tappa greppet. Det h\u00e4r \u00e4r ett h\u00f6gkvalitativt dubbd\u00e4ck som tuffare tag och ger dig p\u00e5litlig kursstabilitet och ser till att du kan dominera p\u00e5 n\u00e4stan alla typer av...","og_url":"https:\/\/porvoonpyorakeskus.fi\/sv\/produkt\/schwalbe-ice-piker-pro-29-x-2-25-57-622-dubbdack-performance-line\/","og_site_name":"Porvoon Py\u00f6r\u00e4keskus","article_publisher":"https:\/\/www.facebook.com\/porvoonpyorakeskus","article_modified_time":"2022-03-29T15:19:55+00:00","og_image":[{"width":800,"height":600,"url":"https:\/\/porvoonpyorakeskus.fi\/wp-content\/uploads\/2022\/02\/Schwalbe-Ice-piker-pro-29.jpg","type":"image\/jpeg"}],"twitter_card":"summary_large_image","twitter_misc":{"Ber\u00e4knad l\u00e4stid":"2 minuter"},"schema":{"@context":"https:\/\/schema.org","@graph":[{"@type":"WebPage","@id":"https:\/\/porvoonpyorakeskus.fi\/sv\/produkt\/schwalbe-ice-piker-pro-29-x-2-25-57-622-dubbdack-performance-line\/","url":"https:\/\/porvoonpyorakeskus.fi\/sv\/produkt\/schwalbe-ice-piker-pro-29-x-2-25-57-622-dubbdack-performance-line\/","name":"Schwalbe Ice piker pro 29 x 2.25 (57-622) dubbd\u00e4ck performance line | Porvoon Py\u00f6r\u00e4keskus","isPartOf":{"@id":"https:\/\/porvoonpyorakeskus.fi\/sv\/#website"},"primaryImageOfPage":{"@id":"https:\/\/porvoonpyorakeskus.fi\/sv\/produkt\/schwalbe-ice-piker-pro-29-x-2-25-57-622-dubbdack-performance-line\/#primaryimage"},"image":{"@id":"https:\/\/porvoonpyorakeskus.fi\/sv\/produkt\/schwalbe-ice-piker-pro-29-x-2-25-57-622-dubbdack-performance-line\/#primaryimage"},"thumbnailUrl":"https:\/\/porvoonpyorakeskus.fi\/wp-content\/uploads\/2022\/02\/Schwalbe-Ice-piker-pro-29.jpg","datePublished":"2022-02-09T07:44:00+00:00","dateModified":"2022-03-29T15:19:55+00:00","breadcrumb":{"@id":"https:\/\/porvoonpyorakeskus.fi\/sv\/produkt\/schwalbe-ice-piker-pro-29-x-2-25-57-622-dubbdack-performance-line\/#breadcrumb"},"inLanguage":"sv-SE","potentialAction":[{"@type":"ReadAction","target":["https:\/\/porvoonpyorakeskus.fi\/sv\/produkt\/schwalbe-ice-piker-pro-29-x-2-25-57-622-dubbdack-performance-line\/"]}]},{"@type":"ImageObject","inLanguage":"sv-SE","@id":"https:\/\/porvoonpyorakeskus.fi\/sv\/produkt\/schwalbe-ice-piker-pro-29-x-2-25-57-622-dubbdack-performance-line\/#primaryimage","url":"https:\/\/porvoonpyorakeskus.fi\/wp-content\/uploads\/2022\/02\/Schwalbe-Ice-piker-pro-29.jpg","contentUrl":"https:\/\/porvoonpyorakeskus.fi\/wp-content\/uploads\/2022\/02\/Schwalbe-Ice-piker-pro-29.jpg","width":800,"height":600,"caption":"Dubbd\u00e4ck"},{"@type":"BreadcrumbList","@id":"https:\/\/porvoonpyorakeskus.fi\/sv\/produkt\/schwalbe-ice-piker-pro-29-x-2-25-57-622-dubbdack-performance-line\/#breadcrumb","itemListElement":[{"@type":"ListItem","position":1,"name":"Etusivu","item":"https:\/\/porvoonpyorakeskus.fi\/sv\/"},{"@type":"ListItem","position":2,"name":"Butik","item":"https:\/\/porvoonpyorakeskus.fi\/sv\/butik\/"},{"@type":"ListItem","position":3,"name":"Schwalbe Ice piker pro 29 x 2.25 (57-622) dubbd\u00e4ck performance line"}]},{"@type":"WebSite","@id":"https:\/\/porvoonpyorakeskus.fi\/sv\/#website","url":"https:\/\/porvoonpyorakeskus.fi\/sv\/","name":"Porvoon py\u00f6r\u00e4keskus","description":"Py\u00f6r\u00e4liike ja py\u00f6r\u00e4huolto Porvoon keskustassa. Body Geometry fit ajoasennon mittaus","publisher":{"@id":"https:\/\/porvoonpyorakeskus.fi\/sv\/#organization"},"alternateName":"Py\u00f6r\u00e4keskus","potentialAction":[{"@type":"SearchAction","target":{"@type":"EntryPoint","urlTemplate":"https:\/\/porvoonpyorakeskus.fi\/sv\/?s={search_term_string}"},"query-input":{"@type":"PropertyValueSpecification","valueRequired":true,"valueName":"search_term_string"}}],"inLanguage":"sv-SE"},{"@type":"Organization","@id":"https:\/\/porvoonpyorakeskus.fi\/sv\/#organization","name":"Porvoon Py\u00f6r\u00e4keskus","alternateName":"Py\u00f6r\u00e4keskus","url":"https:\/\/porvoonpyorakeskus.fi\/sv\/","logo":{"@type":"ImageObject","inLanguage":"sv-SE","@id":"https:\/\/porvoonpyorakeskus.fi\/sv\/#\/schema\/logo\/image\/","url":"https:\/\/porvoonpyorakeskus.fi\/wp-content\/uploads\/2022\/03\/Porvoon-Pyorakeskus-logo.png","contentUrl":"https:\/\/porvoonpyorakeskus.fi\/wp-content\/uploads\/2022\/03\/Porvoon-Pyorakeskus-logo.png","width":257,"height":148,"caption":"Porvoon Py\u00f6r\u00e4keskus"},"image":{"@id":"https:\/\/porvoonpyorakeskus.fi\/sv\/#\/schema\/logo\/image\/"},"sameAs":["https:\/\/www.facebook.com\/porvoonpyorakeskus","https:\/\/www.instagram.com\/porvoonpyorakeskus\/"]}]}},"taxonomy_info":{"product_cat":[{"value":175,"label":"D\u00e4ck"},{"value":170,"label":"Utrustning"}]},"featured_image_src_large":["https:\/\/porvoonpyorakeskus.fi\/wp-content\/uploads\/2022\/02\/Schwalbe-Ice-piker-pro-29.jpg",800,600,false],"author_info":[],"comment_info":0,"_links":{"self":[{"href":"https:\/\/porvoonpyorakeskus.fi\/sv\/wp-json\/wp\/v2\/product\/2758","targetHints":{"allow":["GET"]}}],"collection":[{"href":"https:\/\/porvoonpyorakeskus.fi\/sv\/wp-json\/wp\/v2\/product"}],"about":[{"href":"https:\/\/porvoonpyorakeskus.fi\/sv\/wp-json\/wp\/v2\/types\/product"}],"replies":[{"embeddable":true,"href":"https:\/\/porvoonpyorakeskus.fi\/sv\/wp-json\/wp\/v2\/comments?post=2758"}],"wp:featuredmedia":[{"embeddable":true,"href":"https:\/\/porvoonpyorakeskus.fi\/sv\/wp-json\/wp\/v2\/media\/1352"}],"wp:attachment":[{"href":"https:\/\/porvoonpyorakeskus.fi\/sv\/wp-json\/wp\/v2\/media?parent=2758"}],"wp:term":[{"taxonomy":"product_brand","embeddable":true,"href":"https:\/\/porvoonpyorakeskus.fi\/sv\/wp-json\/wp\/v2\/product_brand?post=2758"},{"taxonomy":"product_cat","embeddable":true,"href":"https:\/\/porvoonpyorakeskus.fi\/sv\/wp-json\/wp\/v2\/product_cat?post=2758"},{"taxonomy":"product_tag","embeddable":true,"href":"https:\/\/porvoonpyorakeskus.fi\/sv\/wp-json\/wp\/v2\/product_tag?post=2758"}],"curies":[{"name":"wp","href":"https:\/\/api.w.org\/{rel}","templated":true}]}}