{"id":2757,"date":"2022-01-31T12:14:00","date_gmt":"2022-01-31T10:14:00","guid":{"rendered":"https:\/\/porvoonpyorakeskus.fi\/index.php\/tuote\/specialized-turbo-tero-4-0-st-eq-storlek-m\/"},"modified":"2022-03-29T18:27:20","modified_gmt":"2022-03-29T15:27:20","slug":"specialized-turbo-tero-4-0-st-eq-storlek-m","status":"publish","type":"product","link":"https:\/\/porvoonpyorakeskus.fi\/sv\/produkt\/specialized-turbo-tero-4-0-st-eq-storlek-m\/","title":{"rendered":"Specialized Turbo Tero 4.0  ST eq storlek M"},"content":{"rendered":"<p>The new Turbo Tero is an electric mountain bike equipped for everyday rides. A mountain bike that you can commute on. A commuter you can take touring. A touring bike that you can haul freight with. Whatever you need it to be, for wherever you want to go. A true do-it-all superhero, Tero combines adaptable utility with World Champion mountain bike DNA and category-leading electric pedal assist.<\/p>\n<p>Tero\u0092s strengths are the fusion of power, confidence, and versatility. Developed in concert together, these attributes result in a strong, efficient, adaptable bike that is a joy to ride everywhere, from city streets to backcountry trails.<\/p>\n<p>Turbo Full Power 2.0 Motor and 710 Wh Battery- Integrated into the aluminum frame of the Tero 4.0, they effectively quadruple your own power, cranking out ample wattage to make short work of the steepest climbs and providing enough \u00e5extra muscle to let you carry a mountain of adventure gear, groceries, kids and daydreams without breaking a sweat. It\u0092s you, only faster. But what really sets this motor apart from the rest is how efficiently and seamlessly it melds with your own efforts.<br \/>\nMission Control and MasterMind- Mission Control allows you to tailor Tero\u0092s power output levels to your desired preference\u0097all three standard power modes can be almost infinitely adjusted to suit your power and range needs. MasterMind\u0092s MicroTune function can adjust power output levels in 10% increments so that you can tune the range to suit your needs.<br \/>\nMountain Bike DNA- Tero\u0092s componentry is tailored to enhance control and confidence. Aggressive but smooth rolling 29\u0094 wheels with 2.3\u0094 Ground Control tires offer ample traction in every situation, SRAM disc brakes deliver substantial braking bite, 110 mm of front suspension travel smooths the trail, and a dropper seatpost is there for when you need to really get down in technical off-road situations.<br \/>\nTurbo System Lock &#8211; Use the Mission Control app to disable your bike\u0092s motor and activate the motion sensor alarm. Once locked, the motor cannot be enabled again except by the owner.<br \/>\nEquipped with DRYTECH Fenders, LED front and rear lights, and 27kg capacity rear HD Rack. The rear rack is compatible with child bike seats, and the bike is rated to pull a thru-axle trailer.<\/p>\n","protected":false},"excerpt":{"rendered":"<p>Specialized Turbo Tero \u00e4r en elcykel och nyhet f\u00f6r i \u00e5r.<br \/>\nUtrustad med st\u00e4nksk\u00e4rmar, paketh\u00e5llare och lampa bak och fram.<\/p>\n","protected":false},"featured_media":1348,"comment_status":"closed","ping_status":"closed","template":"","meta":{"_kad_blocks_custom_css":"","_kad_blocks_head_custom_js":"","_kad_blocks_body_custom_js":"","_kad_blocks_footer_custom_js":"","_kadence_starter_templates_imported_post":false,"_kad_post_transparent":"default","_kad_post_title":"","_kad_post_layout":"default","_kad_post_sidebar_id":"","_kad_post_content_style":"default","_kad_post_vertical_padding":"default","_kad_post_feature":"","_kad_post_feature_position":"","_kad_post_header":false,"_kad_post_footer":false,"_kad_post_classname":""},"product_brand":[],"product_cat":[178,186,192,182,190],"product_tag":[108,109,110,111],"class_list":{"0":"post-2757","1":"product","2":"type-product","3":"status-publish","4":"has-post-thumbnail","6":"product_cat-cyklar","7":"product_cat-damcyklar","8":"product_cat-elassisterade","9":"product_cat-herrcyklar","10":"product_cat-specialized-sv","11":"product_tag-elcykel","12":"product_tag-nyhet","13":"product_tag-tero","14":"product_tag-turbo-tero","16":"first","17":"instock","18":"purchasable","19":"product-type-simple","20":"entry","21":"content-bg","22":"loop-entry"},"yoast_head":"<!-- This site is optimized with the Yoast SEO plugin v27.4 - https:\/\/yoast.com\/product\/yoast-seo-wordpress\/ -->\n<title>Specialized Turbo Tero 4.0 ST eq storlek M | Porvoon Py\u00f6r\u00e4keskus<\/title>\n<meta name=\"robots\" content=\"index, follow, max-snippet:-1, max-image-preview:large, max-video-preview:-1\" \/>\n<link rel=\"canonical\" href=\"https:\/\/porvoonpyorakeskus.fi\/sv\/produkt\/specialized-turbo-tero-4-0-st-eq-storlek-m\/\" \/>\n<meta property=\"og:locale\" content=\"sv_SE\" \/>\n<meta property=\"og:type\" content=\"article\" \/>\n<meta property=\"og:title\" content=\"Specialized Turbo Tero 4.0 ST eq storlek M | Porvoon Py\u00f6r\u00e4keskus\" \/>\n<meta property=\"og:description\" content=\"Specialized Turbo Tero \u00e4r en elcykel och nyhet f\u00f6r i \u00e5r.  Utrustad med st\u00e4nksk\u00e4rmar, paketh\u00e5llare och lampa bak och fram.\" \/>\n<meta property=\"og:url\" content=\"https:\/\/porvoonpyorakeskus.fi\/sv\/produkt\/specialized-turbo-tero-4-0-st-eq-storlek-m\/\" \/>\n<meta property=\"og:site_name\" content=\"Porvoon Py\u00f6r\u00e4keskus\" \/>\n<meta property=\"article:publisher\" content=\"https:\/\/www.facebook.com\/porvoonpyorakeskus\" \/>\n<meta property=\"article:modified_time\" content=\"2022-03-29T15:27:20+00:00\" \/>\n<meta property=\"og:image\" content=\"https:\/\/porvoonpyorakeskus.fi\/wp-content\/uploads\/2022\/02\/5015A8B6-D7F4-417D-902C-2399665A49C5.jpeg\" \/>\n\t<meta property=\"og:image:width\" content=\"920\" \/>\n\t<meta property=\"og:image:height\" content=\"640\" \/>\n\t<meta property=\"og:image:type\" content=\"image\/jpeg\" \/>\n<meta name=\"twitter:card\" content=\"summary_large_image\" \/>\n<meta name=\"twitter:label1\" content=\"Ber\u00e4knad l\u00e4stid\" \/>\n\t<meta name=\"twitter:data1\" content=\"2 minuter\" \/>\n<script type=\"application\/ld+json\" class=\"yoast-schema-graph\">{\"@context\":\"https:\\\/\\\/schema.org\",\"@graph\":[{\"@type\":\"WebPage\",\"@id\":\"https:\\\/\\\/porvoonpyorakeskus.fi\\\/sv\\\/produkt\\\/specialized-turbo-tero-4-0-st-eq-storlek-m\\\/\",\"url\":\"https:\\\/\\\/porvoonpyorakeskus.fi\\\/sv\\\/produkt\\\/specialized-turbo-tero-4-0-st-eq-storlek-m\\\/\",\"name\":\"Specialized Turbo Tero 4.0 ST eq storlek M | Porvoon Py\u00f6r\u00e4keskus\",\"isPartOf\":{\"@id\":\"https:\\\/\\\/porvoonpyorakeskus.fi\\\/sv\\\/#website\"},\"primaryImageOfPage\":{\"@id\":\"https:\\\/\\\/porvoonpyorakeskus.fi\\\/sv\\\/produkt\\\/specialized-turbo-tero-4-0-st-eq-storlek-m\\\/#primaryimage\"},\"image\":{\"@id\":\"https:\\\/\\\/porvoonpyorakeskus.fi\\\/sv\\\/produkt\\\/specialized-turbo-tero-4-0-st-eq-storlek-m\\\/#primaryimage\"},\"thumbnailUrl\":\"https:\\\/\\\/porvoonpyorakeskus.fi\\\/wp-content\\\/uploads\\\/2022\\\/02\\\/5015A8B6-D7F4-417D-902C-2399665A49C5.jpeg\",\"datePublished\":\"2022-01-31T10:14:00+00:00\",\"dateModified\":\"2022-03-29T15:27:20+00:00\",\"breadcrumb\":{\"@id\":\"https:\\\/\\\/porvoonpyorakeskus.fi\\\/sv\\\/produkt\\\/specialized-turbo-tero-4-0-st-eq-storlek-m\\\/#breadcrumb\"},\"inLanguage\":\"sv-SE\",\"potentialAction\":[{\"@type\":\"ReadAction\",\"target\":[\"https:\\\/\\\/porvoonpyorakeskus.fi\\\/sv\\\/produkt\\\/specialized-turbo-tero-4-0-st-eq-storlek-m\\\/\"]}]},{\"@type\":\"ImageObject\",\"inLanguage\":\"sv-SE\",\"@id\":\"https:\\\/\\\/porvoonpyorakeskus.fi\\\/sv\\\/produkt\\\/specialized-turbo-tero-4-0-st-eq-storlek-m\\\/#primaryimage\",\"url\":\"https:\\\/\\\/porvoonpyorakeskus.fi\\\/wp-content\\\/uploads\\\/2022\\\/02\\\/5015A8B6-D7F4-417D-902C-2399665A49C5.jpeg\",\"contentUrl\":\"https:\\\/\\\/porvoonpyorakeskus.fi\\\/wp-content\\\/uploads\\\/2022\\\/02\\\/5015A8B6-D7F4-417D-902C-2399665A49C5.jpeg\",\"width\":920,\"height\":640},{\"@type\":\"BreadcrumbList\",\"@id\":\"https:\\\/\\\/porvoonpyorakeskus.fi\\\/sv\\\/produkt\\\/specialized-turbo-tero-4-0-st-eq-storlek-m\\\/#breadcrumb\",\"itemListElement\":[{\"@type\":\"ListItem\",\"position\":1,\"name\":\"Etusivu\",\"item\":\"https:\\\/\\\/porvoonpyorakeskus.fi\\\/sv\\\/\"},{\"@type\":\"ListItem\",\"position\":2,\"name\":\"Butik\",\"item\":\"https:\\\/\\\/porvoonpyorakeskus.fi\\\/sv\\\/butik\\\/\"},{\"@type\":\"ListItem\",\"position\":3,\"name\":\"Specialized Turbo Tero 4.0 ST eq storlek M\"}]},{\"@type\":\"WebSite\",\"@id\":\"https:\\\/\\\/porvoonpyorakeskus.fi\\\/sv\\\/#website\",\"url\":\"https:\\\/\\\/porvoonpyorakeskus.fi\\\/sv\\\/\",\"name\":\"Porvoon py\u00f6r\u00e4keskus\",\"description\":\"Py\u00f6r\u00e4liike ja py\u00f6r\u00e4huolto Porvoon keskustassa. Body Geometry fit ajoasennon mittaus\",\"publisher\":{\"@id\":\"https:\\\/\\\/porvoonpyorakeskus.fi\\\/sv\\\/#organization\"},\"alternateName\":\"Py\u00f6r\u00e4keskus\",\"potentialAction\":[{\"@type\":\"SearchAction\",\"target\":{\"@type\":\"EntryPoint\",\"urlTemplate\":\"https:\\\/\\\/porvoonpyorakeskus.fi\\\/sv\\\/?s={search_term_string}\"},\"query-input\":{\"@type\":\"PropertyValueSpecification\",\"valueRequired\":true,\"valueName\":\"search_term_string\"}}],\"inLanguage\":\"sv-SE\"},{\"@type\":\"Organization\",\"@id\":\"https:\\\/\\\/porvoonpyorakeskus.fi\\\/sv\\\/#organization\",\"name\":\"Porvoon Py\u00f6r\u00e4keskus\",\"alternateName\":\"Py\u00f6r\u00e4keskus\",\"url\":\"https:\\\/\\\/porvoonpyorakeskus.fi\\\/sv\\\/\",\"logo\":{\"@type\":\"ImageObject\",\"inLanguage\":\"sv-SE\",\"@id\":\"https:\\\/\\\/porvoonpyorakeskus.fi\\\/sv\\\/#\\\/schema\\\/logo\\\/image\\\/\",\"url\":\"https:\\\/\\\/porvoonpyorakeskus.fi\\\/wp-content\\\/uploads\\\/2022\\\/03\\\/Porvoon-Pyorakeskus-logo.png\",\"contentUrl\":\"https:\\\/\\\/porvoonpyorakeskus.fi\\\/wp-content\\\/uploads\\\/2022\\\/03\\\/Porvoon-Pyorakeskus-logo.png\",\"width\":257,\"height\":148,\"caption\":\"Porvoon Py\u00f6r\u00e4keskus\"},\"image\":{\"@id\":\"https:\\\/\\\/porvoonpyorakeskus.fi\\\/sv\\\/#\\\/schema\\\/logo\\\/image\\\/\"},\"sameAs\":[\"https:\\\/\\\/www.facebook.com\\\/porvoonpyorakeskus\",\"https:\\\/\\\/www.instagram.com\\\/porvoonpyorakeskus\\\/\"]}]}<\/script>\n<!-- \/ Yoast SEO plugin. -->","yoast_head_json":{"title":"Specialized Turbo Tero 4.0 ST eq storlek M | Porvoon Py\u00f6r\u00e4keskus","robots":{"index":"index","follow":"follow","max-snippet":"max-snippet:-1","max-image-preview":"max-image-preview:large","max-video-preview":"max-video-preview:-1"},"canonical":"https:\/\/porvoonpyorakeskus.fi\/sv\/produkt\/specialized-turbo-tero-4-0-st-eq-storlek-m\/","og_locale":"sv_SE","og_type":"article","og_title":"Specialized Turbo Tero 4.0 ST eq storlek M | Porvoon Py\u00f6r\u00e4keskus","og_description":"Specialized Turbo Tero \u00e4r en elcykel och nyhet f\u00f6r i \u00e5r.  Utrustad med st\u00e4nksk\u00e4rmar, paketh\u00e5llare och lampa bak och fram.","og_url":"https:\/\/porvoonpyorakeskus.fi\/sv\/produkt\/specialized-turbo-tero-4-0-st-eq-storlek-m\/","og_site_name":"Porvoon Py\u00f6r\u00e4keskus","article_publisher":"https:\/\/www.facebook.com\/porvoonpyorakeskus","article_modified_time":"2022-03-29T15:27:20+00:00","og_image":[{"width":920,"height":640,"url":"https:\/\/porvoonpyorakeskus.fi\/wp-content\/uploads\/2022\/02\/5015A8B6-D7F4-417D-902C-2399665A49C5.jpeg","type":"image\/jpeg"}],"twitter_card":"summary_large_image","twitter_misc":{"Ber\u00e4knad l\u00e4stid":"2 minuter"},"schema":{"@context":"https:\/\/schema.org","@graph":[{"@type":"WebPage","@id":"https:\/\/porvoonpyorakeskus.fi\/sv\/produkt\/specialized-turbo-tero-4-0-st-eq-storlek-m\/","url":"https:\/\/porvoonpyorakeskus.fi\/sv\/produkt\/specialized-turbo-tero-4-0-st-eq-storlek-m\/","name":"Specialized Turbo Tero 4.0 ST eq storlek M | Porvoon Py\u00f6r\u00e4keskus","isPartOf":{"@id":"https:\/\/porvoonpyorakeskus.fi\/sv\/#website"},"primaryImageOfPage":{"@id":"https:\/\/porvoonpyorakeskus.fi\/sv\/produkt\/specialized-turbo-tero-4-0-st-eq-storlek-m\/#primaryimage"},"image":{"@id":"https:\/\/porvoonpyorakeskus.fi\/sv\/produkt\/specialized-turbo-tero-4-0-st-eq-storlek-m\/#primaryimage"},"thumbnailUrl":"https:\/\/porvoonpyorakeskus.fi\/wp-content\/uploads\/2022\/02\/5015A8B6-D7F4-417D-902C-2399665A49C5.jpeg","datePublished":"2022-01-31T10:14:00+00:00","dateModified":"2022-03-29T15:27:20+00:00","breadcrumb":{"@id":"https:\/\/porvoonpyorakeskus.fi\/sv\/produkt\/specialized-turbo-tero-4-0-st-eq-storlek-m\/#breadcrumb"},"inLanguage":"sv-SE","potentialAction":[{"@type":"ReadAction","target":["https:\/\/porvoonpyorakeskus.fi\/sv\/produkt\/specialized-turbo-tero-4-0-st-eq-storlek-m\/"]}]},{"@type":"ImageObject","inLanguage":"sv-SE","@id":"https:\/\/porvoonpyorakeskus.fi\/sv\/produkt\/specialized-turbo-tero-4-0-st-eq-storlek-m\/#primaryimage","url":"https:\/\/porvoonpyorakeskus.fi\/wp-content\/uploads\/2022\/02\/5015A8B6-D7F4-417D-902C-2399665A49C5.jpeg","contentUrl":"https:\/\/porvoonpyorakeskus.fi\/wp-content\/uploads\/2022\/02\/5015A8B6-D7F4-417D-902C-2399665A49C5.jpeg","width":920,"height":640},{"@type":"BreadcrumbList","@id":"https:\/\/porvoonpyorakeskus.fi\/sv\/produkt\/specialized-turbo-tero-4-0-st-eq-storlek-m\/#breadcrumb","itemListElement":[{"@type":"ListItem","position":1,"name":"Etusivu","item":"https:\/\/porvoonpyorakeskus.fi\/sv\/"},{"@type":"ListItem","position":2,"name":"Butik","item":"https:\/\/porvoonpyorakeskus.fi\/sv\/butik\/"},{"@type":"ListItem","position":3,"name":"Specialized Turbo Tero 4.0 ST eq storlek M"}]},{"@type":"WebSite","@id":"https:\/\/porvoonpyorakeskus.fi\/sv\/#website","url":"https:\/\/porvoonpyorakeskus.fi\/sv\/","name":"Porvoon py\u00f6r\u00e4keskus","description":"Py\u00f6r\u00e4liike ja py\u00f6r\u00e4huolto Porvoon keskustassa. Body Geometry fit ajoasennon mittaus","publisher":{"@id":"https:\/\/porvoonpyorakeskus.fi\/sv\/#organization"},"alternateName":"Py\u00f6r\u00e4keskus","potentialAction":[{"@type":"SearchAction","target":{"@type":"EntryPoint","urlTemplate":"https:\/\/porvoonpyorakeskus.fi\/sv\/?s={search_term_string}"},"query-input":{"@type":"PropertyValueSpecification","valueRequired":true,"valueName":"search_term_string"}}],"inLanguage":"sv-SE"},{"@type":"Organization","@id":"https:\/\/porvoonpyorakeskus.fi\/sv\/#organization","name":"Porvoon Py\u00f6r\u00e4keskus","alternateName":"Py\u00f6r\u00e4keskus","url":"https:\/\/porvoonpyorakeskus.fi\/sv\/","logo":{"@type":"ImageObject","inLanguage":"sv-SE","@id":"https:\/\/porvoonpyorakeskus.fi\/sv\/#\/schema\/logo\/image\/","url":"https:\/\/porvoonpyorakeskus.fi\/wp-content\/uploads\/2022\/03\/Porvoon-Pyorakeskus-logo.png","contentUrl":"https:\/\/porvoonpyorakeskus.fi\/wp-content\/uploads\/2022\/03\/Porvoon-Pyorakeskus-logo.png","width":257,"height":148,"caption":"Porvoon Py\u00f6r\u00e4keskus"},"image":{"@id":"https:\/\/porvoonpyorakeskus.fi\/sv\/#\/schema\/logo\/image\/"},"sameAs":["https:\/\/www.facebook.com\/porvoonpyorakeskus","https:\/\/www.instagram.com\/porvoonpyorakeskus\/"]}]}},"taxonomy_info":{"product_cat":[{"value":178,"label":"Cyklar"},{"value":186,"label":"Damcyklar"},{"value":192,"label":"Elassisterade 2022"},{"value":182,"label":"Herrcyklar"},{"value":190,"label":"Specialized cyklar"}],"product_tag":[{"value":108,"label":"elcykel"},{"value":109,"label":"nyhet"},{"value":110,"label":"tero"},{"value":111,"label":"Turbo tero"}]},"featured_image_src_large":["https:\/\/porvoonpyorakeskus.fi\/wp-content\/uploads\/2022\/02\/5015A8B6-D7F4-417D-902C-2399665A49C5.jpeg",920,640,false],"author_info":[],"comment_info":0,"_links":{"self":[{"href":"https:\/\/porvoonpyorakeskus.fi\/sv\/wp-json\/wp\/v2\/product\/2757","targetHints":{"allow":["GET"]}}],"collection":[{"href":"https:\/\/porvoonpyorakeskus.fi\/sv\/wp-json\/wp\/v2\/product"}],"about":[{"href":"https:\/\/porvoonpyorakeskus.fi\/sv\/wp-json\/wp\/v2\/types\/product"}],"replies":[{"embeddable":true,"href":"https:\/\/porvoonpyorakeskus.fi\/sv\/wp-json\/wp\/v2\/comments?post=2757"}],"wp:featuredmedia":[{"embeddable":true,"href":"https:\/\/porvoonpyorakeskus.fi\/sv\/wp-json\/wp\/v2\/media\/1348"}],"wp:attachment":[{"href":"https:\/\/porvoonpyorakeskus.fi\/sv\/wp-json\/wp\/v2\/media?parent=2757"}],"wp:term":[{"taxonomy":"product_brand","embeddable":true,"href":"https:\/\/porvoonpyorakeskus.fi\/sv\/wp-json\/wp\/v2\/product_brand?post=2757"},{"taxonomy":"product_cat","embeddable":true,"href":"https:\/\/porvoonpyorakeskus.fi\/sv\/wp-json\/wp\/v2\/product_cat?post=2757"},{"taxonomy":"product_tag","embeddable":true,"href":"https:\/\/porvoonpyorakeskus.fi\/sv\/wp-json\/wp\/v2\/product_tag?post=2757"}],"curies":[{"name":"wp","href":"https:\/\/api.w.org\/{rel}","templated":true}]}}