{"id":2750,"date":"2023-09-30T13:33:00","date_gmt":"2023-09-30T10:33:00","guid":{"rendered":"https:\/\/porvoonpyorakeskus.fi\/index.php\/tuote\/specialized-rockhopper-expert-l-xl\/"},"modified":"2022-03-29T18:40:07","modified_gmt":"2022-03-29T15:40:07","slug":"specialized-rockhopper-expert-l-xl","status":"publish","type":"product","link":"https:\/\/porvoonpyorakeskus.fi\/sv\/produkt\/specialized-rockhopper-expert-l-xl\/","title":{"rendered":"Specialized Rockhopper Expert L, XL"},"content":{"rendered":"","protected":false},"excerpt":{"rendered":"<p>Frame Specialized A1 premium butted alloy, zero-stack head tube, internal cable routing, 135x9mm forged dropouts, chainstay-mounted disc brake, replaceable alloy derailleur hanger, stealth rack mounts, dropper post compatible<br \/>\nFork RockShox Judy, Solo Air, Turnkey damper, 46mm offset, QR, 80\/90\/100mm travel (size-specific), alloy steerer<br \/>\nStem 3D-forged alloy, 31.8mm, 7-degree rise<br \/>\nHandlebars Stout Mini Rise, alloy, 9-degree backsweep, 15mm rise, 31.8mm<br \/>\nSaddle Bridge Sport, Steel rails, 155\/143mm<br \/>\nGrips Specialized MTB Grip, lock-on<br \/>\nFront Brake SRAM Level, hydraulic disc, 180\/160mm<br \/>\nRear Brake SRAM Level, hydraulic disc, 160mm<br \/>\nRear Derailleur SRAM SX Eagle, 12-speed<br \/>\nShift Levers SRAM SX Eagle, trigger, 12-speed<br \/>\nCassette SRAM PG-1210 Eagle, 11-50t<br \/>\nChain SRAM SX Eagle, 12-speed<br \/>\nCrankset SRAM SX Eagle, Powerspline<br \/>\nBottom Bracket SRAM Powerspline<br \/>\nPedals SBC-54 Flat pedal<br \/>\nRims Specialized Alloy, hookless, Tubeless ready, 25mm inner width<br \/>\nFront Hub Formula DC-20, 6-Bolt, disc, 100x9mm spacing, quick-release<br \/>\nRear Hub Formula DC-22, 6-Bolt freehub, disc, 135x9mm spacing, quick-release<br \/>\nFront Tire Specialized Fast Trak, Control Casing, T5 Compound, 29&#215;2.35<br \/>\nRear Tire Specialized Fast Trak, Control Casing, T5 Compound, 29&#215;2.35<br \/>\nSpokes Stainless, 14g<br \/>\nInner Tubes Presta, 40mm valve<br \/>\nSeatPost Alloy, 2-bolt clamp, 30.9mm<br \/>\nSeat Binder Alloy, quick release, 34.9<\/p>\n","protected":false},"featured_media":1297,"comment_status":"closed","ping_status":"closed","template":"","meta":{"_kad_blocks_custom_css":"","_kad_blocks_head_custom_js":"","_kad_blocks_body_custom_js":"","_kad_blocks_footer_custom_js":"","_kadence_starter_templates_imported_post":false,"_kad_post_transparent":"default","_kad_post_title":"","_kad_post_layout":"default","_kad_post_sidebar_id":"","_kad_post_content_style":"default","_kad_post_vertical_padding":"default","_kad_post_feature":"","_kad_post_feature_position":"","_kad_post_header":false,"_kad_post_footer":false,"_kad_post_classname":""},"product_brand":[],"product_cat":[178,186,189,182,185,190],"product_tag":[],"class_list":{"0":"post-2750","1":"product","2":"type-product","3":"status-publish","4":"has-post-thumbnail","6":"product_cat-cyklar","7":"product_cat-damcyklar","8":"product_cat-damcyklar-terrang","9":"product_cat-herrcyklar","10":"product_cat-herrcyklar-terrang","11":"product_cat-specialized-sv","13":"first","14":"instock","15":"purchasable","16":"product-type-simple","17":"entry","18":"content-bg","19":"loop-entry"},"yoast_head":"<!-- This site is optimized with the Yoast SEO plugin v27.4 - https:\/\/yoast.com\/product\/yoast-seo-wordpress\/ -->\n<title>Specialized Rockhopper Expert L, XL | Porvoon Py\u00f6r\u00e4keskus<\/title>\n<meta name=\"robots\" content=\"index, follow, max-snippet:-1, max-image-preview:large, max-video-preview:-1\" \/>\n<link rel=\"canonical\" href=\"https:\/\/porvoonpyorakeskus.fi\/sv\/produkt\/specialized-rockhopper-expert-l-xl\/\" \/>\n<meta property=\"og:locale\" content=\"sv_SE\" \/>\n<meta property=\"og:type\" content=\"article\" \/>\n<meta property=\"og:title\" content=\"Specialized Rockhopper Expert L, XL | Porvoon Py\u00f6r\u00e4keskus\" \/>\n<meta property=\"og:description\" content=\"Frame Specialized A1 premium butted alloy, zero-stack head tube, internal cable routing, 135x9mm forged dropouts, chainstay-mounted disc brake, replaceable alloy derailleur hanger, stealth rack mounts, dropper post compatible Fork RockShox Judy, Solo Air, Turnkey damper, 46mm offset, QR, 80\/90\/100mm travel (size-specific), alloy steerer Stem 3D-forged alloy, 31.8mm, 7-degree rise Handlebars Stout Mini Rise, alloy, 9-degree backsweep, 15mm rise, 31.8mm Saddle Bridge Sport, Steel rails, 155\/143mm Grips Specialized MTB Grip, lock-on Front Brake SRAM Level, hydraulic disc, 180\/160mm Rear Brake SRAM Level, hydraulic disc, 160mm Rear Derailleur SRAM SX Eagle, 12-speed Shift Levers SRAM SX Eagle, trigger, 12-speed Cassette SRAM PG-1210 Eagle, 11-50t Chain SRAM SX Eagle, 12-speed Crankset SRAM SX Eagle, Powerspline Bottom Bracket SRAM Powerspline Pedals SBC-54 Flat pedal Rims Specialized Alloy, hookless, Tubeless ready, 25mm inner width Front Hub Formula DC-20, 6-Bolt, disc, 100x9mm spacing, quick-release Rear Hub Formula DC-22, 6-Bolt freehub, disc, 135x9mm spacing, quick-release Front Tire Specialized Fast Trak, Control Casing, T5 Compound, 29x2.35 Rear Tire Specialized Fast Trak, Control Casing, T5 Compound, 29x2.35 Spokes Stainless, 14g Inner Tubes Presta, 40mm valve SeatPost Alloy, 2-bolt clamp, 30.9mm Seat Binder Alloy, quick release, 34.9\" \/>\n<meta property=\"og:url\" content=\"https:\/\/porvoonpyorakeskus.fi\/sv\/produkt\/specialized-rockhopper-expert-l-xl\/\" \/>\n<meta property=\"og:site_name\" content=\"Porvoon Py\u00f6r\u00e4keskus\" \/>\n<meta property=\"article:publisher\" content=\"https:\/\/www.facebook.com\/porvoonpyorakeskus\" \/>\n<meta property=\"og:image\" content=\"https:\/\/porvoonpyorakeskus.fi\/wp-content\/uploads\/2022\/02\/2022_Rockhopper-expert-29-mtb-specialized-2021-satin-silver-dust-black-holographic.jpg\" \/>\n\t<meta property=\"og:image:width\" content=\"1140\" \/>\n\t<meta property=\"og:image:height\" content=\"487\" \/>\n\t<meta property=\"og:image:type\" content=\"image\/jpeg\" \/>\n<meta name=\"twitter:card\" content=\"summary_large_image\" \/>\n<script type=\"application\/ld+json\" class=\"yoast-schema-graph\">{\"@context\":\"https:\\\/\\\/schema.org\",\"@graph\":[{\"@type\":\"WebPage\",\"@id\":\"https:\\\/\\\/porvoonpyorakeskus.fi\\\/sv\\\/produkt\\\/specialized-rockhopper-expert-l-xl\\\/\",\"url\":\"https:\\\/\\\/porvoonpyorakeskus.fi\\\/sv\\\/produkt\\\/specialized-rockhopper-expert-l-xl\\\/\",\"name\":\"Specialized Rockhopper Expert L, XL | Porvoon Py\u00f6r\u00e4keskus\",\"isPartOf\":{\"@id\":\"https:\\\/\\\/porvoonpyorakeskus.fi\\\/sv\\\/#website\"},\"primaryImageOfPage\":{\"@id\":\"https:\\\/\\\/porvoonpyorakeskus.fi\\\/sv\\\/produkt\\\/specialized-rockhopper-expert-l-xl\\\/#primaryimage\"},\"image\":{\"@id\":\"https:\\\/\\\/porvoonpyorakeskus.fi\\\/sv\\\/produkt\\\/specialized-rockhopper-expert-l-xl\\\/#primaryimage\"},\"thumbnailUrl\":\"https:\\\/\\\/porvoonpyorakeskus.fi\\\/wp-content\\\/uploads\\\/2022\\\/02\\\/2022_Rockhopper-expert-29-mtb-specialized-2021-satin-silver-dust-black-holographic.jpg\",\"datePublished\":\"2023-09-30T10:33:00+00:00\",\"breadcrumb\":{\"@id\":\"https:\\\/\\\/porvoonpyorakeskus.fi\\\/sv\\\/produkt\\\/specialized-rockhopper-expert-l-xl\\\/#breadcrumb\"},\"inLanguage\":\"sv-SE\",\"potentialAction\":[{\"@type\":\"ReadAction\",\"target\":[\"https:\\\/\\\/porvoonpyorakeskus.fi\\\/sv\\\/produkt\\\/specialized-rockhopper-expert-l-xl\\\/\"]}]},{\"@type\":\"ImageObject\",\"inLanguage\":\"sv-SE\",\"@id\":\"https:\\\/\\\/porvoonpyorakeskus.fi\\\/sv\\\/produkt\\\/specialized-rockhopper-expert-l-xl\\\/#primaryimage\",\"url\":\"https:\\\/\\\/porvoonpyorakeskus.fi\\\/wp-content\\\/uploads\\\/2022\\\/02\\\/2022_Rockhopper-expert-29-mtb-specialized-2021-satin-silver-dust-black-holographic.jpg\",\"contentUrl\":\"https:\\\/\\\/porvoonpyorakeskus.fi\\\/wp-content\\\/uploads\\\/2022\\\/02\\\/2022_Rockhopper-expert-29-mtb-specialized-2021-satin-silver-dust-black-holographic.jpg\",\"width\":1140,\"height\":487,\"caption\":\"Rockhopper Expert\"},{\"@type\":\"BreadcrumbList\",\"@id\":\"https:\\\/\\\/porvoonpyorakeskus.fi\\\/sv\\\/produkt\\\/specialized-rockhopper-expert-l-xl\\\/#breadcrumb\",\"itemListElement\":[{\"@type\":\"ListItem\",\"position\":1,\"name\":\"Etusivu\",\"item\":\"https:\\\/\\\/porvoonpyorakeskus.fi\\\/sv\\\/\"},{\"@type\":\"ListItem\",\"position\":2,\"name\":\"Butik\",\"item\":\"https:\\\/\\\/porvoonpyorakeskus.fi\\\/sv\\\/butik\\\/\"},{\"@type\":\"ListItem\",\"position\":3,\"name\":\"Specialized Rockhopper Expert L, XL\"}]},{\"@type\":\"WebSite\",\"@id\":\"https:\\\/\\\/porvoonpyorakeskus.fi\\\/sv\\\/#website\",\"url\":\"https:\\\/\\\/porvoonpyorakeskus.fi\\\/sv\\\/\",\"name\":\"Porvoon py\u00f6r\u00e4keskus\",\"description\":\"Py\u00f6r\u00e4liike ja py\u00f6r\u00e4huolto Porvoon keskustassa. Body Geometry fit ajoasennon mittaus\",\"publisher\":{\"@id\":\"https:\\\/\\\/porvoonpyorakeskus.fi\\\/sv\\\/#organization\"},\"alternateName\":\"Py\u00f6r\u00e4keskus\",\"potentialAction\":[{\"@type\":\"SearchAction\",\"target\":{\"@type\":\"EntryPoint\",\"urlTemplate\":\"https:\\\/\\\/porvoonpyorakeskus.fi\\\/sv\\\/?s={search_term_string}\"},\"query-input\":{\"@type\":\"PropertyValueSpecification\",\"valueRequired\":true,\"valueName\":\"search_term_string\"}}],\"inLanguage\":\"sv-SE\"},{\"@type\":\"Organization\",\"@id\":\"https:\\\/\\\/porvoonpyorakeskus.fi\\\/sv\\\/#organization\",\"name\":\"Porvoon Py\u00f6r\u00e4keskus\",\"alternateName\":\"Py\u00f6r\u00e4keskus\",\"url\":\"https:\\\/\\\/porvoonpyorakeskus.fi\\\/sv\\\/\",\"logo\":{\"@type\":\"ImageObject\",\"inLanguage\":\"sv-SE\",\"@id\":\"https:\\\/\\\/porvoonpyorakeskus.fi\\\/sv\\\/#\\\/schema\\\/logo\\\/image\\\/\",\"url\":\"https:\\\/\\\/porvoonpyorakeskus.fi\\\/wp-content\\\/uploads\\\/2022\\\/03\\\/Porvoon-Pyorakeskus-logo.png\",\"contentUrl\":\"https:\\\/\\\/porvoonpyorakeskus.fi\\\/wp-content\\\/uploads\\\/2022\\\/03\\\/Porvoon-Pyorakeskus-logo.png\",\"width\":257,\"height\":148,\"caption\":\"Porvoon Py\u00f6r\u00e4keskus\"},\"image\":{\"@id\":\"https:\\\/\\\/porvoonpyorakeskus.fi\\\/sv\\\/#\\\/schema\\\/logo\\\/image\\\/\"},\"sameAs\":[\"https:\\\/\\\/www.facebook.com\\\/porvoonpyorakeskus\",\"https:\\\/\\\/www.instagram.com\\\/porvoonpyorakeskus\\\/\"]}]}<\/script>\n<!-- \/ Yoast SEO plugin. -->","yoast_head_json":{"title":"Specialized Rockhopper Expert L, XL | Porvoon Py\u00f6r\u00e4keskus","robots":{"index":"index","follow":"follow","max-snippet":"max-snippet:-1","max-image-preview":"max-image-preview:large","max-video-preview":"max-video-preview:-1"},"canonical":"https:\/\/porvoonpyorakeskus.fi\/sv\/produkt\/specialized-rockhopper-expert-l-xl\/","og_locale":"sv_SE","og_type":"article","og_title":"Specialized Rockhopper Expert L, XL | Porvoon Py\u00f6r\u00e4keskus","og_description":"Frame Specialized A1 premium butted alloy, zero-stack head tube, internal cable routing, 135x9mm forged dropouts, chainstay-mounted disc brake, replaceable alloy derailleur hanger, stealth rack mounts, dropper post compatible Fork RockShox Judy, Solo Air, Turnkey damper, 46mm offset, QR, 80\/90\/100mm travel (size-specific), alloy steerer Stem 3D-forged alloy, 31.8mm, 7-degree rise Handlebars Stout Mini Rise, alloy, 9-degree backsweep, 15mm rise, 31.8mm Saddle Bridge Sport, Steel rails, 155\/143mm Grips Specialized MTB Grip, lock-on Front Brake SRAM Level, hydraulic disc, 180\/160mm Rear Brake SRAM Level, hydraulic disc, 160mm Rear Derailleur SRAM SX Eagle, 12-speed Shift Levers SRAM SX Eagle, trigger, 12-speed Cassette SRAM PG-1210 Eagle, 11-50t Chain SRAM SX Eagle, 12-speed Crankset SRAM SX Eagle, Powerspline Bottom Bracket SRAM Powerspline Pedals SBC-54 Flat pedal Rims Specialized Alloy, hookless, Tubeless ready, 25mm inner width Front Hub Formula DC-20, 6-Bolt, disc, 100x9mm spacing, quick-release Rear Hub Formula DC-22, 6-Bolt freehub, disc, 135x9mm spacing, quick-release Front Tire Specialized Fast Trak, Control Casing, T5 Compound, 29x2.35 Rear Tire Specialized Fast Trak, Control Casing, T5 Compound, 29x2.35 Spokes Stainless, 14g Inner Tubes Presta, 40mm valve SeatPost Alloy, 2-bolt clamp, 30.9mm Seat Binder Alloy, quick release, 34.9","og_url":"https:\/\/porvoonpyorakeskus.fi\/sv\/produkt\/specialized-rockhopper-expert-l-xl\/","og_site_name":"Porvoon Py\u00f6r\u00e4keskus","article_publisher":"https:\/\/www.facebook.com\/porvoonpyorakeskus","og_image":[{"width":1140,"height":487,"url":"https:\/\/porvoonpyorakeskus.fi\/wp-content\/uploads\/2022\/02\/2022_Rockhopper-expert-29-mtb-specialized-2021-satin-silver-dust-black-holographic.jpg","type":"image\/jpeg"}],"twitter_card":"summary_large_image","schema":{"@context":"https:\/\/schema.org","@graph":[{"@type":"WebPage","@id":"https:\/\/porvoonpyorakeskus.fi\/sv\/produkt\/specialized-rockhopper-expert-l-xl\/","url":"https:\/\/porvoonpyorakeskus.fi\/sv\/produkt\/specialized-rockhopper-expert-l-xl\/","name":"Specialized Rockhopper Expert L, XL | Porvoon Py\u00f6r\u00e4keskus","isPartOf":{"@id":"https:\/\/porvoonpyorakeskus.fi\/sv\/#website"},"primaryImageOfPage":{"@id":"https:\/\/porvoonpyorakeskus.fi\/sv\/produkt\/specialized-rockhopper-expert-l-xl\/#primaryimage"},"image":{"@id":"https:\/\/porvoonpyorakeskus.fi\/sv\/produkt\/specialized-rockhopper-expert-l-xl\/#primaryimage"},"thumbnailUrl":"https:\/\/porvoonpyorakeskus.fi\/wp-content\/uploads\/2022\/02\/2022_Rockhopper-expert-29-mtb-specialized-2021-satin-silver-dust-black-holographic.jpg","datePublished":"2023-09-30T10:33:00+00:00","breadcrumb":{"@id":"https:\/\/porvoonpyorakeskus.fi\/sv\/produkt\/specialized-rockhopper-expert-l-xl\/#breadcrumb"},"inLanguage":"sv-SE","potentialAction":[{"@type":"ReadAction","target":["https:\/\/porvoonpyorakeskus.fi\/sv\/produkt\/specialized-rockhopper-expert-l-xl\/"]}]},{"@type":"ImageObject","inLanguage":"sv-SE","@id":"https:\/\/porvoonpyorakeskus.fi\/sv\/produkt\/specialized-rockhopper-expert-l-xl\/#primaryimage","url":"https:\/\/porvoonpyorakeskus.fi\/wp-content\/uploads\/2022\/02\/2022_Rockhopper-expert-29-mtb-specialized-2021-satin-silver-dust-black-holographic.jpg","contentUrl":"https:\/\/porvoonpyorakeskus.fi\/wp-content\/uploads\/2022\/02\/2022_Rockhopper-expert-29-mtb-specialized-2021-satin-silver-dust-black-holographic.jpg","width":1140,"height":487,"caption":"Rockhopper Expert"},{"@type":"BreadcrumbList","@id":"https:\/\/porvoonpyorakeskus.fi\/sv\/produkt\/specialized-rockhopper-expert-l-xl\/#breadcrumb","itemListElement":[{"@type":"ListItem","position":1,"name":"Etusivu","item":"https:\/\/porvoonpyorakeskus.fi\/sv\/"},{"@type":"ListItem","position":2,"name":"Butik","item":"https:\/\/porvoonpyorakeskus.fi\/sv\/butik\/"},{"@type":"ListItem","position":3,"name":"Specialized Rockhopper Expert L, XL"}]},{"@type":"WebSite","@id":"https:\/\/porvoonpyorakeskus.fi\/sv\/#website","url":"https:\/\/porvoonpyorakeskus.fi\/sv\/","name":"Porvoon py\u00f6r\u00e4keskus","description":"Py\u00f6r\u00e4liike ja py\u00f6r\u00e4huolto Porvoon keskustassa. Body Geometry fit ajoasennon mittaus","publisher":{"@id":"https:\/\/porvoonpyorakeskus.fi\/sv\/#organization"},"alternateName":"Py\u00f6r\u00e4keskus","potentialAction":[{"@type":"SearchAction","target":{"@type":"EntryPoint","urlTemplate":"https:\/\/porvoonpyorakeskus.fi\/sv\/?s={search_term_string}"},"query-input":{"@type":"PropertyValueSpecification","valueRequired":true,"valueName":"search_term_string"}}],"inLanguage":"sv-SE"},{"@type":"Organization","@id":"https:\/\/porvoonpyorakeskus.fi\/sv\/#organization","name":"Porvoon Py\u00f6r\u00e4keskus","alternateName":"Py\u00f6r\u00e4keskus","url":"https:\/\/porvoonpyorakeskus.fi\/sv\/","logo":{"@type":"ImageObject","inLanguage":"sv-SE","@id":"https:\/\/porvoonpyorakeskus.fi\/sv\/#\/schema\/logo\/image\/","url":"https:\/\/porvoonpyorakeskus.fi\/wp-content\/uploads\/2022\/03\/Porvoon-Pyorakeskus-logo.png","contentUrl":"https:\/\/porvoonpyorakeskus.fi\/wp-content\/uploads\/2022\/03\/Porvoon-Pyorakeskus-logo.png","width":257,"height":148,"caption":"Porvoon Py\u00f6r\u00e4keskus"},"image":{"@id":"https:\/\/porvoonpyorakeskus.fi\/sv\/#\/schema\/logo\/image\/"},"sameAs":["https:\/\/www.facebook.com\/porvoonpyorakeskus","https:\/\/www.instagram.com\/porvoonpyorakeskus\/"]}]}},"taxonomy_info":{"product_cat":[{"value":178,"label":"Cyklar"},{"value":186,"label":"Damcyklar"},{"value":189,"label":"Damcyklar terr\u00e4ng"},{"value":182,"label":"Herrcyklar"},{"value":185,"label":"Herrcyklar terr\u00e4ng"},{"value":190,"label":"Specialized cyklar"}]},"featured_image_src_large":["https:\/\/porvoonpyorakeskus.fi\/wp-content\/uploads\/2022\/02\/2022_Rockhopper-expert-29-mtb-specialized-2021-satin-silver-dust-black-holographic-1024x437.jpg",1024,437,true],"author_info":[],"comment_info":0,"_links":{"self":[{"href":"https:\/\/porvoonpyorakeskus.fi\/sv\/wp-json\/wp\/v2\/product\/2750","targetHints":{"allow":["GET"]}}],"collection":[{"href":"https:\/\/porvoonpyorakeskus.fi\/sv\/wp-json\/wp\/v2\/product"}],"about":[{"href":"https:\/\/porvoonpyorakeskus.fi\/sv\/wp-json\/wp\/v2\/types\/product"}],"replies":[{"embeddable":true,"href":"https:\/\/porvoonpyorakeskus.fi\/sv\/wp-json\/wp\/v2\/comments?post=2750"}],"wp:featuredmedia":[{"embeddable":true,"href":"https:\/\/porvoonpyorakeskus.fi\/sv\/wp-json\/wp\/v2\/media\/1297"}],"wp:attachment":[{"href":"https:\/\/porvoonpyorakeskus.fi\/sv\/wp-json\/wp\/v2\/media?parent=2750"}],"wp:term":[{"taxonomy":"product_brand","embeddable":true,"href":"https:\/\/porvoonpyorakeskus.fi\/sv\/wp-json\/wp\/v2\/product_brand?post=2750"},{"taxonomy":"product_cat","embeddable":true,"href":"https:\/\/porvoonpyorakeskus.fi\/sv\/wp-json\/wp\/v2\/product_cat?post=2750"},{"taxonomy":"product_tag","embeddable":true,"href":"https:\/\/porvoonpyorakeskus.fi\/sv\/wp-json\/wp\/v2\/product_tag?post=2750"}],"curies":[{"name":"wp","href":"https:\/\/api.w.org\/{rel}","templated":true}]}}