{"id":2748,"date":"2022-01-21T12:56:00","date_gmt":"2022-01-21T10:56:00","guid":{"rendered":"https:\/\/porvoonpyorakeskus.fi\/index.php\/tuote\/specialized-rockhopper-elite-275\/"},"modified":"2022-03-29T18:44:36","modified_gmt":"2022-03-29T15:44:36","slug":"specialized-rockhopper-elite-275","status":"publish","type":"product","link":"https:\/\/porvoonpyorakeskus.fi\/sv\/produkt\/specialized-rockhopper-elite-275\/","title":{"rendered":"Specialized Rockhopper Elite 27,5&#8243;"},"content":{"rendered":"<p>En stilren och clean MTB t\u00e4nkt som en o\u00f6m och rolig allroundhoj som funkar alldeles utm\u00e4rkt till b\u00e5de stigar i skogen och till vardagsbestyr. Har snabba l\u00e4ttrullade 29&#8243;-hjul, vilket g\u00f6r att den \u00e4ven g\u00e5r att anv\u00e4nda till jobbpendling.<\/p>\n<p>L\u00e4tt och stark ram i A1 Premium Aluminum. Sportig k\u00e4nsla i geometrin, kompletteras med ett n\u00e5got h\u00f6gre styrhuvud f\u00f6r \u00f6kad komfort och b\u00e4ttre \u00f6verblick\/kontroll.<br \/>\nCool lack, singelklinga fram och inv\u00e4ndig vajerdragning, \u00e4r detaljer som ger en avskalad och fr\u00e4sch look.<br \/>\nF\u00f6ljsam d\u00e4mpad framgaffel fr\u00e5n RockShox med inst\u00e4llningsm\u00f6jligheter.<br \/>\nShimano drivlina och hydrauliska skivbromsar borgar f\u00f6r h\u00f6g drifts\u00e4kerhet, livsl\u00e4ngd och enklare service.<\/p>\n","protected":false},"excerpt":{"rendered":"<p>Frame Specialized A1 premium butted alloy, zero-stack head tube, internal cable routing, 135x9mm forged dropouts, chainstay-mounted disc brake, replaceable alloy derailleur hanger, stealth rack mounts, dropper post compatible<br \/>\nFork RockShox Judy, Solo Air, Turnkey damper, 46mm offset, QR, 80\/90\/100mm travel (size-specific), steel steerer<br \/>\nStem 3D-forged alloy, 31.8mm, 7-degree rise<br \/>\nSaddle Bridge Sport, Steel rails, 155\/143mm<br \/>\nHandlebars Stout Mini Rise, alloy, 9-degree backsweep, 15mm rise, 31.8mm<br \/>\nGrips Specialized MTB Grip, lock-on<br \/>\nFront Brake Shimano BR-MT200, hydraulic disc, 180mm<br \/>\nRear Brake Shimano BR-MT200, hydraulic disc, 180mm<br \/>\nShift Levers Shimano Deore M5100, 11-speed<br \/>\nRear Derailleur Shimano Deore M5100, SGS, 11-speed<br \/>\nCassette Shimano Deore, 11spd, 11-51t<br \/>\nChain KMC X11EPT, 11-speed, anti-corrosion coating w\/ reusable Missing Link\u0099<br \/>\nCrankset Stout 1x, forged alloy<br \/>\nBottom Bracket Square-tapered, 73mm, internal bearings, 122.5mm spindle<br \/>\nPedals SBC-54 Flat pedal<br \/>\nRims Specialized Alloy, hookless, Tubeless ready, 25mm inner width<br \/>\nFront Hub Formula DC-20, 6-Bolt, disc, 100x9mm spacing, quick-release<br \/>\nRear Hub Formula DC-22, 6-Bolt freehub, disc, 135x9mm spacing, quick-release<br \/>\nFront Tire Fast Trak Control 2Bliss Ready T5, 27.5&#215;2.35&#8243;<br \/>\nRear Tire Fast Trak Control 2Bliss Ready T5, 27.5&#215;2.35&#8243;SpokesStainless, 14g<br \/>\nInner Tubes Presta, 40mm valve<br \/>\nSeatPost Alloy, 2-bolt clamp, 30.9mm<br \/>\nSeat Binder Alloy, quick release, 34.9<\/p>\n","protected":false},"featured_media":1288,"comment_status":"closed","ping_status":"closed","template":"","meta":{"_kad_blocks_custom_css":"","_kad_blocks_head_custom_js":"","_kad_blocks_body_custom_js":"","_kad_blocks_footer_custom_js":"","_kadence_starter_templates_imported_post":false,"_kad_post_transparent":"default","_kad_post_title":"","_kad_post_layout":"default","_kad_post_sidebar_id":"","_kad_post_content_style":"default","_kad_post_vertical_padding":"default","_kad_post_feature":"","_kad_post_feature_position":"","_kad_post_header":false,"_kad_post_footer":false,"_kad_post_classname":""},"product_brand":[],"product_cat":[178,186,187,182,185,190],"product_tag":[],"class_list":{"0":"post-2748","1":"product","2":"type-product","3":"status-publish","4":"has-post-thumbnail","6":"product_cat-cyklar","7":"product_cat-damcyklar","8":"product_cat-damcyklar-fitness","9":"product_cat-herrcyklar","10":"product_cat-herrcyklar-terrang","11":"product_cat-specialized-sv","13":"first","14":"instock","15":"purchasable","16":"product-type-simple","17":"entry","18":"content-bg","19":"loop-entry"},"yoast_head":"<!-- This site is optimized with the Yoast SEO plugin v27.4 - https:\/\/yoast.com\/product\/yoast-seo-wordpress\/ -->\n<title>Specialized Rockhopper Elite 27,5&quot; | Porvoon Py\u00f6r\u00e4keskus<\/title>\n<meta name=\"robots\" content=\"index, follow, max-snippet:-1, max-image-preview:large, max-video-preview:-1\" \/>\n<link rel=\"canonical\" href=\"https:\/\/porvoonpyorakeskus.fi\/sv\/produkt\/specialized-rockhopper-elite-275\/\" \/>\n<meta property=\"og:locale\" content=\"sv_SE\" \/>\n<meta property=\"og:type\" content=\"article\" \/>\n<meta property=\"og:title\" content=\"Specialized Rockhopper Elite 27,5&quot; | Porvoon Py\u00f6r\u00e4keskus\" \/>\n<meta property=\"og:description\" content=\"Frame Specialized A1 premium butted alloy, zero-stack head tube, internal cable routing, 135x9mm forged dropouts, chainstay-mounted disc brake, replaceable alloy derailleur hanger, stealth rack mounts, dropper post compatible Fork RockShox Judy, Solo Air, Turnkey damper, 46mm offset, QR, 80\/90\/100mm travel (size-specific), steel steerer Stem 3D-forged alloy, 31.8mm, 7-degree rise Saddle Bridge Sport, Steel rails, 155\/143mm Handlebars Stout Mini Rise, alloy, 9-degree backsweep, 15mm rise, 31.8mm Grips Specialized MTB Grip, lock-on Front Brake Shimano BR-MT200, hydraulic disc, 180mm Rear Brake Shimano BR-MT200, hydraulic disc, 180mm Shift Levers Shimano Deore M5100, 11-speed Rear Derailleur Shimano Deore M5100, SGS, 11-speed Cassette Shimano Deore, 11spd, 11-51t Chain KMC X11EPT, 11-speed, anti-corrosion coating w\/ reusable Missing Link\u0099 Crankset Stout 1x, forged alloy Bottom Bracket Square-tapered, 73mm, internal bearings, 122.5mm spindle Pedals SBC-54 Flat pedal Rims Specialized Alloy, hookless, Tubeless ready, 25mm inner width Front Hub Formula DC-20, 6-Bolt, disc, 100x9mm spacing, quick-release Rear Hub Formula DC-22, 6-Bolt freehub, disc, 135x9mm spacing, quick-release Front Tire Fast Trak Control 2Bliss Ready T5, 27.5x2.35&quot; Rear Tire Fast Trak Control 2Bliss Ready T5, 27.5x2.35&quot;SpokesStainless, 14g Inner Tubes Presta, 40mm valve SeatPost Alloy, 2-bolt clamp, 30.9mm Seat Binder Alloy, quick release, 34.9\" \/>\n<meta property=\"og:url\" content=\"https:\/\/porvoonpyorakeskus.fi\/sv\/produkt\/specialized-rockhopper-elite-275\/\" \/>\n<meta property=\"og:site_name\" content=\"Porvoon Py\u00f6r\u00e4keskus\" \/>\n<meta property=\"article:publisher\" content=\"https:\/\/www.facebook.com\/porvoonpyorakeskus\" \/>\n<meta property=\"article:modified_time\" content=\"2022-03-29T15:44:36+00:00\" \/>\n<meta property=\"og:image\" content=\"https:\/\/porvoonpyorakeskus.fi\/wp-content\/uploads\/2022\/02\/91522-45_ROCKHOPPER-ELITE-29-DOP-SND_HERO.webp\" \/>\n\t<meta property=\"og:image:width\" content=\"2500\" \/>\n\t<meta property=\"og:image:height\" content=\"1406\" \/>\n\t<meta property=\"og:image:type\" content=\"image\/webp\" \/>\n<meta name=\"twitter:card\" content=\"summary_large_image\" \/>\n<meta name=\"twitter:label1\" content=\"Ber\u00e4knad l\u00e4stid\" \/>\n\t<meta name=\"twitter:data1\" content=\"1 minut\" \/>\n<script type=\"application\/ld+json\" class=\"yoast-schema-graph\">{\"@context\":\"https:\\\/\\\/schema.org\",\"@graph\":[{\"@type\":\"WebPage\",\"@id\":\"https:\\\/\\\/porvoonpyorakeskus.fi\\\/sv\\\/produkt\\\/specialized-rockhopper-elite-275\\\/\",\"url\":\"https:\\\/\\\/porvoonpyorakeskus.fi\\\/sv\\\/produkt\\\/specialized-rockhopper-elite-275\\\/\",\"name\":\"Specialized Rockhopper Elite 27,5\\\" | Porvoon Py\u00f6r\u00e4keskus\",\"isPartOf\":{\"@id\":\"https:\\\/\\\/porvoonpyorakeskus.fi\\\/sv\\\/#website\"},\"primaryImageOfPage\":{\"@id\":\"https:\\\/\\\/porvoonpyorakeskus.fi\\\/sv\\\/produkt\\\/specialized-rockhopper-elite-275\\\/#primaryimage\"},\"image\":{\"@id\":\"https:\\\/\\\/porvoonpyorakeskus.fi\\\/sv\\\/produkt\\\/specialized-rockhopper-elite-275\\\/#primaryimage\"},\"thumbnailUrl\":\"https:\\\/\\\/porvoonpyorakeskus.fi\\\/wp-content\\\/uploads\\\/2022\\\/02\\\/91522-45_ROCKHOPPER-ELITE-29-DOP-SND_HERO.webp\",\"datePublished\":\"2022-01-21T10:56:00+00:00\",\"dateModified\":\"2022-03-29T15:44:36+00:00\",\"breadcrumb\":{\"@id\":\"https:\\\/\\\/porvoonpyorakeskus.fi\\\/sv\\\/produkt\\\/specialized-rockhopper-elite-275\\\/#breadcrumb\"},\"inLanguage\":\"sv-SE\",\"potentialAction\":[{\"@type\":\"ReadAction\",\"target\":[\"https:\\\/\\\/porvoonpyorakeskus.fi\\\/sv\\\/produkt\\\/specialized-rockhopper-elite-275\\\/\"]}]},{\"@type\":\"ImageObject\",\"inLanguage\":\"sv-SE\",\"@id\":\"https:\\\/\\\/porvoonpyorakeskus.fi\\\/sv\\\/produkt\\\/specialized-rockhopper-elite-275\\\/#primaryimage\",\"url\":\"https:\\\/\\\/porvoonpyorakeskus.fi\\\/wp-content\\\/uploads\\\/2022\\\/02\\\/91522-45_ROCKHOPPER-ELITE-29-DOP-SND_HERO.webp\",\"contentUrl\":\"https:\\\/\\\/porvoonpyorakeskus.fi\\\/wp-content\\\/uploads\\\/2022\\\/02\\\/91522-45_ROCKHOPPER-ELITE-29-DOP-SND_HERO.webp\",\"width\":2500,\"height\":1406,\"caption\":\"Rockhopper elite 27,5\"},{\"@type\":\"BreadcrumbList\",\"@id\":\"https:\\\/\\\/porvoonpyorakeskus.fi\\\/sv\\\/produkt\\\/specialized-rockhopper-elite-275\\\/#breadcrumb\",\"itemListElement\":[{\"@type\":\"ListItem\",\"position\":1,\"name\":\"Etusivu\",\"item\":\"https:\\\/\\\/porvoonpyorakeskus.fi\\\/sv\\\/\"},{\"@type\":\"ListItem\",\"position\":2,\"name\":\"Butik\",\"item\":\"https:\\\/\\\/porvoonpyorakeskus.fi\\\/sv\\\/butik\\\/\"},{\"@type\":\"ListItem\",\"position\":3,\"name\":\"Specialized Rockhopper Elite 27,5&#8243;\"}]},{\"@type\":\"WebSite\",\"@id\":\"https:\\\/\\\/porvoonpyorakeskus.fi\\\/sv\\\/#website\",\"url\":\"https:\\\/\\\/porvoonpyorakeskus.fi\\\/sv\\\/\",\"name\":\"Porvoon py\u00f6r\u00e4keskus\",\"description\":\"Py\u00f6r\u00e4liike ja py\u00f6r\u00e4huolto Porvoon keskustassa. Body Geometry fit ajoasennon mittaus\",\"publisher\":{\"@id\":\"https:\\\/\\\/porvoonpyorakeskus.fi\\\/sv\\\/#organization\"},\"alternateName\":\"Py\u00f6r\u00e4keskus\",\"potentialAction\":[{\"@type\":\"SearchAction\",\"target\":{\"@type\":\"EntryPoint\",\"urlTemplate\":\"https:\\\/\\\/porvoonpyorakeskus.fi\\\/sv\\\/?s={search_term_string}\"},\"query-input\":{\"@type\":\"PropertyValueSpecification\",\"valueRequired\":true,\"valueName\":\"search_term_string\"}}],\"inLanguage\":\"sv-SE\"},{\"@type\":\"Organization\",\"@id\":\"https:\\\/\\\/porvoonpyorakeskus.fi\\\/sv\\\/#organization\",\"name\":\"Porvoon Py\u00f6r\u00e4keskus\",\"alternateName\":\"Py\u00f6r\u00e4keskus\",\"url\":\"https:\\\/\\\/porvoonpyorakeskus.fi\\\/sv\\\/\",\"logo\":{\"@type\":\"ImageObject\",\"inLanguage\":\"sv-SE\",\"@id\":\"https:\\\/\\\/porvoonpyorakeskus.fi\\\/sv\\\/#\\\/schema\\\/logo\\\/image\\\/\",\"url\":\"https:\\\/\\\/porvoonpyorakeskus.fi\\\/wp-content\\\/uploads\\\/2022\\\/03\\\/Porvoon-Pyorakeskus-logo.png\",\"contentUrl\":\"https:\\\/\\\/porvoonpyorakeskus.fi\\\/wp-content\\\/uploads\\\/2022\\\/03\\\/Porvoon-Pyorakeskus-logo.png\",\"width\":257,\"height\":148,\"caption\":\"Porvoon Py\u00f6r\u00e4keskus\"},\"image\":{\"@id\":\"https:\\\/\\\/porvoonpyorakeskus.fi\\\/sv\\\/#\\\/schema\\\/logo\\\/image\\\/\"},\"sameAs\":[\"https:\\\/\\\/www.facebook.com\\\/porvoonpyorakeskus\",\"https:\\\/\\\/www.instagram.com\\\/porvoonpyorakeskus\\\/\"]}]}<\/script>\n<!-- \/ Yoast SEO plugin. -->","yoast_head_json":{"title":"Specialized Rockhopper Elite 27,5\" | Porvoon Py\u00f6r\u00e4keskus","robots":{"index":"index","follow":"follow","max-snippet":"max-snippet:-1","max-image-preview":"max-image-preview:large","max-video-preview":"max-video-preview:-1"},"canonical":"https:\/\/porvoonpyorakeskus.fi\/sv\/produkt\/specialized-rockhopper-elite-275\/","og_locale":"sv_SE","og_type":"article","og_title":"Specialized Rockhopper Elite 27,5\" | Porvoon Py\u00f6r\u00e4keskus","og_description":"Frame Specialized A1 premium butted alloy, zero-stack head tube, internal cable routing, 135x9mm forged dropouts, chainstay-mounted disc brake, replaceable alloy derailleur hanger, stealth rack mounts, dropper post compatible Fork RockShox Judy, Solo Air, Turnkey damper, 46mm offset, QR, 80\/90\/100mm travel (size-specific), steel steerer Stem 3D-forged alloy, 31.8mm, 7-degree rise Saddle Bridge Sport, Steel rails, 155\/143mm Handlebars Stout Mini Rise, alloy, 9-degree backsweep, 15mm rise, 31.8mm Grips Specialized MTB Grip, lock-on Front Brake Shimano BR-MT200, hydraulic disc, 180mm Rear Brake Shimano BR-MT200, hydraulic disc, 180mm Shift Levers Shimano Deore M5100, 11-speed Rear Derailleur Shimano Deore M5100, SGS, 11-speed Cassette Shimano Deore, 11spd, 11-51t Chain KMC X11EPT, 11-speed, anti-corrosion coating w\/ reusable Missing Link\u0099 Crankset Stout 1x, forged alloy Bottom Bracket Square-tapered, 73mm, internal bearings, 122.5mm spindle Pedals SBC-54 Flat pedal Rims Specialized Alloy, hookless, Tubeless ready, 25mm inner width Front Hub Formula DC-20, 6-Bolt, disc, 100x9mm spacing, quick-release Rear Hub Formula DC-22, 6-Bolt freehub, disc, 135x9mm spacing, quick-release Front Tire Fast Trak Control 2Bliss Ready T5, 27.5x2.35\" Rear Tire Fast Trak Control 2Bliss Ready T5, 27.5x2.35\"SpokesStainless, 14g Inner Tubes Presta, 40mm valve SeatPost Alloy, 2-bolt clamp, 30.9mm Seat Binder Alloy, quick release, 34.9","og_url":"https:\/\/porvoonpyorakeskus.fi\/sv\/produkt\/specialized-rockhopper-elite-275\/","og_site_name":"Porvoon Py\u00f6r\u00e4keskus","article_publisher":"https:\/\/www.facebook.com\/porvoonpyorakeskus","article_modified_time":"2022-03-29T15:44:36+00:00","og_image":[{"width":2500,"height":1406,"url":"https:\/\/porvoonpyorakeskus.fi\/wp-content\/uploads\/2022\/02\/91522-45_ROCKHOPPER-ELITE-29-DOP-SND_HERO.webp","type":"image\/webp"}],"twitter_card":"summary_large_image","twitter_misc":{"Ber\u00e4knad l\u00e4stid":"1 minut"},"schema":{"@context":"https:\/\/schema.org","@graph":[{"@type":"WebPage","@id":"https:\/\/porvoonpyorakeskus.fi\/sv\/produkt\/specialized-rockhopper-elite-275\/","url":"https:\/\/porvoonpyorakeskus.fi\/sv\/produkt\/specialized-rockhopper-elite-275\/","name":"Specialized Rockhopper Elite 27,5\" | Porvoon Py\u00f6r\u00e4keskus","isPartOf":{"@id":"https:\/\/porvoonpyorakeskus.fi\/sv\/#website"},"primaryImageOfPage":{"@id":"https:\/\/porvoonpyorakeskus.fi\/sv\/produkt\/specialized-rockhopper-elite-275\/#primaryimage"},"image":{"@id":"https:\/\/porvoonpyorakeskus.fi\/sv\/produkt\/specialized-rockhopper-elite-275\/#primaryimage"},"thumbnailUrl":"https:\/\/porvoonpyorakeskus.fi\/wp-content\/uploads\/2022\/02\/91522-45_ROCKHOPPER-ELITE-29-DOP-SND_HERO.webp","datePublished":"2022-01-21T10:56:00+00:00","dateModified":"2022-03-29T15:44:36+00:00","breadcrumb":{"@id":"https:\/\/porvoonpyorakeskus.fi\/sv\/produkt\/specialized-rockhopper-elite-275\/#breadcrumb"},"inLanguage":"sv-SE","potentialAction":[{"@type":"ReadAction","target":["https:\/\/porvoonpyorakeskus.fi\/sv\/produkt\/specialized-rockhopper-elite-275\/"]}]},{"@type":"ImageObject","inLanguage":"sv-SE","@id":"https:\/\/porvoonpyorakeskus.fi\/sv\/produkt\/specialized-rockhopper-elite-275\/#primaryimage","url":"https:\/\/porvoonpyorakeskus.fi\/wp-content\/uploads\/2022\/02\/91522-45_ROCKHOPPER-ELITE-29-DOP-SND_HERO.webp","contentUrl":"https:\/\/porvoonpyorakeskus.fi\/wp-content\/uploads\/2022\/02\/91522-45_ROCKHOPPER-ELITE-29-DOP-SND_HERO.webp","width":2500,"height":1406,"caption":"Rockhopper elite 27,5"},{"@type":"BreadcrumbList","@id":"https:\/\/porvoonpyorakeskus.fi\/sv\/produkt\/specialized-rockhopper-elite-275\/#breadcrumb","itemListElement":[{"@type":"ListItem","position":1,"name":"Etusivu","item":"https:\/\/porvoonpyorakeskus.fi\/sv\/"},{"@type":"ListItem","position":2,"name":"Butik","item":"https:\/\/porvoonpyorakeskus.fi\/sv\/butik\/"},{"@type":"ListItem","position":3,"name":"Specialized Rockhopper Elite 27,5&#8243;"}]},{"@type":"WebSite","@id":"https:\/\/porvoonpyorakeskus.fi\/sv\/#website","url":"https:\/\/porvoonpyorakeskus.fi\/sv\/","name":"Porvoon py\u00f6r\u00e4keskus","description":"Py\u00f6r\u00e4liike ja py\u00f6r\u00e4huolto Porvoon keskustassa. Body Geometry fit ajoasennon mittaus","publisher":{"@id":"https:\/\/porvoonpyorakeskus.fi\/sv\/#organization"},"alternateName":"Py\u00f6r\u00e4keskus","potentialAction":[{"@type":"SearchAction","target":{"@type":"EntryPoint","urlTemplate":"https:\/\/porvoonpyorakeskus.fi\/sv\/?s={search_term_string}"},"query-input":{"@type":"PropertyValueSpecification","valueRequired":true,"valueName":"search_term_string"}}],"inLanguage":"sv-SE"},{"@type":"Organization","@id":"https:\/\/porvoonpyorakeskus.fi\/sv\/#organization","name":"Porvoon Py\u00f6r\u00e4keskus","alternateName":"Py\u00f6r\u00e4keskus","url":"https:\/\/porvoonpyorakeskus.fi\/sv\/","logo":{"@type":"ImageObject","inLanguage":"sv-SE","@id":"https:\/\/porvoonpyorakeskus.fi\/sv\/#\/schema\/logo\/image\/","url":"https:\/\/porvoonpyorakeskus.fi\/wp-content\/uploads\/2022\/03\/Porvoon-Pyorakeskus-logo.png","contentUrl":"https:\/\/porvoonpyorakeskus.fi\/wp-content\/uploads\/2022\/03\/Porvoon-Pyorakeskus-logo.png","width":257,"height":148,"caption":"Porvoon Py\u00f6r\u00e4keskus"},"image":{"@id":"https:\/\/porvoonpyorakeskus.fi\/sv\/#\/schema\/logo\/image\/"},"sameAs":["https:\/\/www.facebook.com\/porvoonpyorakeskus","https:\/\/www.instagram.com\/porvoonpyorakeskus\/"]}]}},"taxonomy_info":{"product_cat":[{"value":178,"label":"Cyklar"},{"value":186,"label":"Damcyklar"},{"value":187,"label":"Damcyklar fitness"},{"value":182,"label":"Herrcyklar"},{"value":185,"label":"Herrcyklar terr\u00e4ng"},{"value":190,"label":"Specialized cyklar"}]},"featured_image_src_large":["https:\/\/porvoonpyorakeskus.fi\/wp-content\/uploads\/2022\/02\/91522-45_ROCKHOPPER-ELITE-29-DOP-SND_HERO-1024x576.webp",1024,576,true],"author_info":[],"comment_info":0,"_links":{"self":[{"href":"https:\/\/porvoonpyorakeskus.fi\/sv\/wp-json\/wp\/v2\/product\/2748","targetHints":{"allow":["GET"]}}],"collection":[{"href":"https:\/\/porvoonpyorakeskus.fi\/sv\/wp-json\/wp\/v2\/product"}],"about":[{"href":"https:\/\/porvoonpyorakeskus.fi\/sv\/wp-json\/wp\/v2\/types\/product"}],"replies":[{"embeddable":true,"href":"https:\/\/porvoonpyorakeskus.fi\/sv\/wp-json\/wp\/v2\/comments?post=2748"}],"wp:featuredmedia":[{"embeddable":true,"href":"https:\/\/porvoonpyorakeskus.fi\/sv\/wp-json\/wp\/v2\/media\/1288"}],"wp:attachment":[{"href":"https:\/\/porvoonpyorakeskus.fi\/sv\/wp-json\/wp\/v2\/media?parent=2748"}],"wp:term":[{"taxonomy":"product_brand","embeddable":true,"href":"https:\/\/porvoonpyorakeskus.fi\/sv\/wp-json\/wp\/v2\/product_brand?post=2748"},{"taxonomy":"product_cat","embeddable":true,"href":"https:\/\/porvoonpyorakeskus.fi\/sv\/wp-json\/wp\/v2\/product_cat?post=2748"},{"taxonomy":"product_tag","embeddable":true,"href":"https:\/\/porvoonpyorakeskus.fi\/sv\/wp-json\/wp\/v2\/product_tag?post=2748"}],"curies":[{"name":"wp","href":"https:\/\/api.w.org\/{rel}","templated":true}]}}