{"id":2747,"date":"2021-12-10T09:56:00","date_gmt":"2021-12-10T07:56:00","guid":{"rendered":"https:\/\/porvoonpyorakeskus.fi\/index.php\/tuote\/2022-specialized-tarmac-sl6-49cm-52cm\/"},"modified":"2025-09-08T12:46:18","modified_gmt":"2025-09-08T09:46:18","slug":"2022-specialized-tarmac-sl6-49cm-52cm","status":"publish","type":"product","link":"https:\/\/porvoonpyorakeskus.fi\/sv\/produkt\/2022-specialized-tarmac-sl6-49cm-52cm\/","title":{"rendered":"2022 Specialized Tarmac SL6 52cm"},"content":{"rendered":"<p>N\u00e4r Specialized utvecklade Tarmac SL6 s\u00e5 ville de inte bara g\u00f6ra en cool \u0094hoj\u0094. De ville skapa en cykel som var snabb, \u00f6verallt! Med detta i \u00e5tanke, och deras unika analyser, s\u00e5 har de gjort en unik ram f\u00f6r varje storlek som optimerar styrkan, luftmotst\u00e5ndet och vikten f\u00f6r alla olika typer av cyklister. Ett koncept som de kallar Rider First Engineered. Cykeln har f\u00e5tt en uppdaterad aero-teknik som g\u00f6r den hela 20% l\u00e4ttare \u00e4n Tarmac SL5.<\/p>\n<p>Tarmac SL6 \u00e4r f\u00f6rsedd med 10-v\u00e4xlad Shimano Tiagra-mekanisk v\u00e4xling, p\u00e5litliga hydrauliska skivbromsar, h\u00e5llbara Axis Sport Disc-hjul och favoritsadeln Power Sport. Den har ocks\u00e5 den helt nya kolfiberramen FACT 9r som ger dig helt r\u00e4tt f\u00f6ruts\u00e4ttningar.<\/p>\n<p>Specialized Tarmac SL6 &#8211; Specifikationer:<\/p>\n<p>Ram: Tarmac SL6, FACT 9r carbon, Rider-First Engineered\u0099, threaded BB, clean routing, 12x142mm thru-axle, flat-mount disc<br \/>\nGaffel: FACT carbon, 12x100mm thru-axle, flat-mount disc<br \/>\nBakv\u00e4xel: Shimano Tiagra, 10-speed<br \/>\nFramv\u00e4xel: Shimano Tiagra, braze-on<br \/>\nV\u00e4xelreglage: Shimano Tiagra Disc 4720, 10-speed<br \/>\nVevparti: Shimano Tiagra 4700, 10-speed<br \/>\nVevlager: Shimano<br \/>\nKedja: KMC X10, 10-Speed<br \/>\nStyre: Specialized Shallow Drop, 6061, 70x125mm, 31.8mm clamp<br \/>\nStyrstam: Specialized, 3D-forged alloy, 4-bolt, 7-degree rise<br \/>\nSadelstolpe: Carbon, single-bolt, 30.9mm<br \/>\nSadel: Body Geometry Power Sport, steel rails<br \/>\nHjul: Axis Sport Disc<br \/>\nD\u00e4ck: Turbo Pro, 60 TPI, folding bead, BlackBelt protection, 700x26mm<br \/>\nPedaler: OBS Pedaler ing\u00e5r ej<\/p>\n","protected":false},"excerpt":{"rendered":"<p>Specialized Tarmac SL6 &#8211; l\u00e4ttare landsv\u00e4gscykel<\/p>\n","protected":false},"featured_media":1172,"comment_status":"closed","ping_status":"closed","template":"","meta":{"_kad_blocks_custom_css":"","_kad_blocks_head_custom_js":"","_kad_blocks_body_custom_js":"","_kad_blocks_footer_custom_js":"","_kadence_starter_templates_imported_post":false,"_kad_post_transparent":"default","_kad_post_title":"","_kad_post_layout":"default","_kad_post_sidebar_id":"","_kad_post_content_style":"default","_kad_post_vertical_padding":"default","_kad_post_feature":"","_kad_post_feature_position":"","_kad_post_header":false,"_kad_post_footer":false,"_kad_post_classname":""},"product_brand":[],"product_cat":[178,186,188,182,184,164,190],"product_tag":[],"class_list":{"0":"post-2747","1":"product","2":"type-product","3":"status-publish","4":"has-post-thumbnail","6":"product_cat-cyklar","7":"product_cat-damcyklar","8":"product_cat-damcyklar-landsvag","9":"product_cat-herrcyklar","10":"product_cat-herrcyklar-landsvag","11":"product_cat-rea","12":"product_cat-specialized-sv","14":"first","15":"instock","16":"sale","17":"purchasable","18":"product-type-simple","19":"entry","20":"content-bg","21":"loop-entry"},"yoast_head":"<!-- This site is optimized with the Yoast SEO plugin v27.4 - https:\/\/yoast.com\/product\/yoast-seo-wordpress\/ -->\n<title>2022 Specialized Tarmac SL6 52cm | Porvoon Py\u00f6r\u00e4keskus<\/title>\n<meta name=\"robots\" content=\"index, follow, max-snippet:-1, max-image-preview:large, max-video-preview:-1\" \/>\n<link rel=\"canonical\" href=\"https:\/\/porvoonpyorakeskus.fi\/sv\/produkt\/2022-specialized-tarmac-sl6-49cm-52cm\/\" \/>\n<meta property=\"og:locale\" content=\"sv_SE\" \/>\n<meta property=\"og:type\" content=\"article\" \/>\n<meta property=\"og:title\" content=\"2022 Specialized Tarmac SL6 52cm | Porvoon Py\u00f6r\u00e4keskus\" \/>\n<meta property=\"og:description\" content=\"Specialized Tarmac SL6 - l\u00e4ttare landsv\u00e4gscykel\" \/>\n<meta property=\"og:url\" content=\"https:\/\/porvoonpyorakeskus.fi\/sv\/produkt\/2022-specialized-tarmac-sl6-49cm-52cm\/\" \/>\n<meta property=\"og:site_name\" content=\"Porvoon Py\u00f6r\u00e4keskus\" \/>\n<meta property=\"article:publisher\" content=\"https:\/\/www.facebook.com\/porvoonpyorakeskus\" \/>\n<meta property=\"article:modified_time\" content=\"2025-09-08T09:46:18+00:00\" \/>\n<meta property=\"og:image\" content=\"https:\/\/porvoonpyorakeskus.fi\/wp-content\/uploads\/2022\/02\/FAC1328C-D34D-4EC9-B201-87F9B2F336E1.jpeg\" \/>\n\t<meta property=\"og:image:width\" content=\"920\" \/>\n\t<meta property=\"og:image:height\" content=\"640\" \/>\n\t<meta property=\"og:image:type\" content=\"image\/jpeg\" \/>\n<meta name=\"twitter:card\" content=\"summary_large_image\" \/>\n<meta name=\"twitter:label1\" content=\"Ber\u00e4knad l\u00e4stid\" \/>\n\t<meta name=\"twitter:data1\" content=\"2 minuter\" \/>\n<script type=\"application\/ld+json\" class=\"yoast-schema-graph\">{\"@context\":\"https:\\\/\\\/schema.org\",\"@graph\":[{\"@type\":\"WebPage\",\"@id\":\"https:\\\/\\\/porvoonpyorakeskus.fi\\\/sv\\\/produkt\\\/2022-specialized-tarmac-sl6-49cm-52cm\\\/\",\"url\":\"https:\\\/\\\/porvoonpyorakeskus.fi\\\/sv\\\/produkt\\\/2022-specialized-tarmac-sl6-49cm-52cm\\\/\",\"name\":\"2022 Specialized Tarmac SL6 52cm | Porvoon Py\u00f6r\u00e4keskus\",\"isPartOf\":{\"@id\":\"https:\\\/\\\/porvoonpyorakeskus.fi\\\/sv\\\/#website\"},\"primaryImageOfPage\":{\"@id\":\"https:\\\/\\\/porvoonpyorakeskus.fi\\\/sv\\\/produkt\\\/2022-specialized-tarmac-sl6-49cm-52cm\\\/#primaryimage\"},\"image\":{\"@id\":\"https:\\\/\\\/porvoonpyorakeskus.fi\\\/sv\\\/produkt\\\/2022-specialized-tarmac-sl6-49cm-52cm\\\/#primaryimage\"},\"thumbnailUrl\":\"https:\\\/\\\/porvoonpyorakeskus.fi\\\/wp-content\\\/uploads\\\/2022\\\/02\\\/FAC1328C-D34D-4EC9-B201-87F9B2F336E1.jpeg\",\"datePublished\":\"2021-12-10T07:56:00+00:00\",\"dateModified\":\"2025-09-08T09:46:18+00:00\",\"breadcrumb\":{\"@id\":\"https:\\\/\\\/porvoonpyorakeskus.fi\\\/sv\\\/produkt\\\/2022-specialized-tarmac-sl6-49cm-52cm\\\/#breadcrumb\"},\"inLanguage\":\"sv-SE\",\"potentialAction\":[{\"@type\":\"ReadAction\",\"target\":[\"https:\\\/\\\/porvoonpyorakeskus.fi\\\/sv\\\/produkt\\\/2022-specialized-tarmac-sl6-49cm-52cm\\\/\"]}]},{\"@type\":\"ImageObject\",\"inLanguage\":\"sv-SE\",\"@id\":\"https:\\\/\\\/porvoonpyorakeskus.fi\\\/sv\\\/produkt\\\/2022-specialized-tarmac-sl6-49cm-52cm\\\/#primaryimage\",\"url\":\"https:\\\/\\\/porvoonpyorakeskus.fi\\\/wp-content\\\/uploads\\\/2022\\\/02\\\/FAC1328C-D34D-4EC9-B201-87F9B2F336E1.jpeg\",\"contentUrl\":\"https:\\\/\\\/porvoonpyorakeskus.fi\\\/wp-content\\\/uploads\\\/2022\\\/02\\\/FAC1328C-D34D-4EC9-B201-87F9B2F336E1.jpeg\",\"width\":920,\"height\":640},{\"@type\":\"BreadcrumbList\",\"@id\":\"https:\\\/\\\/porvoonpyorakeskus.fi\\\/sv\\\/produkt\\\/2022-specialized-tarmac-sl6-49cm-52cm\\\/#breadcrumb\",\"itemListElement\":[{\"@type\":\"ListItem\",\"position\":1,\"name\":\"Etusivu\",\"item\":\"https:\\\/\\\/porvoonpyorakeskus.fi\\\/sv\\\/\"},{\"@type\":\"ListItem\",\"position\":2,\"name\":\"Butik\",\"item\":\"https:\\\/\\\/porvoonpyorakeskus.fi\\\/sv\\\/butik\\\/\"},{\"@type\":\"ListItem\",\"position\":3,\"name\":\"2022 Specialized Tarmac SL6 52cm\"}]},{\"@type\":\"WebSite\",\"@id\":\"https:\\\/\\\/porvoonpyorakeskus.fi\\\/sv\\\/#website\",\"url\":\"https:\\\/\\\/porvoonpyorakeskus.fi\\\/sv\\\/\",\"name\":\"Porvoon py\u00f6r\u00e4keskus\",\"description\":\"Py\u00f6r\u00e4liike ja py\u00f6r\u00e4huolto Porvoon keskustassa. Body Geometry fit ajoasennon mittaus\",\"publisher\":{\"@id\":\"https:\\\/\\\/porvoonpyorakeskus.fi\\\/sv\\\/#organization\"},\"alternateName\":\"Py\u00f6r\u00e4keskus\",\"potentialAction\":[{\"@type\":\"SearchAction\",\"target\":{\"@type\":\"EntryPoint\",\"urlTemplate\":\"https:\\\/\\\/porvoonpyorakeskus.fi\\\/sv\\\/?s={search_term_string}\"},\"query-input\":{\"@type\":\"PropertyValueSpecification\",\"valueRequired\":true,\"valueName\":\"search_term_string\"}}],\"inLanguage\":\"sv-SE\"},{\"@type\":\"Organization\",\"@id\":\"https:\\\/\\\/porvoonpyorakeskus.fi\\\/sv\\\/#organization\",\"name\":\"Porvoon Py\u00f6r\u00e4keskus\",\"alternateName\":\"Py\u00f6r\u00e4keskus\",\"url\":\"https:\\\/\\\/porvoonpyorakeskus.fi\\\/sv\\\/\",\"logo\":{\"@type\":\"ImageObject\",\"inLanguage\":\"sv-SE\",\"@id\":\"https:\\\/\\\/porvoonpyorakeskus.fi\\\/sv\\\/#\\\/schema\\\/logo\\\/image\\\/\",\"url\":\"https:\\\/\\\/porvoonpyorakeskus.fi\\\/wp-content\\\/uploads\\\/2022\\\/03\\\/Porvoon-Pyorakeskus-logo.png\",\"contentUrl\":\"https:\\\/\\\/porvoonpyorakeskus.fi\\\/wp-content\\\/uploads\\\/2022\\\/03\\\/Porvoon-Pyorakeskus-logo.png\",\"width\":257,\"height\":148,\"caption\":\"Porvoon Py\u00f6r\u00e4keskus\"},\"image\":{\"@id\":\"https:\\\/\\\/porvoonpyorakeskus.fi\\\/sv\\\/#\\\/schema\\\/logo\\\/image\\\/\"},\"sameAs\":[\"https:\\\/\\\/www.facebook.com\\\/porvoonpyorakeskus\",\"https:\\\/\\\/www.instagram.com\\\/porvoonpyorakeskus\\\/\"]}]}<\/script>\n<!-- \/ Yoast SEO plugin. -->","yoast_head_json":{"title":"2022 Specialized Tarmac SL6 52cm | Porvoon Py\u00f6r\u00e4keskus","robots":{"index":"index","follow":"follow","max-snippet":"max-snippet:-1","max-image-preview":"max-image-preview:large","max-video-preview":"max-video-preview:-1"},"canonical":"https:\/\/porvoonpyorakeskus.fi\/sv\/produkt\/2022-specialized-tarmac-sl6-49cm-52cm\/","og_locale":"sv_SE","og_type":"article","og_title":"2022 Specialized Tarmac SL6 52cm | Porvoon Py\u00f6r\u00e4keskus","og_description":"Specialized Tarmac SL6 - l\u00e4ttare landsv\u00e4gscykel","og_url":"https:\/\/porvoonpyorakeskus.fi\/sv\/produkt\/2022-specialized-tarmac-sl6-49cm-52cm\/","og_site_name":"Porvoon Py\u00f6r\u00e4keskus","article_publisher":"https:\/\/www.facebook.com\/porvoonpyorakeskus","article_modified_time":"2025-09-08T09:46:18+00:00","og_image":[{"width":920,"height":640,"url":"https:\/\/porvoonpyorakeskus.fi\/wp-content\/uploads\/2022\/02\/FAC1328C-D34D-4EC9-B201-87F9B2F336E1.jpeg","type":"image\/jpeg"}],"twitter_card":"summary_large_image","twitter_misc":{"Ber\u00e4knad l\u00e4stid":"2 minuter"},"schema":{"@context":"https:\/\/schema.org","@graph":[{"@type":"WebPage","@id":"https:\/\/porvoonpyorakeskus.fi\/sv\/produkt\/2022-specialized-tarmac-sl6-49cm-52cm\/","url":"https:\/\/porvoonpyorakeskus.fi\/sv\/produkt\/2022-specialized-tarmac-sl6-49cm-52cm\/","name":"2022 Specialized Tarmac SL6 52cm | Porvoon Py\u00f6r\u00e4keskus","isPartOf":{"@id":"https:\/\/porvoonpyorakeskus.fi\/sv\/#website"},"primaryImageOfPage":{"@id":"https:\/\/porvoonpyorakeskus.fi\/sv\/produkt\/2022-specialized-tarmac-sl6-49cm-52cm\/#primaryimage"},"image":{"@id":"https:\/\/porvoonpyorakeskus.fi\/sv\/produkt\/2022-specialized-tarmac-sl6-49cm-52cm\/#primaryimage"},"thumbnailUrl":"https:\/\/porvoonpyorakeskus.fi\/wp-content\/uploads\/2022\/02\/FAC1328C-D34D-4EC9-B201-87F9B2F336E1.jpeg","datePublished":"2021-12-10T07:56:00+00:00","dateModified":"2025-09-08T09:46:18+00:00","breadcrumb":{"@id":"https:\/\/porvoonpyorakeskus.fi\/sv\/produkt\/2022-specialized-tarmac-sl6-49cm-52cm\/#breadcrumb"},"inLanguage":"sv-SE","potentialAction":[{"@type":"ReadAction","target":["https:\/\/porvoonpyorakeskus.fi\/sv\/produkt\/2022-specialized-tarmac-sl6-49cm-52cm\/"]}]},{"@type":"ImageObject","inLanguage":"sv-SE","@id":"https:\/\/porvoonpyorakeskus.fi\/sv\/produkt\/2022-specialized-tarmac-sl6-49cm-52cm\/#primaryimage","url":"https:\/\/porvoonpyorakeskus.fi\/wp-content\/uploads\/2022\/02\/FAC1328C-D34D-4EC9-B201-87F9B2F336E1.jpeg","contentUrl":"https:\/\/porvoonpyorakeskus.fi\/wp-content\/uploads\/2022\/02\/FAC1328C-D34D-4EC9-B201-87F9B2F336E1.jpeg","width":920,"height":640},{"@type":"BreadcrumbList","@id":"https:\/\/porvoonpyorakeskus.fi\/sv\/produkt\/2022-specialized-tarmac-sl6-49cm-52cm\/#breadcrumb","itemListElement":[{"@type":"ListItem","position":1,"name":"Etusivu","item":"https:\/\/porvoonpyorakeskus.fi\/sv\/"},{"@type":"ListItem","position":2,"name":"Butik","item":"https:\/\/porvoonpyorakeskus.fi\/sv\/butik\/"},{"@type":"ListItem","position":3,"name":"2022 Specialized Tarmac SL6 52cm"}]},{"@type":"WebSite","@id":"https:\/\/porvoonpyorakeskus.fi\/sv\/#website","url":"https:\/\/porvoonpyorakeskus.fi\/sv\/","name":"Porvoon py\u00f6r\u00e4keskus","description":"Py\u00f6r\u00e4liike ja py\u00f6r\u00e4huolto Porvoon keskustassa. Body Geometry fit ajoasennon mittaus","publisher":{"@id":"https:\/\/porvoonpyorakeskus.fi\/sv\/#organization"},"alternateName":"Py\u00f6r\u00e4keskus","potentialAction":[{"@type":"SearchAction","target":{"@type":"EntryPoint","urlTemplate":"https:\/\/porvoonpyorakeskus.fi\/sv\/?s={search_term_string}"},"query-input":{"@type":"PropertyValueSpecification","valueRequired":true,"valueName":"search_term_string"}}],"inLanguage":"sv-SE"},{"@type":"Organization","@id":"https:\/\/porvoonpyorakeskus.fi\/sv\/#organization","name":"Porvoon Py\u00f6r\u00e4keskus","alternateName":"Py\u00f6r\u00e4keskus","url":"https:\/\/porvoonpyorakeskus.fi\/sv\/","logo":{"@type":"ImageObject","inLanguage":"sv-SE","@id":"https:\/\/porvoonpyorakeskus.fi\/sv\/#\/schema\/logo\/image\/","url":"https:\/\/porvoonpyorakeskus.fi\/wp-content\/uploads\/2022\/03\/Porvoon-Pyorakeskus-logo.png","contentUrl":"https:\/\/porvoonpyorakeskus.fi\/wp-content\/uploads\/2022\/03\/Porvoon-Pyorakeskus-logo.png","width":257,"height":148,"caption":"Porvoon Py\u00f6r\u00e4keskus"},"image":{"@id":"https:\/\/porvoonpyorakeskus.fi\/sv\/#\/schema\/logo\/image\/"},"sameAs":["https:\/\/www.facebook.com\/porvoonpyorakeskus","https:\/\/www.instagram.com\/porvoonpyorakeskus\/"]}]}},"taxonomy_info":{"product_cat":[{"value":178,"label":"Cyklar"},{"value":186,"label":"Damcyklar"},{"value":188,"label":"Damcyklar landsv\u00e4g"},{"value":182,"label":"Herrcyklar"},{"value":184,"label":"Herrcyklar landsv\u00e4g"},{"value":164,"label":"Rea"},{"value":190,"label":"Specialized cyklar"}]},"featured_image_src_large":["https:\/\/porvoonpyorakeskus.fi\/wp-content\/uploads\/2022\/02\/FAC1328C-D34D-4EC9-B201-87F9B2F336E1.jpeg",920,640,false],"author_info":[],"comment_info":0,"_links":{"self":[{"href":"https:\/\/porvoonpyorakeskus.fi\/sv\/wp-json\/wp\/v2\/product\/2747","targetHints":{"allow":["GET"]}}],"collection":[{"href":"https:\/\/porvoonpyorakeskus.fi\/sv\/wp-json\/wp\/v2\/product"}],"about":[{"href":"https:\/\/porvoonpyorakeskus.fi\/sv\/wp-json\/wp\/v2\/types\/product"}],"replies":[{"embeddable":true,"href":"https:\/\/porvoonpyorakeskus.fi\/sv\/wp-json\/wp\/v2\/comments?post=2747"}],"wp:featuredmedia":[{"embeddable":true,"href":"https:\/\/porvoonpyorakeskus.fi\/sv\/wp-json\/wp\/v2\/media\/1172"}],"wp:attachment":[{"href":"https:\/\/porvoonpyorakeskus.fi\/sv\/wp-json\/wp\/v2\/media?parent=2747"}],"wp:term":[{"taxonomy":"product_brand","embeddable":true,"href":"https:\/\/porvoonpyorakeskus.fi\/sv\/wp-json\/wp\/v2\/product_brand?post=2747"},{"taxonomy":"product_cat","embeddable":true,"href":"https:\/\/porvoonpyorakeskus.fi\/sv\/wp-json\/wp\/v2\/product_cat?post=2747"},{"taxonomy":"product_tag","embeddable":true,"href":"https:\/\/porvoonpyorakeskus.fi\/sv\/wp-json\/wp\/v2\/product_tag?post=2747"}],"curies":[{"name":"wp","href":"https:\/\/api.w.org\/{rel}","templated":true}]}}