{"id":2743,"date":"2021-08-25T12:19:00","date_gmt":"2021-08-25T09:19:00","guid":{"rendered":"https:\/\/porvoonpyorakeskus.fi\/index.php\/tuote\/specialized-sirrus-2-0-eq-l\/"},"modified":"2022-03-29T19:02:46","modified_gmt":"2022-03-29T16:02:46","slug":"specialized-sirrus-2-0-eq-l","status":"publish","type":"product","link":"https:\/\/porvoonpyorakeskus.fi\/sv\/produkt\/specialized-sirrus-2-0-eq-l\/","title":{"rendered":"Specialized Sirrus 2.0 EQ  L"},"content":{"rendered":"<p>Snabba Specialized Sirrus 2.0 EQ har en bred repertoar och Sirrus har p\u00e5 sistone blivit den urbana pendlarcykeln nummer ett i v\u00e5rt avl\u00e5nga land. En perfekt cykel f\u00f6r allt fr\u00e5n tr\u00e4ning till pendling och allt d\u00e4remellan. &#8220;EQ&#8221; \u00e4r samtidigt en komplett utrustad modell. <\/p>\n<p>Har fin aluminiumram med l\u00e4gre insteg och flackare sadelr\u00f6r vilket ger mer komfort och b\u00e4ttre ergonomi, samtidigt som den \u00e4r tillr\u00e4ckligt l\u00e5ng f\u00f6r att ge den d\u00e4r sportiga och snabba upplevelsen som uppskattas av den hurtige svenska pendlaren. Har \u00e4ven snygg inv\u00e4ndig vajerdragning.<br \/>\nUtrustad med Specialized&#8217;s specifikt framtagna sk\u00e4rmar och paketh\u00e5llare, mycket snygg och praktisk integration. Har dessutom dynamonav i framhjulet som driver belysningen fram och bak, tryckknapp av\/p\u00e5 sitter p\u00e5 framlampan.<br \/>\nUtrustad bl.a. med Shimano-v\u00e4xlar, hydrauliska skivbromsar, st\u00f6d och reflexd\u00e4ck med bra punkteringsskydd.<br \/>\nKontaktpunkterna med cyklisten, i det h\u00e4r fallet handtag och sadel, \u00e4r utrustade med Specializeds ergonomiskt utformade Body Geometry-produkter.<br \/>\nG\u00e5r att utrusta med t.ex barnstol och funkar bra med v\u00e4skor.<br \/>\nEn modern hybrid som funkar lysande till r\u00f6dljusracing i innerstadsmilj\u00f6er samtidigt som den \u00e4r det b\u00e4sta valet f\u00f6r pendlaren som s\u00f6ker motion p\u00e5 sin v\u00e4g till och fr\u00e5n jobbet.<\/p>\n","protected":false},"excerpt":{"rendered":"<p>Snabba Specialized Sirrus 2.0 EQ har en bred repertoar och Sirrus har p\u00e5 sistone blivit den urbana pendlarcykeln nummer ett i v\u00e5rt avl\u00e5nga land. En perfekt cykel f\u00f6r allt fr\u00e5n tr\u00e4ning till pendling och allt d\u00e4remellan. &#8220;EQ&#8221; \u00e4r samtidigt en komplett utrustad modell. Har fin aluminiumram med l\u00e4gre insteg och flackare sadelr\u00f6r vilket ger mer&#8230;<\/p>\n","protected":false},"featured_media":3773,"comment_status":"closed","ping_status":"closed","template":"","meta":{"_kad_blocks_custom_css":"","_kad_blocks_head_custom_js":"","_kad_blocks_body_custom_js":"","_kad_blocks_footer_custom_js":"","_kadence_starter_templates_imported_post":false,"_kad_post_transparent":"default","_kad_post_title":"","_kad_post_layout":"default","_kad_post_sidebar_id":"","_kad_post_content_style":"default","_kad_post_vertical_padding":"default","_kad_post_feature":"","_kad_post_feature_position":"","_kad_post_header":false,"_kad_post_footer":false,"_kad_post_classname":""},"product_brand":[],"product_cat":[178,182,183,190,180],"product_tag":[],"class_list":{"0":"post-2743","1":"product","2":"type-product","3":"status-publish","4":"has-post-thumbnail","6":"product_cat-cyklar","7":"product_cat-herrcyklar","8":"product_cat-herrcyklar-fitness","9":"product_cat-specialized-sv","10":"product_cat-stadscyklar","12":"first","13":"instock","14":"purchasable","15":"product-type-simple","16":"entry","17":"content-bg","18":"loop-entry"},"yoast_head":"<!-- This site is optimized with the Yoast SEO plugin v27.4 - https:\/\/yoast.com\/product\/yoast-seo-wordpress\/ -->\n<title>Specialized Sirrus 2.0 EQ L | Porvoon Py\u00f6r\u00e4keskus<\/title>\n<meta name=\"robots\" content=\"index, follow, max-snippet:-1, max-image-preview:large, max-video-preview:-1\" \/>\n<link rel=\"canonical\" href=\"https:\/\/porvoonpyorakeskus.fi\/sv\/produkt\/specialized-sirrus-2-0-eq-l\/\" \/>\n<meta property=\"og:locale\" content=\"sv_SE\" \/>\n<meta property=\"og:type\" content=\"article\" \/>\n<meta property=\"og:title\" content=\"Specialized Sirrus 2.0 EQ L | Porvoon Py\u00f6r\u00e4keskus\" \/>\n<meta property=\"og:description\" content=\"Snabba Specialized Sirrus 2.0 EQ har en bred repertoar och Sirrus har p\u00e5 sistone blivit den urbana pendlarcykeln nummer ett i v\u00e5rt avl\u00e5nga land. En perfekt cykel f\u00f6r allt fr\u00e5n tr\u00e4ning till pendling och allt d\u00e4remellan. &#8220;EQ&#8221; \u00e4r samtidigt en komplett utrustad modell. Har fin aluminiumram med l\u00e4gre insteg och flackare sadelr\u00f6r vilket ger mer...\" \/>\n<meta property=\"og:url\" content=\"https:\/\/porvoonpyorakeskus.fi\/sv\/produkt\/specialized-sirrus-2-0-eq-l\/\" \/>\n<meta property=\"og:site_name\" content=\"Porvoon Py\u00f6r\u00e4keskus\" \/>\n<meta property=\"article:publisher\" content=\"https:\/\/www.facebook.com\/porvoonpyorakeskus\" \/>\n<meta property=\"article:modified_time\" content=\"2022-03-29T16:02:46+00:00\" \/>\n<meta property=\"og:image\" content=\"https:\/\/porvoonpyorakeskus.fi\/wp-content\/uploads\/2022\/02\/2021_SIRRUS-20-EQ-FSTGRN-BLKREFL_HERO.jpg\" \/>\n\t<meta property=\"og:image:width\" content=\"920\" \/>\n\t<meta property=\"og:image:height\" content=\"640\" \/>\n\t<meta property=\"og:image:type\" content=\"image\/jpeg\" \/>\n<meta name=\"twitter:card\" content=\"summary_large_image\" \/>\n<meta name=\"twitter:label1\" content=\"Ber\u00e4knad l\u00e4stid\" \/>\n\t<meta name=\"twitter:data1\" content=\"1 minut\" \/>\n<script type=\"application\/ld+json\" class=\"yoast-schema-graph\">{\"@context\":\"https:\\\/\\\/schema.org\",\"@graph\":[{\"@type\":\"WebPage\",\"@id\":\"https:\\\/\\\/porvoonpyorakeskus.fi\\\/sv\\\/produkt\\\/specialized-sirrus-2-0-eq-l\\\/\",\"url\":\"https:\\\/\\\/porvoonpyorakeskus.fi\\\/sv\\\/produkt\\\/specialized-sirrus-2-0-eq-l\\\/\",\"name\":\"Specialized Sirrus 2.0 EQ L | Porvoon Py\u00f6r\u00e4keskus\",\"isPartOf\":{\"@id\":\"https:\\\/\\\/porvoonpyorakeskus.fi\\\/sv\\\/#website\"},\"primaryImageOfPage\":{\"@id\":\"https:\\\/\\\/porvoonpyorakeskus.fi\\\/sv\\\/produkt\\\/specialized-sirrus-2-0-eq-l\\\/#primaryimage\"},\"image\":{\"@id\":\"https:\\\/\\\/porvoonpyorakeskus.fi\\\/sv\\\/produkt\\\/specialized-sirrus-2-0-eq-l\\\/#primaryimage\"},\"thumbnailUrl\":\"https:\\\/\\\/porvoonpyorakeskus.fi\\\/wp-content\\\/uploads\\\/2021\\\/08\\\/90921-82_SIRRUS-20-EQ-FSTGRN-BLKREFL_HERO.jpg\",\"datePublished\":\"2021-08-25T09:19:00+00:00\",\"dateModified\":\"2022-03-29T16:02:46+00:00\",\"breadcrumb\":{\"@id\":\"https:\\\/\\\/porvoonpyorakeskus.fi\\\/sv\\\/produkt\\\/specialized-sirrus-2-0-eq-l\\\/#breadcrumb\"},\"inLanguage\":\"sv-SE\",\"potentialAction\":[{\"@type\":\"ReadAction\",\"target\":[\"https:\\\/\\\/porvoonpyorakeskus.fi\\\/sv\\\/produkt\\\/specialized-sirrus-2-0-eq-l\\\/\"]}]},{\"@type\":\"ImageObject\",\"inLanguage\":\"sv-SE\",\"@id\":\"https:\\\/\\\/porvoonpyorakeskus.fi\\\/sv\\\/produkt\\\/specialized-sirrus-2-0-eq-l\\\/#primaryimage\",\"url\":\"https:\\\/\\\/porvoonpyorakeskus.fi\\\/wp-content\\\/uploads\\\/2021\\\/08\\\/90921-82_SIRRUS-20-EQ-FSTGRN-BLKREFL_HERO.jpg\",\"contentUrl\":\"https:\\\/\\\/porvoonpyorakeskus.fi\\\/wp-content\\\/uploads\\\/2021\\\/08\\\/90921-82_SIRRUS-20-EQ-FSTGRN-BLKREFL_HERO.jpg\",\"width\":920,\"height\":640,\"caption\":\"Specialized Sirrus 2.0 EQ\"},{\"@type\":\"BreadcrumbList\",\"@id\":\"https:\\\/\\\/porvoonpyorakeskus.fi\\\/sv\\\/produkt\\\/specialized-sirrus-2-0-eq-l\\\/#breadcrumb\",\"itemListElement\":[{\"@type\":\"ListItem\",\"position\":1,\"name\":\"Etusivu\",\"item\":\"https:\\\/\\\/porvoonpyorakeskus.fi\\\/sv\\\/\"},{\"@type\":\"ListItem\",\"position\":2,\"name\":\"Butik\",\"item\":\"https:\\\/\\\/porvoonpyorakeskus.fi\\\/sv\\\/butik\\\/\"},{\"@type\":\"ListItem\",\"position\":3,\"name\":\"Specialized Sirrus 2.0 EQ L\"}]},{\"@type\":\"WebSite\",\"@id\":\"https:\\\/\\\/porvoonpyorakeskus.fi\\\/sv\\\/#website\",\"url\":\"https:\\\/\\\/porvoonpyorakeskus.fi\\\/sv\\\/\",\"name\":\"Porvoon py\u00f6r\u00e4keskus\",\"description\":\"Py\u00f6r\u00e4liike ja py\u00f6r\u00e4huolto Porvoon keskustassa. Body Geometry fit ajoasennon mittaus\",\"publisher\":{\"@id\":\"https:\\\/\\\/porvoonpyorakeskus.fi\\\/sv\\\/#organization\"},\"alternateName\":\"Py\u00f6r\u00e4keskus\",\"potentialAction\":[{\"@type\":\"SearchAction\",\"target\":{\"@type\":\"EntryPoint\",\"urlTemplate\":\"https:\\\/\\\/porvoonpyorakeskus.fi\\\/sv\\\/?s={search_term_string}\"},\"query-input\":{\"@type\":\"PropertyValueSpecification\",\"valueRequired\":true,\"valueName\":\"search_term_string\"}}],\"inLanguage\":\"sv-SE\"},{\"@type\":\"Organization\",\"@id\":\"https:\\\/\\\/porvoonpyorakeskus.fi\\\/sv\\\/#organization\",\"name\":\"Porvoon Py\u00f6r\u00e4keskus\",\"alternateName\":\"Py\u00f6r\u00e4keskus\",\"url\":\"https:\\\/\\\/porvoonpyorakeskus.fi\\\/sv\\\/\",\"logo\":{\"@type\":\"ImageObject\",\"inLanguage\":\"sv-SE\",\"@id\":\"https:\\\/\\\/porvoonpyorakeskus.fi\\\/sv\\\/#\\\/schema\\\/logo\\\/image\\\/\",\"url\":\"https:\\\/\\\/porvoonpyorakeskus.fi\\\/wp-content\\\/uploads\\\/2022\\\/03\\\/Porvoon-Pyorakeskus-logo.png\",\"contentUrl\":\"https:\\\/\\\/porvoonpyorakeskus.fi\\\/wp-content\\\/uploads\\\/2022\\\/03\\\/Porvoon-Pyorakeskus-logo.png\",\"width\":257,\"height\":148,\"caption\":\"Porvoon Py\u00f6r\u00e4keskus\"},\"image\":{\"@id\":\"https:\\\/\\\/porvoonpyorakeskus.fi\\\/sv\\\/#\\\/schema\\\/logo\\\/image\\\/\"},\"sameAs\":[\"https:\\\/\\\/www.facebook.com\\\/porvoonpyorakeskus\",\"https:\\\/\\\/www.instagram.com\\\/porvoonpyorakeskus\\\/\"]}]}<\/script>\n<!-- \/ Yoast SEO plugin. -->","yoast_head_json":{"title":"Specialized Sirrus 2.0 EQ L | Porvoon Py\u00f6r\u00e4keskus","robots":{"index":"index","follow":"follow","max-snippet":"max-snippet:-1","max-image-preview":"max-image-preview:large","max-video-preview":"max-video-preview:-1"},"canonical":"https:\/\/porvoonpyorakeskus.fi\/sv\/produkt\/specialized-sirrus-2-0-eq-l\/","og_locale":"sv_SE","og_type":"article","og_title":"Specialized Sirrus 2.0 EQ L | Porvoon Py\u00f6r\u00e4keskus","og_description":"Snabba Specialized Sirrus 2.0 EQ har en bred repertoar och Sirrus har p\u00e5 sistone blivit den urbana pendlarcykeln nummer ett i v\u00e5rt avl\u00e5nga land. En perfekt cykel f\u00f6r allt fr\u00e5n tr\u00e4ning till pendling och allt d\u00e4remellan. &#8220;EQ&#8221; \u00e4r samtidigt en komplett utrustad modell. Har fin aluminiumram med l\u00e4gre insteg och flackare sadelr\u00f6r vilket ger mer...","og_url":"https:\/\/porvoonpyorakeskus.fi\/sv\/produkt\/specialized-sirrus-2-0-eq-l\/","og_site_name":"Porvoon Py\u00f6r\u00e4keskus","article_publisher":"https:\/\/www.facebook.com\/porvoonpyorakeskus","article_modified_time":"2022-03-29T16:02:46+00:00","og_image":[{"width":920,"height":640,"url":"https:\/\/porvoonpyorakeskus.fi\/wp-content\/uploads\/2022\/02\/2021_SIRRUS-20-EQ-FSTGRN-BLKREFL_HERO.jpg","type":"image\/jpeg"}],"twitter_card":"summary_large_image","twitter_misc":{"Ber\u00e4knad l\u00e4stid":"1 minut"},"schema":{"@context":"https:\/\/schema.org","@graph":[{"@type":"WebPage","@id":"https:\/\/porvoonpyorakeskus.fi\/sv\/produkt\/specialized-sirrus-2-0-eq-l\/","url":"https:\/\/porvoonpyorakeskus.fi\/sv\/produkt\/specialized-sirrus-2-0-eq-l\/","name":"Specialized Sirrus 2.0 EQ L | Porvoon Py\u00f6r\u00e4keskus","isPartOf":{"@id":"https:\/\/porvoonpyorakeskus.fi\/sv\/#website"},"primaryImageOfPage":{"@id":"https:\/\/porvoonpyorakeskus.fi\/sv\/produkt\/specialized-sirrus-2-0-eq-l\/#primaryimage"},"image":{"@id":"https:\/\/porvoonpyorakeskus.fi\/sv\/produkt\/specialized-sirrus-2-0-eq-l\/#primaryimage"},"thumbnailUrl":"https:\/\/porvoonpyorakeskus.fi\/wp-content\/uploads\/2021\/08\/90921-82_SIRRUS-20-EQ-FSTGRN-BLKREFL_HERO.jpg","datePublished":"2021-08-25T09:19:00+00:00","dateModified":"2022-03-29T16:02:46+00:00","breadcrumb":{"@id":"https:\/\/porvoonpyorakeskus.fi\/sv\/produkt\/specialized-sirrus-2-0-eq-l\/#breadcrumb"},"inLanguage":"sv-SE","potentialAction":[{"@type":"ReadAction","target":["https:\/\/porvoonpyorakeskus.fi\/sv\/produkt\/specialized-sirrus-2-0-eq-l\/"]}]},{"@type":"ImageObject","inLanguage":"sv-SE","@id":"https:\/\/porvoonpyorakeskus.fi\/sv\/produkt\/specialized-sirrus-2-0-eq-l\/#primaryimage","url":"https:\/\/porvoonpyorakeskus.fi\/wp-content\/uploads\/2021\/08\/90921-82_SIRRUS-20-EQ-FSTGRN-BLKREFL_HERO.jpg","contentUrl":"https:\/\/porvoonpyorakeskus.fi\/wp-content\/uploads\/2021\/08\/90921-82_SIRRUS-20-EQ-FSTGRN-BLKREFL_HERO.jpg","width":920,"height":640,"caption":"Specialized Sirrus 2.0 EQ"},{"@type":"BreadcrumbList","@id":"https:\/\/porvoonpyorakeskus.fi\/sv\/produkt\/specialized-sirrus-2-0-eq-l\/#breadcrumb","itemListElement":[{"@type":"ListItem","position":1,"name":"Etusivu","item":"https:\/\/porvoonpyorakeskus.fi\/sv\/"},{"@type":"ListItem","position":2,"name":"Butik","item":"https:\/\/porvoonpyorakeskus.fi\/sv\/butik\/"},{"@type":"ListItem","position":3,"name":"Specialized Sirrus 2.0 EQ L"}]},{"@type":"WebSite","@id":"https:\/\/porvoonpyorakeskus.fi\/sv\/#website","url":"https:\/\/porvoonpyorakeskus.fi\/sv\/","name":"Porvoon py\u00f6r\u00e4keskus","description":"Py\u00f6r\u00e4liike ja py\u00f6r\u00e4huolto Porvoon keskustassa. Body Geometry fit ajoasennon mittaus","publisher":{"@id":"https:\/\/porvoonpyorakeskus.fi\/sv\/#organization"},"alternateName":"Py\u00f6r\u00e4keskus","potentialAction":[{"@type":"SearchAction","target":{"@type":"EntryPoint","urlTemplate":"https:\/\/porvoonpyorakeskus.fi\/sv\/?s={search_term_string}"},"query-input":{"@type":"PropertyValueSpecification","valueRequired":true,"valueName":"search_term_string"}}],"inLanguage":"sv-SE"},{"@type":"Organization","@id":"https:\/\/porvoonpyorakeskus.fi\/sv\/#organization","name":"Porvoon Py\u00f6r\u00e4keskus","alternateName":"Py\u00f6r\u00e4keskus","url":"https:\/\/porvoonpyorakeskus.fi\/sv\/","logo":{"@type":"ImageObject","inLanguage":"sv-SE","@id":"https:\/\/porvoonpyorakeskus.fi\/sv\/#\/schema\/logo\/image\/","url":"https:\/\/porvoonpyorakeskus.fi\/wp-content\/uploads\/2022\/03\/Porvoon-Pyorakeskus-logo.png","contentUrl":"https:\/\/porvoonpyorakeskus.fi\/wp-content\/uploads\/2022\/03\/Porvoon-Pyorakeskus-logo.png","width":257,"height":148,"caption":"Porvoon Py\u00f6r\u00e4keskus"},"image":{"@id":"https:\/\/porvoonpyorakeskus.fi\/sv\/#\/schema\/logo\/image\/"},"sameAs":["https:\/\/www.facebook.com\/porvoonpyorakeskus","https:\/\/www.instagram.com\/porvoonpyorakeskus\/"]}]}},"taxonomy_info":{"product_cat":[{"value":178,"label":"Cyklar"},{"value":182,"label":"Herrcyklar"},{"value":183,"label":"Herrcyklar fitness"},{"value":190,"label":"Specialized cyklar"},{"value":180,"label":"Stadscyklar"}]},"featured_image_src_large":["https:\/\/porvoonpyorakeskus.fi\/wp-content\/uploads\/2021\/08\/90921-82_SIRRUS-20-EQ-FSTGRN-BLKREFL_HERO.jpg",920,640,false],"author_info":[],"comment_info":0,"_links":{"self":[{"href":"https:\/\/porvoonpyorakeskus.fi\/sv\/wp-json\/wp\/v2\/product\/2743","targetHints":{"allow":["GET"]}}],"collection":[{"href":"https:\/\/porvoonpyorakeskus.fi\/sv\/wp-json\/wp\/v2\/product"}],"about":[{"href":"https:\/\/porvoonpyorakeskus.fi\/sv\/wp-json\/wp\/v2\/types\/product"}],"replies":[{"embeddable":true,"href":"https:\/\/porvoonpyorakeskus.fi\/sv\/wp-json\/wp\/v2\/comments?post=2743"}],"wp:featuredmedia":[{"embeddable":true,"href":"https:\/\/porvoonpyorakeskus.fi\/sv\/wp-json\/wp\/v2\/media\/3773"}],"wp:attachment":[{"href":"https:\/\/porvoonpyorakeskus.fi\/sv\/wp-json\/wp\/v2\/media?parent=2743"}],"wp:term":[{"taxonomy":"product_brand","embeddable":true,"href":"https:\/\/porvoonpyorakeskus.fi\/sv\/wp-json\/wp\/v2\/product_brand?post=2743"},{"taxonomy":"product_cat","embeddable":true,"href":"https:\/\/porvoonpyorakeskus.fi\/sv\/wp-json\/wp\/v2\/product_cat?post=2743"},{"taxonomy":"product_tag","embeddable":true,"href":"https:\/\/porvoonpyorakeskus.fi\/sv\/wp-json\/wp\/v2\/product_tag?post=2743"}],"curies":[{"name":"wp","href":"https:\/\/api.w.org\/{rel}","templated":true}]}}