{"id":2741,"date":"2024-02-16T10:00:00","date_gmt":"2024-02-16T08:00:00","guid":{"rendered":"https:\/\/porvoonpyorakeskus.fi\/index.php\/tuote\/specialized-jett-20\/"},"modified":"2025-09-08T12:50:05","modified_gmt":"2025-09-08T09:50:05","slug":"specialized-jett-20","status":"publish","type":"product","link":"https:\/\/porvoonpyorakeskus.fi\/sv\/produkt\/specialized-jett-20\/","title":{"rendered":"Specialized Jett 20&#8243; 7v"},"content":{"rendered":"<p>Till 2022 kommer Specializeds nya barncyklar Jett att dyka upp i v\u00e5r butik.<br \/>\nSuperfina cyklar f\u00f6r dem sm\u00e5 och en perfekt start p\u00e5 cykelkarri\u00e4ren<br \/>\nH\u00e4r har man inte kopierat tidigare modeller utan cykelingenj\u00f6rerna har b\u00f6rjat med ett blankt papper. F\u00f6r som f\u00f6r\u00e4lder g\u00e4ller det att hitta balansen i vad som \u00e4r f\u00f6r litet och f\u00f6r stort, tiden d\u00e5 saker \u00e4r i r\u00e4tt storlek kan vara ganska kort. Men i och med att armar och ben v\u00e4xer snabbare \u00e4n torso, s\u00e5 har man designat en cykel med barnspecifika ber\u00f6ringspunkter som \u00e4r anpassningsbara och t\u00e5l att v\u00e4xas med. Att vikten \u00e4r riktigt l\u00e5g och att cyklarna \u00e4r mycket l\u00e4ttcyklade blir pricken \u00f6ver i:et.<\/p>\n<p>Extra l\u00e5ng sadelstolpe tillsammans med l\u00e5nga sadelskenor g\u00f6r att du kan justera l\u00e4ngd och h\u00f6jd f\u00f6r att ditt barn ska f\u00e5 en proportionerlig och s\u00e4ker cykel.<br \/>\n\u00c4ven styret g\u00e5r att vinkla fram\u00e5t respektive bak\u00e5t f\u00f6r att hitta r\u00e4tt position.<br \/>\nJusterbar reach av p\u00e5 romshandtagen, du beh\u00f6ver inga verktyg f\u00f6r att anpassa handtagen till sm\u00e5 barnh\u00e4nder.<br \/>\nUnisex.<br \/>\nL\u00e4tt aluminiumram med l\u00e5gt insteg. Enklare att anv\u00e4nda och \u00f6kar s\u00e4kerheten.<br \/>\nMycket l\u00e4ttrullade d\u00e4ck med h\u00f6g komfort.<\/p>\n","protected":false},"excerpt":{"rendered":"<p>Frame A1 Premium Butted Alloy, unisex frame, internal cable routing, 135x10mm forged dropouts, replaceable derailleur hanger<br \/>\nFork A1 Premium Butted Alloy, Alloy steerer, V-Brake<br \/>\nStem 3D Forged Aluminum, 35mm length, 6 degree rise, 25.4mm clamp diameter<br \/>\nHandlebars Alloy Mini Rise, Double Butted, 60mm Rise, 5-degree Backsweep, 580mm Width, 25.4mm Clamp Diameter, 19mm Bar End Diameter<br \/>\nGrips Jett Body Geometry, 19mm Internal Diameter, lock-on<br \/>\nFront Brake V-brake w\/ tool-less reach adjust brake lever<br \/>\nSeatPost Alloy, 2-bolt, 14mm offset, 27.2mm, 280mm length<br \/>\nRear Brake V-brake w\/ tool-less reach adjust brake lever<br \/>\nRear Derailleur Shimano RD-M310, 7-speed<br \/>\nShift Levers microSHIFT TS39 , 7-speed<br \/>\nCassette SunRace, 7-Speed, 11-34t<br \/>\nChain KMC HV500<br \/>\nCranksetForged Alloy, Square Taper, Adjustable 105\/125mm Length, w\/ Chainguard<br \/>\nBottom Bracket Square taper, Plastic cups, 113mm spindle<br \/>\nChainrings Forged Alloy, 34T<br \/>\nPedals Nylon platform w\/ reflectors<br \/>\nRims Alloy, 14mm Depth, 23mm Internal Width, 28H<br \/>\nFront Hub Alloy, Loose Ball Bearings, Bolt type, 100mm Spacing, 28H<br \/>\nRear Hub Alloy, Loose Ball Bearings, Bolt type, 135mm Spacing, 28H<br \/>\nSpokes Stainless, 14g<br \/>\nFront Tire Pathfinder Sport, 20&#215;2.0&#8243;<br \/>\nRear Tire Pathfinder Sport, 20&#215;2.0&#8243;<br \/>\nInner Tubes Schrader, 32mm valve<br \/>\nSaddle Kids Bridge Saddle, 130mm<br \/>\nSeat Binder Bolt-type, 31.8mm<\/p>\n","protected":false},"featured_media":879,"comment_status":"closed","ping_status":"closed","template":"","meta":{"_kad_blocks_custom_css":"","_kad_blocks_head_custom_js":"","_kad_blocks_body_custom_js":"","_kad_blocks_footer_custom_js":"","_kadence_starter_templates_imported_post":false,"_kad_post_transparent":"default","_kad_post_title":"","_kad_post_layout":"default","_kad_post_sidebar_id":"","_kad_post_content_style":"default","_kad_post_vertical_padding":"default","_kad_post_feature":"","_kad_post_feature_position":"","_kad_post_header":false,"_kad_post_footer":false,"_kad_post_classname":""},"product_brand":[1218],"product_cat":[181,178,190],"product_tag":[],"class_list":{"0":"post-2741","1":"product","2":"type-product","3":"status-publish","4":"has-post-thumbnail","6":"product_brand-specialized","7":"product_cat-barncyklar","8":"product_cat-cyklar","9":"product_cat-specialized-sv","11":"first","12":"instock","13":"purchasable","14":"product-type-simple","15":"entry","16":"content-bg","17":"loop-entry"},"yoast_head":"<!-- This site is optimized with the Yoast SEO plugin v27.4 - https:\/\/yoast.com\/product\/yoast-seo-wordpress\/ -->\n<title>Specialized Jett 20&quot; 7v | Porvoon Py\u00f6r\u00e4keskus<\/title>\n<meta name=\"robots\" content=\"index, follow, max-snippet:-1, max-image-preview:large, max-video-preview:-1\" \/>\n<link rel=\"canonical\" href=\"https:\/\/porvoonpyorakeskus.fi\/sv\/produkt\/specialized-jett-20\/\" \/>\n<meta property=\"og:locale\" content=\"sv_SE\" \/>\n<meta property=\"og:type\" content=\"article\" \/>\n<meta property=\"og:title\" content=\"Specialized Jett 20&quot; 7v | Porvoon Py\u00f6r\u00e4keskus\" \/>\n<meta property=\"og:description\" content=\"Frame A1 Premium Butted Alloy, unisex frame, internal cable routing, 135x10mm forged dropouts, replaceable derailleur hanger Fork A1 Premium Butted Alloy, Alloy steerer, V-Brake Stem 3D Forged Aluminum, 35mm length, 6 degree rise, 25.4mm clamp diameter Handlebars Alloy Mini Rise, Double Butted, 60mm Rise, 5-degree Backsweep, 580mm Width, 25.4mm Clamp Diameter, 19mm Bar End Diameter Grips Jett Body Geometry, 19mm Internal Diameter, lock-on Front Brake V-brake w\/ tool-less reach adjust brake lever SeatPost Alloy, 2-bolt, 14mm offset, 27.2mm, 280mm length Rear Brake V-brake w\/ tool-less reach adjust brake lever Rear Derailleur Shimano RD-M310, 7-speed Shift Levers microSHIFT TS39 , 7-speed Cassette SunRace, 7-Speed, 11-34t Chain KMC HV500 CranksetForged Alloy, Square Taper, Adjustable 105\/125mm Length, w\/ Chainguard Bottom Bracket Square taper, Plastic cups, 113mm spindle Chainrings Forged Alloy, 34T Pedals Nylon platform w\/ reflectors Rims Alloy, 14mm Depth, 23mm Internal Width, 28H Front Hub Alloy, Loose Ball Bearings, Bolt type, 100mm Spacing, 28H Rear Hub Alloy, Loose Ball Bearings, Bolt type, 135mm Spacing, 28H Spokes Stainless, 14g Front Tire Pathfinder Sport, 20x2.0&quot; Rear Tire Pathfinder Sport, 20x2.0&quot; Inner Tubes Schrader, 32mm valve Saddle Kids Bridge Saddle, 130mm Seat Binder Bolt-type, 31.8mm\" \/>\n<meta property=\"og:url\" content=\"https:\/\/porvoonpyorakeskus.fi\/sv\/produkt\/specialized-jett-20\/\" \/>\n<meta property=\"og:site_name\" content=\"Porvoon Py\u00f6r\u00e4keskus\" \/>\n<meta property=\"article:publisher\" content=\"https:\/\/www.facebook.com\/porvoonpyorakeskus\" \/>\n<meta property=\"article:modified_time\" content=\"2025-09-08T09:50:05+00:00\" \/>\n<meta property=\"og:image\" content=\"https:\/\/porvoonpyorakeskus.fi\/wp-content\/uploads\/2022\/02\/2022_JETT-20_HERO_cobolt.jpg\" \/>\n\t<meta property=\"og:image:width\" content=\"920\" \/>\n\t<meta property=\"og:image:height\" content=\"640\" \/>\n\t<meta property=\"og:image:type\" content=\"image\/jpeg\" \/>\n<meta name=\"twitter:card\" content=\"summary_large_image\" \/>\n<meta name=\"twitter:label1\" content=\"Ber\u00e4knad l\u00e4stid\" \/>\n\t<meta name=\"twitter:data1\" content=\"2 minuter\" \/>\n<script type=\"application\/ld+json\" class=\"yoast-schema-graph\">{\"@context\":\"https:\\\/\\\/schema.org\",\"@graph\":[{\"@type\":\"WebPage\",\"@id\":\"https:\\\/\\\/porvoonpyorakeskus.fi\\\/sv\\\/produkt\\\/specialized-jett-20\\\/\",\"url\":\"https:\\\/\\\/porvoonpyorakeskus.fi\\\/sv\\\/produkt\\\/specialized-jett-20\\\/\",\"name\":\"Specialized Jett 20\\\" 7v | Porvoon Py\u00f6r\u00e4keskus\",\"isPartOf\":{\"@id\":\"https:\\\/\\\/porvoonpyorakeskus.fi\\\/sv\\\/#website\"},\"primaryImageOfPage\":{\"@id\":\"https:\\\/\\\/porvoonpyorakeskus.fi\\\/sv\\\/produkt\\\/specialized-jett-20\\\/#primaryimage\"},\"image\":{\"@id\":\"https:\\\/\\\/porvoonpyorakeskus.fi\\\/sv\\\/produkt\\\/specialized-jett-20\\\/#primaryimage\"},\"thumbnailUrl\":\"https:\\\/\\\/porvoonpyorakeskus.fi\\\/wp-content\\\/uploads\\\/2022\\\/02\\\/2022_JETT-20_HERO_cobolt.jpg\",\"datePublished\":\"2024-02-16T08:00:00+00:00\",\"dateModified\":\"2025-09-08T09:50:05+00:00\",\"breadcrumb\":{\"@id\":\"https:\\\/\\\/porvoonpyorakeskus.fi\\\/sv\\\/produkt\\\/specialized-jett-20\\\/#breadcrumb\"},\"inLanguage\":\"sv-SE\",\"potentialAction\":[{\"@type\":\"ReadAction\",\"target\":[\"https:\\\/\\\/porvoonpyorakeskus.fi\\\/sv\\\/produkt\\\/specialized-jett-20\\\/\"]}]},{\"@type\":\"ImageObject\",\"inLanguage\":\"sv-SE\",\"@id\":\"https:\\\/\\\/porvoonpyorakeskus.fi\\\/sv\\\/produkt\\\/specialized-jett-20\\\/#primaryimage\",\"url\":\"https:\\\/\\\/porvoonpyorakeskus.fi\\\/wp-content\\\/uploads\\\/2022\\\/02\\\/2022_JETT-20_HERO_cobolt.jpg\",\"contentUrl\":\"https:\\\/\\\/porvoonpyorakeskus.fi\\\/wp-content\\\/uploads\\\/2022\\\/02\\\/2022_JETT-20_HERO_cobolt.jpg\",\"width\":920,\"height\":640},{\"@type\":\"BreadcrumbList\",\"@id\":\"https:\\\/\\\/porvoonpyorakeskus.fi\\\/sv\\\/produkt\\\/specialized-jett-20\\\/#breadcrumb\",\"itemListElement\":[{\"@type\":\"ListItem\",\"position\":1,\"name\":\"Etusivu\",\"item\":\"https:\\\/\\\/porvoonpyorakeskus.fi\\\/sv\\\/\"},{\"@type\":\"ListItem\",\"position\":2,\"name\":\"Butik\",\"item\":\"https:\\\/\\\/porvoonpyorakeskus.fi\\\/sv\\\/butik\\\/\"},{\"@type\":\"ListItem\",\"position\":3,\"name\":\"Specialized Jett 20&#8243; 7v\"}]},{\"@type\":\"WebSite\",\"@id\":\"https:\\\/\\\/porvoonpyorakeskus.fi\\\/sv\\\/#website\",\"url\":\"https:\\\/\\\/porvoonpyorakeskus.fi\\\/sv\\\/\",\"name\":\"Porvoon py\u00f6r\u00e4keskus\",\"description\":\"Py\u00f6r\u00e4liike ja py\u00f6r\u00e4huolto Porvoon keskustassa. Body Geometry fit ajoasennon mittaus\",\"publisher\":{\"@id\":\"https:\\\/\\\/porvoonpyorakeskus.fi\\\/sv\\\/#organization\"},\"alternateName\":\"Py\u00f6r\u00e4keskus\",\"potentialAction\":[{\"@type\":\"SearchAction\",\"target\":{\"@type\":\"EntryPoint\",\"urlTemplate\":\"https:\\\/\\\/porvoonpyorakeskus.fi\\\/sv\\\/?s={search_term_string}\"},\"query-input\":{\"@type\":\"PropertyValueSpecification\",\"valueRequired\":true,\"valueName\":\"search_term_string\"}}],\"inLanguage\":\"sv-SE\"},{\"@type\":\"Organization\",\"@id\":\"https:\\\/\\\/porvoonpyorakeskus.fi\\\/sv\\\/#organization\",\"name\":\"Porvoon Py\u00f6r\u00e4keskus\",\"alternateName\":\"Py\u00f6r\u00e4keskus\",\"url\":\"https:\\\/\\\/porvoonpyorakeskus.fi\\\/sv\\\/\",\"logo\":{\"@type\":\"ImageObject\",\"inLanguage\":\"sv-SE\",\"@id\":\"https:\\\/\\\/porvoonpyorakeskus.fi\\\/sv\\\/#\\\/schema\\\/logo\\\/image\\\/\",\"url\":\"https:\\\/\\\/porvoonpyorakeskus.fi\\\/wp-content\\\/uploads\\\/2022\\\/03\\\/Porvoon-Pyorakeskus-logo.png\",\"contentUrl\":\"https:\\\/\\\/porvoonpyorakeskus.fi\\\/wp-content\\\/uploads\\\/2022\\\/03\\\/Porvoon-Pyorakeskus-logo.png\",\"width\":257,\"height\":148,\"caption\":\"Porvoon Py\u00f6r\u00e4keskus\"},\"image\":{\"@id\":\"https:\\\/\\\/porvoonpyorakeskus.fi\\\/sv\\\/#\\\/schema\\\/logo\\\/image\\\/\"},\"sameAs\":[\"https:\\\/\\\/www.facebook.com\\\/porvoonpyorakeskus\",\"https:\\\/\\\/www.instagram.com\\\/porvoonpyorakeskus\\\/\"]}]}<\/script>\n<!-- \/ Yoast SEO plugin. -->","yoast_head_json":{"title":"Specialized Jett 20\" 7v | Porvoon Py\u00f6r\u00e4keskus","robots":{"index":"index","follow":"follow","max-snippet":"max-snippet:-1","max-image-preview":"max-image-preview:large","max-video-preview":"max-video-preview:-1"},"canonical":"https:\/\/porvoonpyorakeskus.fi\/sv\/produkt\/specialized-jett-20\/","og_locale":"sv_SE","og_type":"article","og_title":"Specialized Jett 20\" 7v | Porvoon Py\u00f6r\u00e4keskus","og_description":"Frame A1 Premium Butted Alloy, unisex frame, internal cable routing, 135x10mm forged dropouts, replaceable derailleur hanger Fork A1 Premium Butted Alloy, Alloy steerer, V-Brake Stem 3D Forged Aluminum, 35mm length, 6 degree rise, 25.4mm clamp diameter Handlebars Alloy Mini Rise, Double Butted, 60mm Rise, 5-degree Backsweep, 580mm Width, 25.4mm Clamp Diameter, 19mm Bar End Diameter Grips Jett Body Geometry, 19mm Internal Diameter, lock-on Front Brake V-brake w\/ tool-less reach adjust brake lever SeatPost Alloy, 2-bolt, 14mm offset, 27.2mm, 280mm length Rear Brake V-brake w\/ tool-less reach adjust brake lever Rear Derailleur Shimano RD-M310, 7-speed Shift Levers microSHIFT TS39 , 7-speed Cassette SunRace, 7-Speed, 11-34t Chain KMC HV500 CranksetForged Alloy, Square Taper, Adjustable 105\/125mm Length, w\/ Chainguard Bottom Bracket Square taper, Plastic cups, 113mm spindle Chainrings Forged Alloy, 34T Pedals Nylon platform w\/ reflectors Rims Alloy, 14mm Depth, 23mm Internal Width, 28H Front Hub Alloy, Loose Ball Bearings, Bolt type, 100mm Spacing, 28H Rear Hub Alloy, Loose Ball Bearings, Bolt type, 135mm Spacing, 28H Spokes Stainless, 14g Front Tire Pathfinder Sport, 20x2.0\" Rear Tire Pathfinder Sport, 20x2.0\" Inner Tubes Schrader, 32mm valve Saddle Kids Bridge Saddle, 130mm Seat Binder Bolt-type, 31.8mm","og_url":"https:\/\/porvoonpyorakeskus.fi\/sv\/produkt\/specialized-jett-20\/","og_site_name":"Porvoon Py\u00f6r\u00e4keskus","article_publisher":"https:\/\/www.facebook.com\/porvoonpyorakeskus","article_modified_time":"2025-09-08T09:50:05+00:00","og_image":[{"width":920,"height":640,"url":"https:\/\/porvoonpyorakeskus.fi\/wp-content\/uploads\/2022\/02\/2022_JETT-20_HERO_cobolt.jpg","type":"image\/jpeg"}],"twitter_card":"summary_large_image","twitter_misc":{"Ber\u00e4knad l\u00e4stid":"2 minuter"},"schema":{"@context":"https:\/\/schema.org","@graph":[{"@type":"WebPage","@id":"https:\/\/porvoonpyorakeskus.fi\/sv\/produkt\/specialized-jett-20\/","url":"https:\/\/porvoonpyorakeskus.fi\/sv\/produkt\/specialized-jett-20\/","name":"Specialized Jett 20\" 7v | Porvoon Py\u00f6r\u00e4keskus","isPartOf":{"@id":"https:\/\/porvoonpyorakeskus.fi\/sv\/#website"},"primaryImageOfPage":{"@id":"https:\/\/porvoonpyorakeskus.fi\/sv\/produkt\/specialized-jett-20\/#primaryimage"},"image":{"@id":"https:\/\/porvoonpyorakeskus.fi\/sv\/produkt\/specialized-jett-20\/#primaryimage"},"thumbnailUrl":"https:\/\/porvoonpyorakeskus.fi\/wp-content\/uploads\/2022\/02\/2022_JETT-20_HERO_cobolt.jpg","datePublished":"2024-02-16T08:00:00+00:00","dateModified":"2025-09-08T09:50:05+00:00","breadcrumb":{"@id":"https:\/\/porvoonpyorakeskus.fi\/sv\/produkt\/specialized-jett-20\/#breadcrumb"},"inLanguage":"sv-SE","potentialAction":[{"@type":"ReadAction","target":["https:\/\/porvoonpyorakeskus.fi\/sv\/produkt\/specialized-jett-20\/"]}]},{"@type":"ImageObject","inLanguage":"sv-SE","@id":"https:\/\/porvoonpyorakeskus.fi\/sv\/produkt\/specialized-jett-20\/#primaryimage","url":"https:\/\/porvoonpyorakeskus.fi\/wp-content\/uploads\/2022\/02\/2022_JETT-20_HERO_cobolt.jpg","contentUrl":"https:\/\/porvoonpyorakeskus.fi\/wp-content\/uploads\/2022\/02\/2022_JETT-20_HERO_cobolt.jpg","width":920,"height":640},{"@type":"BreadcrumbList","@id":"https:\/\/porvoonpyorakeskus.fi\/sv\/produkt\/specialized-jett-20\/#breadcrumb","itemListElement":[{"@type":"ListItem","position":1,"name":"Etusivu","item":"https:\/\/porvoonpyorakeskus.fi\/sv\/"},{"@type":"ListItem","position":2,"name":"Butik","item":"https:\/\/porvoonpyorakeskus.fi\/sv\/butik\/"},{"@type":"ListItem","position":3,"name":"Specialized Jett 20&#8243; 7v"}]},{"@type":"WebSite","@id":"https:\/\/porvoonpyorakeskus.fi\/sv\/#website","url":"https:\/\/porvoonpyorakeskus.fi\/sv\/","name":"Porvoon py\u00f6r\u00e4keskus","description":"Py\u00f6r\u00e4liike ja py\u00f6r\u00e4huolto Porvoon keskustassa. Body Geometry fit ajoasennon mittaus","publisher":{"@id":"https:\/\/porvoonpyorakeskus.fi\/sv\/#organization"},"alternateName":"Py\u00f6r\u00e4keskus","potentialAction":[{"@type":"SearchAction","target":{"@type":"EntryPoint","urlTemplate":"https:\/\/porvoonpyorakeskus.fi\/sv\/?s={search_term_string}"},"query-input":{"@type":"PropertyValueSpecification","valueRequired":true,"valueName":"search_term_string"}}],"inLanguage":"sv-SE"},{"@type":"Organization","@id":"https:\/\/porvoonpyorakeskus.fi\/sv\/#organization","name":"Porvoon Py\u00f6r\u00e4keskus","alternateName":"Py\u00f6r\u00e4keskus","url":"https:\/\/porvoonpyorakeskus.fi\/sv\/","logo":{"@type":"ImageObject","inLanguage":"sv-SE","@id":"https:\/\/porvoonpyorakeskus.fi\/sv\/#\/schema\/logo\/image\/","url":"https:\/\/porvoonpyorakeskus.fi\/wp-content\/uploads\/2022\/03\/Porvoon-Pyorakeskus-logo.png","contentUrl":"https:\/\/porvoonpyorakeskus.fi\/wp-content\/uploads\/2022\/03\/Porvoon-Pyorakeskus-logo.png","width":257,"height":148,"caption":"Porvoon Py\u00f6r\u00e4keskus"},"image":{"@id":"https:\/\/porvoonpyorakeskus.fi\/sv\/#\/schema\/logo\/image\/"},"sameAs":["https:\/\/www.facebook.com\/porvoonpyorakeskus","https:\/\/www.instagram.com\/porvoonpyorakeskus\/"]}]}},"taxonomy_info":{"product_brand":[{"value":1218,"label":"Specialized"}],"product_cat":[{"value":181,"label":"Barncyklar"},{"value":178,"label":"Cyklar"},{"value":190,"label":"Specialized cyklar"}]},"featured_image_src_large":["https:\/\/porvoonpyorakeskus.fi\/wp-content\/uploads\/2022\/02\/2022_JETT-20_HERO_cobolt.jpg",920,640,false],"author_info":[],"comment_info":0,"_links":{"self":[{"href":"https:\/\/porvoonpyorakeskus.fi\/sv\/wp-json\/wp\/v2\/product\/2741","targetHints":{"allow":["GET"]}}],"collection":[{"href":"https:\/\/porvoonpyorakeskus.fi\/sv\/wp-json\/wp\/v2\/product"}],"about":[{"href":"https:\/\/porvoonpyorakeskus.fi\/sv\/wp-json\/wp\/v2\/types\/product"}],"replies":[{"embeddable":true,"href":"https:\/\/porvoonpyorakeskus.fi\/sv\/wp-json\/wp\/v2\/comments?post=2741"}],"wp:featuredmedia":[{"embeddable":true,"href":"https:\/\/porvoonpyorakeskus.fi\/sv\/wp-json\/wp\/v2\/media\/879"}],"wp:attachment":[{"href":"https:\/\/porvoonpyorakeskus.fi\/sv\/wp-json\/wp\/v2\/media?parent=2741"}],"wp:term":[{"taxonomy":"product_brand","embeddable":true,"href":"https:\/\/porvoonpyorakeskus.fi\/sv\/wp-json\/wp\/v2\/product_brand?post=2741"},{"taxonomy":"product_cat","embeddable":true,"href":"https:\/\/porvoonpyorakeskus.fi\/sv\/wp-json\/wp\/v2\/product_cat?post=2741"},{"taxonomy":"product_tag","embeddable":true,"href":"https:\/\/porvoonpyorakeskus.fi\/sv\/wp-json\/wp\/v2\/product_tag?post=2741"}],"curies":[{"name":"wp","href":"https:\/\/api.w.org\/{rel}","templated":true}]}}