{"id":2738,"date":"2024-01-15T13:00:00","date_gmt":"2024-01-15T11:00:00","guid":{"rendered":"https:\/\/porvoonpyorakeskus.fi\/index.php\/tuote\/2022-specialized-sirrus-x-3-eq\/"},"modified":"2025-11-06T15:51:32","modified_gmt":"2025-11-06T13:51:32","slug":"2022-specialized-sirrus-x-3-eq","status":"publish","type":"product","link":"https:\/\/porvoonpyorakeskus.fi\/sv\/produkt\/2022-specialized-sirrus-x-3-eq\/","title":{"rendered":"Specialized Sirrus x 3 EQ"},"content":{"rendered":"<p>Snabba och komplett utrustade Specialized Sirrus X 3.0 EQ har en bred repertoar och just modellserien &#8220;Sirrus&#8221; har p\u00e5 sistone blivit den urbana pendlarcykeln nummer ett i v\u00e5rt avl\u00e5nga land. Och just Sirrus X har lite sn\u00e4llare och mer komfortabel sittst\u00e4llning \u00e4n vanliga Sirrus. Dessutom med bredare d\u00e4ck, som ocks\u00e5 det \u00f6kar p\u00e5 komforten, men ocks\u00e5 g\u00f6r &#8220;X&#8221;:et mer o\u00f6m och l\u00e4mplig p\u00e5 grusv\u00e4gar och s\u00e4mre underlag. Egenskaper som ju inte alls \u00e4r dumma f\u00f6r m\u00e5nga pendlare d\u00e4rute. En perfekt cykel f\u00f6r allt fr\u00e5n tr\u00e4ning till pendling och allt d\u00e4remellan. &#8220;EQ&#8221; \u00e4r samtidigt en komplett utrustad modell. <\/p>\n<p>Har fin aluminiumram med l\u00e4gre insteg och flackare sadelr\u00f6r vilket ger mer komfort och b\u00e4ttre ergonomi, samtidigt som den \u00e4r tillr\u00e4ckligt l\u00e5ng f\u00f6r att ge den d\u00e4r sportiga och snabba upplevelsen som uppskattas av den hurtige svenska pendlaren. Har \u00e4ven snygg inv\u00e4ndig vajerdragning.<br \/>\nDrivlina \u00e4r Shimano Deore som du annars hittar p\u00e5 MTB. Bra v\u00e4xlar som funkar i ur och skur och erbjuder bred utv\u00e4xling.<br \/>\nUtrustad med Specialized&#8217;s specifikt framtagna sk\u00e4rmar och paketh\u00e5llare, mycket snygg och praktisk integration. Har dessutom dynamonav i framhjulet som driver belysningen fram och bak, tryckknapp av\/p\u00e5 sitter p\u00e5 framlampan.<br \/>\nUtrustad i \u00f6vrigt bl.a. med hydrauliska skivbromsar, st\u00f6d och reflexd\u00e4ck med bra punkteringsskydd.<br \/>\nKontaktpunkterna med cyklisten, i det h\u00e4r fallet handtag och sadel, \u00e4r utrustade med Specializeds ergonomiskt utformade Body Geometry-produkter.<br \/>\nG\u00e5r att utrusta med t.ex barnstol och funkar bra med v\u00e4skor.<br \/>\nEn modern hybrid som funkar lysande till r\u00f6dljusracing i innerstadsmilj\u00f6er samtidigt som den \u00e4r det b\u00e4sta valet f\u00f6r pendlaren som s\u00f6ker motion p\u00e5 sin v\u00e4g till och fr\u00e5n jobbet.<\/p>\n","protected":false},"excerpt":{"rendered":"<p>Snabba och komplett utrustade Specialized Sirrus X 3.0 EQ har en bred repertoar och just modellserien &#8220;Sirrus&#8221; har p\u00e5 sistone blivit den urbana pendlarcykeln nummer ett i v\u00e5rt avl\u00e5nga land. Och just Sirrus X har lite sn\u00e4llare och mer komfortabel sittst\u00e4llning \u00e4n vanliga Sirrus. Dessutom med bredare d\u00e4ck, som ocks\u00e5 det \u00f6kar p\u00e5 komforten, men&#8230;<\/p>\n","protected":false},"featured_media":796,"comment_status":"closed","ping_status":"closed","template":"","meta":{"_kad_blocks_custom_css":"","_kad_blocks_head_custom_js":"","_kad_blocks_body_custom_js":"","_kad_blocks_footer_custom_js":"","_kadence_starter_templates_imported_post":false,"_kad_post_transparent":"default","_kad_post_title":"","_kad_post_layout":"default","_kad_post_sidebar_id":"","_kad_post_content_style":"default","_kad_post_vertical_padding":"default","_kad_post_feature":"","_kad_post_feature_position":"","_kad_post_header":false,"_kad_post_footer":false,"_kad_post_classname":""},"product_brand":[1218],"product_cat":[182,183,190,180],"product_tag":[1383],"class_list":{"0":"post-2738","1":"product","2":"type-product","3":"status-publish","4":"has-post-thumbnail","6":"product_brand-specialized","7":"product_cat-herrcyklar","8":"product_cat-herrcyklar-fitness","9":"product_cat-specialized-sv","10":"product_cat-stadscyklar","11":"product_tag-specialized-sirrus-x-3-0-eq","13":"first","14":"instock","15":"purchasable","16":"product-type-simple","17":"entry","18":"content-bg","19":"loop-entry"},"yoast_head":"<!-- This site is optimized with the Yoast SEO plugin v27.4 - https:\/\/yoast.com\/product\/yoast-seo-wordpress\/ -->\n<title>Specialized Sirrus x 3 EQ | Porvoon Py\u00f6r\u00e4keskus<\/title>\n<meta name=\"robots\" content=\"index, follow, max-snippet:-1, max-image-preview:large, max-video-preview:-1\" \/>\n<link rel=\"canonical\" href=\"https:\/\/porvoonpyorakeskus.fi\/sv\/produkt\/2022-specialized-sirrus-x-3-eq\/\" \/>\n<meta property=\"og:locale\" content=\"sv_SE\" \/>\n<meta property=\"og:type\" content=\"article\" \/>\n<meta property=\"og:title\" content=\"Specialized Sirrus x 3 EQ | Porvoon Py\u00f6r\u00e4keskus\" \/>\n<meta property=\"og:description\" content=\"Snabba och komplett utrustade Specialized Sirrus X 3.0 EQ har en bred repertoar och just modellserien &#8220;Sirrus&#8221; har p\u00e5 sistone blivit den urbana pendlarcykeln nummer ett i v\u00e5rt avl\u00e5nga land. Och just Sirrus X har lite sn\u00e4llare och mer komfortabel sittst\u00e4llning \u00e4n vanliga Sirrus. Dessutom med bredare d\u00e4ck, som ocks\u00e5 det \u00f6kar p\u00e5 komforten, men...\" \/>\n<meta property=\"og:url\" content=\"https:\/\/porvoonpyorakeskus.fi\/sv\/produkt\/2022-specialized-sirrus-x-3-eq\/\" \/>\n<meta property=\"og:site_name\" content=\"Porvoon Py\u00f6r\u00e4keskus\" \/>\n<meta property=\"article:publisher\" content=\"https:\/\/www.facebook.com\/porvoonpyorakeskus\" \/>\n<meta property=\"article:modified_time\" content=\"2025-11-06T13:51:32+00:00\" \/>\n<meta property=\"og:image\" content=\"https:\/\/porvoonpyorakeskus.fi\/wp-content\/uploads\/2022\/02\/2021_SIRRUS-X-30-EQ-NRBLK-BLKREFL_HERO.jpg\" \/>\n\t<meta property=\"og:image:width\" content=\"920\" \/>\n\t<meta property=\"og:image:height\" content=\"640\" \/>\n\t<meta property=\"og:image:type\" content=\"image\/jpeg\" \/>\n<meta name=\"twitter:card\" content=\"summary_large_image\" \/>\n<meta name=\"twitter:label1\" content=\"Ber\u00e4knad l\u00e4stid\" \/>\n\t<meta name=\"twitter:data1\" content=\"2 minuter\" \/>\n<script type=\"application\/ld+json\" class=\"yoast-schema-graph\">{\"@context\":\"https:\\\/\\\/schema.org\",\"@graph\":[{\"@type\":\"WebPage\",\"@id\":\"https:\\\/\\\/porvoonpyorakeskus.fi\\\/sv\\\/produkt\\\/2022-specialized-sirrus-x-3-eq\\\/\",\"url\":\"https:\\\/\\\/porvoonpyorakeskus.fi\\\/sv\\\/produkt\\\/2022-specialized-sirrus-x-3-eq\\\/\",\"name\":\"Specialized Sirrus x 3 EQ | Porvoon Py\u00f6r\u00e4keskus\",\"isPartOf\":{\"@id\":\"https:\\\/\\\/porvoonpyorakeskus.fi\\\/sv\\\/#website\"},\"primaryImageOfPage\":{\"@id\":\"https:\\\/\\\/porvoonpyorakeskus.fi\\\/sv\\\/produkt\\\/2022-specialized-sirrus-x-3-eq\\\/#primaryimage\"},\"image\":{\"@id\":\"https:\\\/\\\/porvoonpyorakeskus.fi\\\/sv\\\/produkt\\\/2022-specialized-sirrus-x-3-eq\\\/#primaryimage\"},\"thumbnailUrl\":\"https:\\\/\\\/porvoonpyorakeskus.fi\\\/wp-content\\\/uploads\\\/2022\\\/02\\\/2021_SIRRUS-X-30-EQ-NRBLK-BLKREFL_HERO.jpg\",\"datePublished\":\"2024-01-15T11:00:00+00:00\",\"dateModified\":\"2025-11-06T13:51:32+00:00\",\"breadcrumb\":{\"@id\":\"https:\\\/\\\/porvoonpyorakeskus.fi\\\/sv\\\/produkt\\\/2022-specialized-sirrus-x-3-eq\\\/#breadcrumb\"},\"inLanguage\":\"sv-SE\",\"potentialAction\":[{\"@type\":\"ReadAction\",\"target\":[\"https:\\\/\\\/porvoonpyorakeskus.fi\\\/sv\\\/produkt\\\/2022-specialized-sirrus-x-3-eq\\\/\"]}]},{\"@type\":\"ImageObject\",\"inLanguage\":\"sv-SE\",\"@id\":\"https:\\\/\\\/porvoonpyorakeskus.fi\\\/sv\\\/produkt\\\/2022-specialized-sirrus-x-3-eq\\\/#primaryimage\",\"url\":\"https:\\\/\\\/porvoonpyorakeskus.fi\\\/wp-content\\\/uploads\\\/2022\\\/02\\\/2021_SIRRUS-X-30-EQ-NRBLK-BLKREFL_HERO.jpg\",\"contentUrl\":\"https:\\\/\\\/porvoonpyorakeskus.fi\\\/wp-content\\\/uploads\\\/2022\\\/02\\\/2021_SIRRUS-X-30-EQ-NRBLK-BLKREFL_HERO.jpg\",\"width\":920,\"height\":640},{\"@type\":\"BreadcrumbList\",\"@id\":\"https:\\\/\\\/porvoonpyorakeskus.fi\\\/sv\\\/produkt\\\/2022-specialized-sirrus-x-3-eq\\\/#breadcrumb\",\"itemListElement\":[{\"@type\":\"ListItem\",\"position\":1,\"name\":\"Etusivu\",\"item\":\"https:\\\/\\\/porvoonpyorakeskus.fi\\\/sv\\\/\"},{\"@type\":\"ListItem\",\"position\":2,\"name\":\"Butik\",\"item\":\"https:\\\/\\\/porvoonpyorakeskus.fi\\\/sv\\\/butik\\\/\"},{\"@type\":\"ListItem\",\"position\":3,\"name\":\"Specialized Sirrus x 3 EQ\"}]},{\"@type\":\"WebSite\",\"@id\":\"https:\\\/\\\/porvoonpyorakeskus.fi\\\/sv\\\/#website\",\"url\":\"https:\\\/\\\/porvoonpyorakeskus.fi\\\/sv\\\/\",\"name\":\"Porvoon py\u00f6r\u00e4keskus\",\"description\":\"Py\u00f6r\u00e4liike ja py\u00f6r\u00e4huolto Porvoon keskustassa. Body Geometry fit ajoasennon mittaus\",\"publisher\":{\"@id\":\"https:\\\/\\\/porvoonpyorakeskus.fi\\\/sv\\\/#organization\"},\"alternateName\":\"Py\u00f6r\u00e4keskus\",\"potentialAction\":[{\"@type\":\"SearchAction\",\"target\":{\"@type\":\"EntryPoint\",\"urlTemplate\":\"https:\\\/\\\/porvoonpyorakeskus.fi\\\/sv\\\/?s={search_term_string}\"},\"query-input\":{\"@type\":\"PropertyValueSpecification\",\"valueRequired\":true,\"valueName\":\"search_term_string\"}}],\"inLanguage\":\"sv-SE\"},{\"@type\":\"Organization\",\"@id\":\"https:\\\/\\\/porvoonpyorakeskus.fi\\\/sv\\\/#organization\",\"name\":\"Porvoon Py\u00f6r\u00e4keskus\",\"alternateName\":\"Py\u00f6r\u00e4keskus\",\"url\":\"https:\\\/\\\/porvoonpyorakeskus.fi\\\/sv\\\/\",\"logo\":{\"@type\":\"ImageObject\",\"inLanguage\":\"sv-SE\",\"@id\":\"https:\\\/\\\/porvoonpyorakeskus.fi\\\/sv\\\/#\\\/schema\\\/logo\\\/image\\\/\",\"url\":\"https:\\\/\\\/porvoonpyorakeskus.fi\\\/wp-content\\\/uploads\\\/2022\\\/03\\\/Porvoon-Pyorakeskus-logo.png\",\"contentUrl\":\"https:\\\/\\\/porvoonpyorakeskus.fi\\\/wp-content\\\/uploads\\\/2022\\\/03\\\/Porvoon-Pyorakeskus-logo.png\",\"width\":257,\"height\":148,\"caption\":\"Porvoon Py\u00f6r\u00e4keskus\"},\"image\":{\"@id\":\"https:\\\/\\\/porvoonpyorakeskus.fi\\\/sv\\\/#\\\/schema\\\/logo\\\/image\\\/\"},\"sameAs\":[\"https:\\\/\\\/www.facebook.com\\\/porvoonpyorakeskus\",\"https:\\\/\\\/www.instagram.com\\\/porvoonpyorakeskus\\\/\"]}]}<\/script>\n<!-- \/ Yoast SEO plugin. -->","yoast_head_json":{"title":"Specialized Sirrus x 3 EQ | Porvoon Py\u00f6r\u00e4keskus","robots":{"index":"index","follow":"follow","max-snippet":"max-snippet:-1","max-image-preview":"max-image-preview:large","max-video-preview":"max-video-preview:-1"},"canonical":"https:\/\/porvoonpyorakeskus.fi\/sv\/produkt\/2022-specialized-sirrus-x-3-eq\/","og_locale":"sv_SE","og_type":"article","og_title":"Specialized Sirrus x 3 EQ | Porvoon Py\u00f6r\u00e4keskus","og_description":"Snabba och komplett utrustade Specialized Sirrus X 3.0 EQ har en bred repertoar och just modellserien &#8220;Sirrus&#8221; har p\u00e5 sistone blivit den urbana pendlarcykeln nummer ett i v\u00e5rt avl\u00e5nga land. Och just Sirrus X har lite sn\u00e4llare och mer komfortabel sittst\u00e4llning \u00e4n vanliga Sirrus. Dessutom med bredare d\u00e4ck, som ocks\u00e5 det \u00f6kar p\u00e5 komforten, men...","og_url":"https:\/\/porvoonpyorakeskus.fi\/sv\/produkt\/2022-specialized-sirrus-x-3-eq\/","og_site_name":"Porvoon Py\u00f6r\u00e4keskus","article_publisher":"https:\/\/www.facebook.com\/porvoonpyorakeskus","article_modified_time":"2025-11-06T13:51:32+00:00","og_image":[{"width":920,"height":640,"url":"https:\/\/porvoonpyorakeskus.fi\/wp-content\/uploads\/2022\/02\/2021_SIRRUS-X-30-EQ-NRBLK-BLKREFL_HERO.jpg","type":"image\/jpeg"}],"twitter_card":"summary_large_image","twitter_misc":{"Ber\u00e4knad l\u00e4stid":"2 minuter"},"schema":{"@context":"https:\/\/schema.org","@graph":[{"@type":"WebPage","@id":"https:\/\/porvoonpyorakeskus.fi\/sv\/produkt\/2022-specialized-sirrus-x-3-eq\/","url":"https:\/\/porvoonpyorakeskus.fi\/sv\/produkt\/2022-specialized-sirrus-x-3-eq\/","name":"Specialized Sirrus x 3 EQ | Porvoon Py\u00f6r\u00e4keskus","isPartOf":{"@id":"https:\/\/porvoonpyorakeskus.fi\/sv\/#website"},"primaryImageOfPage":{"@id":"https:\/\/porvoonpyorakeskus.fi\/sv\/produkt\/2022-specialized-sirrus-x-3-eq\/#primaryimage"},"image":{"@id":"https:\/\/porvoonpyorakeskus.fi\/sv\/produkt\/2022-specialized-sirrus-x-3-eq\/#primaryimage"},"thumbnailUrl":"https:\/\/porvoonpyorakeskus.fi\/wp-content\/uploads\/2022\/02\/2021_SIRRUS-X-30-EQ-NRBLK-BLKREFL_HERO.jpg","datePublished":"2024-01-15T11:00:00+00:00","dateModified":"2025-11-06T13:51:32+00:00","breadcrumb":{"@id":"https:\/\/porvoonpyorakeskus.fi\/sv\/produkt\/2022-specialized-sirrus-x-3-eq\/#breadcrumb"},"inLanguage":"sv-SE","potentialAction":[{"@type":"ReadAction","target":["https:\/\/porvoonpyorakeskus.fi\/sv\/produkt\/2022-specialized-sirrus-x-3-eq\/"]}]},{"@type":"ImageObject","inLanguage":"sv-SE","@id":"https:\/\/porvoonpyorakeskus.fi\/sv\/produkt\/2022-specialized-sirrus-x-3-eq\/#primaryimage","url":"https:\/\/porvoonpyorakeskus.fi\/wp-content\/uploads\/2022\/02\/2021_SIRRUS-X-30-EQ-NRBLK-BLKREFL_HERO.jpg","contentUrl":"https:\/\/porvoonpyorakeskus.fi\/wp-content\/uploads\/2022\/02\/2021_SIRRUS-X-30-EQ-NRBLK-BLKREFL_HERO.jpg","width":920,"height":640},{"@type":"BreadcrumbList","@id":"https:\/\/porvoonpyorakeskus.fi\/sv\/produkt\/2022-specialized-sirrus-x-3-eq\/#breadcrumb","itemListElement":[{"@type":"ListItem","position":1,"name":"Etusivu","item":"https:\/\/porvoonpyorakeskus.fi\/sv\/"},{"@type":"ListItem","position":2,"name":"Butik","item":"https:\/\/porvoonpyorakeskus.fi\/sv\/butik\/"},{"@type":"ListItem","position":3,"name":"Specialized Sirrus x 3 EQ"}]},{"@type":"WebSite","@id":"https:\/\/porvoonpyorakeskus.fi\/sv\/#website","url":"https:\/\/porvoonpyorakeskus.fi\/sv\/","name":"Porvoon py\u00f6r\u00e4keskus","description":"Py\u00f6r\u00e4liike ja py\u00f6r\u00e4huolto Porvoon keskustassa. Body Geometry fit ajoasennon mittaus","publisher":{"@id":"https:\/\/porvoonpyorakeskus.fi\/sv\/#organization"},"alternateName":"Py\u00f6r\u00e4keskus","potentialAction":[{"@type":"SearchAction","target":{"@type":"EntryPoint","urlTemplate":"https:\/\/porvoonpyorakeskus.fi\/sv\/?s={search_term_string}"},"query-input":{"@type":"PropertyValueSpecification","valueRequired":true,"valueName":"search_term_string"}}],"inLanguage":"sv-SE"},{"@type":"Organization","@id":"https:\/\/porvoonpyorakeskus.fi\/sv\/#organization","name":"Porvoon Py\u00f6r\u00e4keskus","alternateName":"Py\u00f6r\u00e4keskus","url":"https:\/\/porvoonpyorakeskus.fi\/sv\/","logo":{"@type":"ImageObject","inLanguage":"sv-SE","@id":"https:\/\/porvoonpyorakeskus.fi\/sv\/#\/schema\/logo\/image\/","url":"https:\/\/porvoonpyorakeskus.fi\/wp-content\/uploads\/2022\/03\/Porvoon-Pyorakeskus-logo.png","contentUrl":"https:\/\/porvoonpyorakeskus.fi\/wp-content\/uploads\/2022\/03\/Porvoon-Pyorakeskus-logo.png","width":257,"height":148,"caption":"Porvoon Py\u00f6r\u00e4keskus"},"image":{"@id":"https:\/\/porvoonpyorakeskus.fi\/sv\/#\/schema\/logo\/image\/"},"sameAs":["https:\/\/www.facebook.com\/porvoonpyorakeskus","https:\/\/www.instagram.com\/porvoonpyorakeskus\/"]}]}},"taxonomy_info":{"product_brand":[{"value":1218,"label":"Specialized"}],"product_cat":[{"value":182,"label":"Herrcyklar"},{"value":183,"label":"Herrcyklar fitness"},{"value":190,"label":"Specialized cyklar"},{"value":180,"label":"Stadscyklar"}],"product_tag":[{"value":1383,"label":"Specialized sirrus x 3.0 eq"}]},"featured_image_src_large":["https:\/\/porvoonpyorakeskus.fi\/wp-content\/uploads\/2022\/02\/2021_SIRRUS-X-30-EQ-NRBLK-BLKREFL_HERO.jpg",920,640,false],"author_info":[],"comment_info":0,"_links":{"self":[{"href":"https:\/\/porvoonpyorakeskus.fi\/sv\/wp-json\/wp\/v2\/product\/2738","targetHints":{"allow":["GET"]}}],"collection":[{"href":"https:\/\/porvoonpyorakeskus.fi\/sv\/wp-json\/wp\/v2\/product"}],"about":[{"href":"https:\/\/porvoonpyorakeskus.fi\/sv\/wp-json\/wp\/v2\/types\/product"}],"replies":[{"embeddable":true,"href":"https:\/\/porvoonpyorakeskus.fi\/sv\/wp-json\/wp\/v2\/comments?post=2738"}],"wp:featuredmedia":[{"embeddable":true,"href":"https:\/\/porvoonpyorakeskus.fi\/sv\/wp-json\/wp\/v2\/media\/796"}],"wp:attachment":[{"href":"https:\/\/porvoonpyorakeskus.fi\/sv\/wp-json\/wp\/v2\/media?parent=2738"}],"wp:term":[{"taxonomy":"product_brand","embeddable":true,"href":"https:\/\/porvoonpyorakeskus.fi\/sv\/wp-json\/wp\/v2\/product_brand?post=2738"},{"taxonomy":"product_cat","embeddable":true,"href":"https:\/\/porvoonpyorakeskus.fi\/sv\/wp-json\/wp\/v2\/product_cat?post=2738"},{"taxonomy":"product_tag","embeddable":true,"href":"https:\/\/porvoonpyorakeskus.fi\/sv\/wp-json\/wp\/v2\/product_tag?post=2738"}],"curies":[{"name":"wp","href":"https:\/\/api.w.org\/{rel}","templated":true}]}}