{"id":2737,"date":"2024-02-10T10:17:00","date_gmt":"2024-02-10T08:17:00","guid":{"rendered":"https:\/\/porvoonpyorakeskus.fi\/index.php\/tuote\/specialized-torch-2-0-landsvags-skor\/"},"modified":"2022-03-29T18:15:22","modified_gmt":"2022-03-29T15:15:22","slug":"specialized-torch-2-0-landsvags-skor","status":"publish","type":"product","link":"https:\/\/porvoonpyorakeskus.fi\/sv\/produkt\/specialized-torch-2-0-landsvags-skor\/","title":{"rendered":"Specialized Torch 2.0 landsv\u00e4gs skor"},"content":{"rendered":"","protected":false},"excerpt":{"rendered":"<p>Specialized Torch 2.0 Road \u00e4r en av de bekv\u00e4maste skorna p\u00e5 marknaden idag. Specialized har gjort \u00f6vedelen i meshtyg och TPU med lite mer utrymme i t\u00e5boxen f\u00f6r att bli av med den strumpliknande, stela och obekv\u00e4ma k\u00e4nslan man ibland kan erfara i racerskor.<\/p>\n<p>Sulan \u00e4r gjord i Specializeds medelh\u00e5rda FACT-kolfiber med ett Stiffness Index p\u00e5 7 vilket ger en bra kraft\u00f6verf\u00f6ring och l\u00e5g vikt. Yttersulan \u00e4r \u00e4ven f\u00f6rsedd med gummi under t\u00e5 och h\u00e4l s\u00e5 skon ska greppa \u00e4ven n\u00e4r du inte sitter p\u00e5 cykeln.<\/p>\n<p>Skon \u00e4r utustad med en velcrorem samt ett Boa-system f\u00f6r att tighta skon runt foten. Boa-systemet g\u00f6r att skon f\u00e5r ett j\u00e4mnt tryck och omsluter foten med en tight passform. Tack vare att det \u00e4r s\u00e5 l\u00e4tt att justera sp\u00e4nningen m\u00f6jligg\u00f6r Boa-systemet sm\u00e5justeringar under tiden man cyklar s\u00e5 skon alltid har en optimal passform.<\/p>\n<p>Body Geometry sula och fotb\u00e4dd<br \/>\nYttersula i kolfiber<br \/>\nBoa\u00ae IP1 Snap samt en velcrorem<br \/>\n\u00d6verdel i Mesh och TPU<br \/>\nSPD-SL<br \/>\nStiffness index: 7.0<br \/>\nUngef\u00e4rlig vikt: 235 gram\/sko (stl 42)<\/p>\n","protected":false},"featured_media":630,"comment_status":"closed","ping_status":"closed","template":"","meta":{"_kad_blocks_custom_css":"","_kad_blocks_head_custom_js":"","_kad_blocks_body_custom_js":"","_kad_blocks_footer_custom_js":"","_kadence_starter_templates_imported_post":false,"_kad_post_transparent":"default","_kad_post_title":"","_kad_post_layout":"default","_kad_post_sidebar_id":"","_kad_post_content_style":"default","_kad_post_vertical_padding":"default","_kad_post_feature":"","_kad_post_feature_position":"","_kad_post_header":false,"_kad_post_footer":false,"_kad_post_classname":""},"product_brand":[1218],"product_cat":[164,166,168,165],"product_tag":[],"class_list":{"0":"post-2737","1":"product","2":"type-product","3":"status-publish","4":"has-post-thumbnail","6":"product_brand-specialized","7":"product_cat-rea","8":"product_cat-skor","9":"product_cat-specialized-tillbehor","10":"product_cat-tillbehor","12":"first","13":"instock","14":"sale","15":"purchasable","16":"product-type-simple","17":"entry","18":"content-bg","19":"loop-entry"},"yoast_head":"<!-- This site is optimized with the Yoast SEO plugin v27.4 - https:\/\/yoast.com\/product\/yoast-seo-wordpress\/ -->\n<title>Specialized Torch 2.0 landsv\u00e4gs skor | Porvoon Py\u00f6r\u00e4keskus<\/title>\n<meta name=\"robots\" content=\"index, follow, max-snippet:-1, max-image-preview:large, max-video-preview:-1\" \/>\n<link rel=\"canonical\" href=\"https:\/\/porvoonpyorakeskus.fi\/sv\/produkt\/specialized-torch-2-0-landsvags-skor\/\" \/>\n<meta property=\"og:locale\" content=\"sv_SE\" \/>\n<meta property=\"og:type\" content=\"article\" \/>\n<meta property=\"og:title\" content=\"Specialized Torch 2.0 landsv\u00e4gs skor | Porvoon Py\u00f6r\u00e4keskus\" \/>\n<meta property=\"og:description\" content=\"Specialized Torch 2.0 Road \u00e4r en av de bekv\u00e4maste skorna p\u00e5 marknaden idag. Specialized har gjort \u00f6vedelen i meshtyg och TPU med lite mer utrymme i t\u00e5boxen f\u00f6r att bli av med den strumpliknande, stela och obekv\u00e4ma k\u00e4nslan man ibland kan erfara i racerskor.  Sulan \u00e4r gjord i Specializeds medelh\u00e5rda FACT-kolfiber med ett Stiffness Index p\u00e5 7 vilket ger en bra kraft\u00f6verf\u00f6ring och l\u00e5g vikt. Yttersulan \u00e4r \u00e4ven f\u00f6rsedd med gummi under t\u00e5 och h\u00e4l s\u00e5 skon ska greppa \u00e4ven n\u00e4r du inte sitter p\u00e5 cykeln.  Skon \u00e4r utustad med en velcrorem samt ett Boa-system f\u00f6r att tighta skon runt foten. Boa-systemet g\u00f6r att skon f\u00e5r ett j\u00e4mnt tryck och omsluter foten med en tight passform. Tack vare att det \u00e4r s\u00e5 l\u00e4tt att justera sp\u00e4nningen m\u00f6jligg\u00f6r Boa-systemet sm\u00e5justeringar under tiden man cyklar s\u00e5 skon alltid har en optimal passform.  Body Geometry sula och fotb\u00e4dd Yttersula i kolfiber Boa\u00ae IP1 Snap samt en velcrorem \u00d6verdel i Mesh och TPU SPD-SL Stiffness index: 7.0 Ungef\u00e4rlig vikt: 235 gram\/sko (stl 42)\" \/>\n<meta property=\"og:url\" content=\"https:\/\/porvoonpyorakeskus.fi\/sv\/produkt\/specialized-torch-2-0-landsvags-skor\/\" \/>\n<meta property=\"og:site_name\" content=\"Porvoon Py\u00f6r\u00e4keskus\" \/>\n<meta property=\"article:publisher\" content=\"https:\/\/www.facebook.com\/porvoonpyorakeskus\" \/>\n<meta property=\"og:image\" content=\"https:\/\/porvoonpyorakeskus.fi\/wp-content\/uploads\/2022\/02\/21_SHOE_TORCH-2-0-RD_BLK_HERO.jpg\" \/>\n\t<meta property=\"og:image:width\" content=\"920\" \/>\n\t<meta property=\"og:image:height\" content=\"640\" \/>\n\t<meta property=\"og:image:type\" content=\"image\/jpeg\" \/>\n<meta name=\"twitter:card\" content=\"summary_large_image\" \/>\n<script type=\"application\/ld+json\" class=\"yoast-schema-graph\">{\"@context\":\"https:\\\/\\\/schema.org\",\"@graph\":[{\"@type\":\"WebPage\",\"@id\":\"https:\\\/\\\/porvoonpyorakeskus.fi\\\/sv\\\/produkt\\\/specialized-torch-2-0-landsvags-skor\\\/\",\"url\":\"https:\\\/\\\/porvoonpyorakeskus.fi\\\/sv\\\/produkt\\\/specialized-torch-2-0-landsvags-skor\\\/\",\"name\":\"Specialized Torch 2.0 landsv\u00e4gs skor | Porvoon Py\u00f6r\u00e4keskus\",\"isPartOf\":{\"@id\":\"https:\\\/\\\/porvoonpyorakeskus.fi\\\/sv\\\/#website\"},\"primaryImageOfPage\":{\"@id\":\"https:\\\/\\\/porvoonpyorakeskus.fi\\\/sv\\\/produkt\\\/specialized-torch-2-0-landsvags-skor\\\/#primaryimage\"},\"image\":{\"@id\":\"https:\\\/\\\/porvoonpyorakeskus.fi\\\/sv\\\/produkt\\\/specialized-torch-2-0-landsvags-skor\\\/#primaryimage\"},\"thumbnailUrl\":\"https:\\\/\\\/porvoonpyorakeskus.fi\\\/wp-content\\\/uploads\\\/2022\\\/02\\\/21_SHOE_TORCH-2-0-RD_BLK_HERO.jpg\",\"datePublished\":\"2024-02-10T08:17:00+00:00\",\"breadcrumb\":{\"@id\":\"https:\\\/\\\/porvoonpyorakeskus.fi\\\/sv\\\/produkt\\\/specialized-torch-2-0-landsvags-skor\\\/#breadcrumb\"},\"inLanguage\":\"sv-SE\",\"potentialAction\":[{\"@type\":\"ReadAction\",\"target\":[\"https:\\\/\\\/porvoonpyorakeskus.fi\\\/sv\\\/produkt\\\/specialized-torch-2-0-landsvags-skor\\\/\"]}]},{\"@type\":\"ImageObject\",\"inLanguage\":\"sv-SE\",\"@id\":\"https:\\\/\\\/porvoonpyorakeskus.fi\\\/sv\\\/produkt\\\/specialized-torch-2-0-landsvags-skor\\\/#primaryimage\",\"url\":\"https:\\\/\\\/porvoonpyorakeskus.fi\\\/wp-content\\\/uploads\\\/2022\\\/02\\\/21_SHOE_TORCH-2-0-RD_BLK_HERO.jpg\",\"contentUrl\":\"https:\\\/\\\/porvoonpyorakeskus.fi\\\/wp-content\\\/uploads\\\/2022\\\/02\\\/21_SHOE_TORCH-2-0-RD_BLK_HERO.jpg\",\"width\":920,\"height\":640},{\"@type\":\"BreadcrumbList\",\"@id\":\"https:\\\/\\\/porvoonpyorakeskus.fi\\\/sv\\\/produkt\\\/specialized-torch-2-0-landsvags-skor\\\/#breadcrumb\",\"itemListElement\":[{\"@type\":\"ListItem\",\"position\":1,\"name\":\"Etusivu\",\"item\":\"https:\\\/\\\/porvoonpyorakeskus.fi\\\/sv\\\/\"},{\"@type\":\"ListItem\",\"position\":2,\"name\":\"Butik\",\"item\":\"https:\\\/\\\/porvoonpyorakeskus.fi\\\/sv\\\/butik\\\/\"},{\"@type\":\"ListItem\",\"position\":3,\"name\":\"Specialized Torch 2.0 landsv\u00e4gs skor\"}]},{\"@type\":\"WebSite\",\"@id\":\"https:\\\/\\\/porvoonpyorakeskus.fi\\\/sv\\\/#website\",\"url\":\"https:\\\/\\\/porvoonpyorakeskus.fi\\\/sv\\\/\",\"name\":\"Porvoon py\u00f6r\u00e4keskus\",\"description\":\"Py\u00f6r\u00e4liike ja py\u00f6r\u00e4huolto Porvoon keskustassa. Body Geometry fit ajoasennon mittaus\",\"publisher\":{\"@id\":\"https:\\\/\\\/porvoonpyorakeskus.fi\\\/sv\\\/#organization\"},\"alternateName\":\"Py\u00f6r\u00e4keskus\",\"potentialAction\":[{\"@type\":\"SearchAction\",\"target\":{\"@type\":\"EntryPoint\",\"urlTemplate\":\"https:\\\/\\\/porvoonpyorakeskus.fi\\\/sv\\\/?s={search_term_string}\"},\"query-input\":{\"@type\":\"PropertyValueSpecification\",\"valueRequired\":true,\"valueName\":\"search_term_string\"}}],\"inLanguage\":\"sv-SE\"},{\"@type\":\"Organization\",\"@id\":\"https:\\\/\\\/porvoonpyorakeskus.fi\\\/sv\\\/#organization\",\"name\":\"Porvoon Py\u00f6r\u00e4keskus\",\"alternateName\":\"Py\u00f6r\u00e4keskus\",\"url\":\"https:\\\/\\\/porvoonpyorakeskus.fi\\\/sv\\\/\",\"logo\":{\"@type\":\"ImageObject\",\"inLanguage\":\"sv-SE\",\"@id\":\"https:\\\/\\\/porvoonpyorakeskus.fi\\\/sv\\\/#\\\/schema\\\/logo\\\/image\\\/\",\"url\":\"https:\\\/\\\/porvoonpyorakeskus.fi\\\/wp-content\\\/uploads\\\/2022\\\/03\\\/Porvoon-Pyorakeskus-logo.png\",\"contentUrl\":\"https:\\\/\\\/porvoonpyorakeskus.fi\\\/wp-content\\\/uploads\\\/2022\\\/03\\\/Porvoon-Pyorakeskus-logo.png\",\"width\":257,\"height\":148,\"caption\":\"Porvoon Py\u00f6r\u00e4keskus\"},\"image\":{\"@id\":\"https:\\\/\\\/porvoonpyorakeskus.fi\\\/sv\\\/#\\\/schema\\\/logo\\\/image\\\/\"},\"sameAs\":[\"https:\\\/\\\/www.facebook.com\\\/porvoonpyorakeskus\",\"https:\\\/\\\/www.instagram.com\\\/porvoonpyorakeskus\\\/\"]}]}<\/script>\n<!-- \/ Yoast SEO plugin. -->","yoast_head_json":{"title":"Specialized Torch 2.0 landsv\u00e4gs skor | Porvoon Py\u00f6r\u00e4keskus","robots":{"index":"index","follow":"follow","max-snippet":"max-snippet:-1","max-image-preview":"max-image-preview:large","max-video-preview":"max-video-preview:-1"},"canonical":"https:\/\/porvoonpyorakeskus.fi\/sv\/produkt\/specialized-torch-2-0-landsvags-skor\/","og_locale":"sv_SE","og_type":"article","og_title":"Specialized Torch 2.0 landsv\u00e4gs skor | Porvoon Py\u00f6r\u00e4keskus","og_description":"Specialized Torch 2.0 Road \u00e4r en av de bekv\u00e4maste skorna p\u00e5 marknaden idag. Specialized har gjort \u00f6vedelen i meshtyg och TPU med lite mer utrymme i t\u00e5boxen f\u00f6r att bli av med den strumpliknande, stela och obekv\u00e4ma k\u00e4nslan man ibland kan erfara i racerskor.  Sulan \u00e4r gjord i Specializeds medelh\u00e5rda FACT-kolfiber med ett Stiffness Index p\u00e5 7 vilket ger en bra kraft\u00f6verf\u00f6ring och l\u00e5g vikt. Yttersulan \u00e4r \u00e4ven f\u00f6rsedd med gummi under t\u00e5 och h\u00e4l s\u00e5 skon ska greppa \u00e4ven n\u00e4r du inte sitter p\u00e5 cykeln.  Skon \u00e4r utustad med en velcrorem samt ett Boa-system f\u00f6r att tighta skon runt foten. Boa-systemet g\u00f6r att skon f\u00e5r ett j\u00e4mnt tryck och omsluter foten med en tight passform. Tack vare att det \u00e4r s\u00e5 l\u00e4tt att justera sp\u00e4nningen m\u00f6jligg\u00f6r Boa-systemet sm\u00e5justeringar under tiden man cyklar s\u00e5 skon alltid har en optimal passform.  Body Geometry sula och fotb\u00e4dd Yttersula i kolfiber Boa\u00ae IP1 Snap samt en velcrorem \u00d6verdel i Mesh och TPU SPD-SL Stiffness index: 7.0 Ungef\u00e4rlig vikt: 235 gram\/sko (stl 42)","og_url":"https:\/\/porvoonpyorakeskus.fi\/sv\/produkt\/specialized-torch-2-0-landsvags-skor\/","og_site_name":"Porvoon Py\u00f6r\u00e4keskus","article_publisher":"https:\/\/www.facebook.com\/porvoonpyorakeskus","og_image":[{"width":920,"height":640,"url":"https:\/\/porvoonpyorakeskus.fi\/wp-content\/uploads\/2022\/02\/21_SHOE_TORCH-2-0-RD_BLK_HERO.jpg","type":"image\/jpeg"}],"twitter_card":"summary_large_image","schema":{"@context":"https:\/\/schema.org","@graph":[{"@type":"WebPage","@id":"https:\/\/porvoonpyorakeskus.fi\/sv\/produkt\/specialized-torch-2-0-landsvags-skor\/","url":"https:\/\/porvoonpyorakeskus.fi\/sv\/produkt\/specialized-torch-2-0-landsvags-skor\/","name":"Specialized Torch 2.0 landsv\u00e4gs skor | Porvoon Py\u00f6r\u00e4keskus","isPartOf":{"@id":"https:\/\/porvoonpyorakeskus.fi\/sv\/#website"},"primaryImageOfPage":{"@id":"https:\/\/porvoonpyorakeskus.fi\/sv\/produkt\/specialized-torch-2-0-landsvags-skor\/#primaryimage"},"image":{"@id":"https:\/\/porvoonpyorakeskus.fi\/sv\/produkt\/specialized-torch-2-0-landsvags-skor\/#primaryimage"},"thumbnailUrl":"https:\/\/porvoonpyorakeskus.fi\/wp-content\/uploads\/2022\/02\/21_SHOE_TORCH-2-0-RD_BLK_HERO.jpg","datePublished":"2024-02-10T08:17:00+00:00","breadcrumb":{"@id":"https:\/\/porvoonpyorakeskus.fi\/sv\/produkt\/specialized-torch-2-0-landsvags-skor\/#breadcrumb"},"inLanguage":"sv-SE","potentialAction":[{"@type":"ReadAction","target":["https:\/\/porvoonpyorakeskus.fi\/sv\/produkt\/specialized-torch-2-0-landsvags-skor\/"]}]},{"@type":"ImageObject","inLanguage":"sv-SE","@id":"https:\/\/porvoonpyorakeskus.fi\/sv\/produkt\/specialized-torch-2-0-landsvags-skor\/#primaryimage","url":"https:\/\/porvoonpyorakeskus.fi\/wp-content\/uploads\/2022\/02\/21_SHOE_TORCH-2-0-RD_BLK_HERO.jpg","contentUrl":"https:\/\/porvoonpyorakeskus.fi\/wp-content\/uploads\/2022\/02\/21_SHOE_TORCH-2-0-RD_BLK_HERO.jpg","width":920,"height":640},{"@type":"BreadcrumbList","@id":"https:\/\/porvoonpyorakeskus.fi\/sv\/produkt\/specialized-torch-2-0-landsvags-skor\/#breadcrumb","itemListElement":[{"@type":"ListItem","position":1,"name":"Etusivu","item":"https:\/\/porvoonpyorakeskus.fi\/sv\/"},{"@type":"ListItem","position":2,"name":"Butik","item":"https:\/\/porvoonpyorakeskus.fi\/sv\/butik\/"},{"@type":"ListItem","position":3,"name":"Specialized Torch 2.0 landsv\u00e4gs skor"}]},{"@type":"WebSite","@id":"https:\/\/porvoonpyorakeskus.fi\/sv\/#website","url":"https:\/\/porvoonpyorakeskus.fi\/sv\/","name":"Porvoon py\u00f6r\u00e4keskus","description":"Py\u00f6r\u00e4liike ja py\u00f6r\u00e4huolto Porvoon keskustassa. Body Geometry fit ajoasennon mittaus","publisher":{"@id":"https:\/\/porvoonpyorakeskus.fi\/sv\/#organization"},"alternateName":"Py\u00f6r\u00e4keskus","potentialAction":[{"@type":"SearchAction","target":{"@type":"EntryPoint","urlTemplate":"https:\/\/porvoonpyorakeskus.fi\/sv\/?s={search_term_string}"},"query-input":{"@type":"PropertyValueSpecification","valueRequired":true,"valueName":"search_term_string"}}],"inLanguage":"sv-SE"},{"@type":"Organization","@id":"https:\/\/porvoonpyorakeskus.fi\/sv\/#organization","name":"Porvoon Py\u00f6r\u00e4keskus","alternateName":"Py\u00f6r\u00e4keskus","url":"https:\/\/porvoonpyorakeskus.fi\/sv\/","logo":{"@type":"ImageObject","inLanguage":"sv-SE","@id":"https:\/\/porvoonpyorakeskus.fi\/sv\/#\/schema\/logo\/image\/","url":"https:\/\/porvoonpyorakeskus.fi\/wp-content\/uploads\/2022\/03\/Porvoon-Pyorakeskus-logo.png","contentUrl":"https:\/\/porvoonpyorakeskus.fi\/wp-content\/uploads\/2022\/03\/Porvoon-Pyorakeskus-logo.png","width":257,"height":148,"caption":"Porvoon Py\u00f6r\u00e4keskus"},"image":{"@id":"https:\/\/porvoonpyorakeskus.fi\/sv\/#\/schema\/logo\/image\/"},"sameAs":["https:\/\/www.facebook.com\/porvoonpyorakeskus","https:\/\/www.instagram.com\/porvoonpyorakeskus\/"]}]}},"taxonomy_info":{"product_brand":[{"value":1218,"label":"Specialized"}],"product_cat":[{"value":164,"label":"Rea"},{"value":166,"label":"Skor"},{"value":168,"label":"Specialized tillbeh\u00f6r"},{"value":165,"label":"Tillbeh\u00f6r"}]},"featured_image_src_large":["https:\/\/porvoonpyorakeskus.fi\/wp-content\/uploads\/2022\/02\/21_SHOE_TORCH-2-0-RD_BLK_HERO.jpg",920,640,false],"author_info":[],"comment_info":0,"_links":{"self":[{"href":"https:\/\/porvoonpyorakeskus.fi\/sv\/wp-json\/wp\/v2\/product\/2737","targetHints":{"allow":["GET"]}}],"collection":[{"href":"https:\/\/porvoonpyorakeskus.fi\/sv\/wp-json\/wp\/v2\/product"}],"about":[{"href":"https:\/\/porvoonpyorakeskus.fi\/sv\/wp-json\/wp\/v2\/types\/product"}],"replies":[{"embeddable":true,"href":"https:\/\/porvoonpyorakeskus.fi\/sv\/wp-json\/wp\/v2\/comments?post=2737"}],"wp:featuredmedia":[{"embeddable":true,"href":"https:\/\/porvoonpyorakeskus.fi\/sv\/wp-json\/wp\/v2\/media\/630"}],"wp:attachment":[{"href":"https:\/\/porvoonpyorakeskus.fi\/sv\/wp-json\/wp\/v2\/media?parent=2737"}],"wp:term":[{"taxonomy":"product_brand","embeddable":true,"href":"https:\/\/porvoonpyorakeskus.fi\/sv\/wp-json\/wp\/v2\/product_brand?post=2737"},{"taxonomy":"product_cat","embeddable":true,"href":"https:\/\/porvoonpyorakeskus.fi\/sv\/wp-json\/wp\/v2\/product_cat?post=2737"},{"taxonomy":"product_tag","embeddable":true,"href":"https:\/\/porvoonpyorakeskus.fi\/sv\/wp-json\/wp\/v2\/product_tag?post=2737"}],"curies":[{"name":"wp","href":"https:\/\/api.w.org\/{rel}","templated":true}]}}