{"id":2729,"date":"2025-09-16T12:39:00","date_gmt":"2025-09-16T09:39:00","guid":{"rendered":"https:\/\/porvoonpyorakeskus.fi\/index.php\/tuote\/specialized-align-ii-mips-flera-farger\/"},"modified":"2022-03-29T19:23:44","modified_gmt":"2022-03-29T16:23:44","slug":"specialized-align-ii-mips-flera-farger","status":"publish","type":"product","link":"https:\/\/porvoonpyorakeskus.fi\/sv\/produkt\/specialized-align-ii-mips-flera-farger\/","title":{"rendered":"Specialized Align II Mips  flera f\u00e4rger"},"content":{"rendered":"<p>Specialized Align II MIPS \u00e4r en modern hj\u00e4lm med certifierat skydd i snygg sportig design. Givetvis \u00e4r hj\u00e4lmen MIPS-utrustad (Multi-Directional Impact Protection System), n\u00e5got de flesta moderna hj\u00e4lmarna idag kommer med. Allt f\u00f6r att f\u00e5nga upp st\u00f6tar fr\u00e5n sidokrockar. I bakkant hittar du Headset SX justerbart hjul f\u00f6r perfekt passform och bekv\u00e4mlighet. Sist men inte minst \u00e4r hj\u00e4lmen givetvis v\u00e4l ventilerad med 4th Dimensional Cooling System, s\u00e5 du h\u00e5ller frillan intakt p\u00e5v\u00e4g till m\u00f6tet eller afterworken. S\u00e4kerheten f\u00f6rst!<\/p>\n<p>MIPS-utrustad.<br \/>\nOne-size system, utformat f\u00f6r enkel och exakt passform till ett brett utbud av huvudstorlekar.<br \/>\nHeadset SX fit system med mikrojusterbar ratt f\u00f6r enkel, s\u00e4ker och exakt passform.<br \/>\n4th Dimension Cooling System optimerar ventilation.<br \/>\nFormgjutet skal f\u00f6rb\u00e4ttrar styrkan och minskar vikten.<br \/>\nTri-Fix web splitter f\u00f6r f\u00f6rb\u00e4ttrad komfort och enkelhet att justera remmar.<br \/>\nReflekterande band och dekaler f\u00f6r \u00f6kad synlighet vid svagt ljus.<br \/>\nStorleksguide:<\/p>\n<p>S\/M: 52 &#8211; 56 cm<br \/>\nM\/L: 56 &#8211; 60 cm<br \/>\nXL: 59 &#8211; 62 cm<\/p>\n","protected":false},"excerpt":{"rendered":"<p>Specialized Align II MIPS \u00e4r en modern hj\u00e4lm med certifierat skydd i snygg sportig design. Givetvis \u00e4r hj\u00e4lmen MIPS-utrustad (Multi-Directional Impact Protection System), n\u00e5got de flesta moderna hj\u00e4lmarna idag kommer med. Allt f\u00f6r att f\u00e5nga upp st\u00f6tar fr\u00e5n sidokrockar. I bakkant hittar du Headset SX justerbart hjul f\u00f6r perfekt passform och bekv\u00e4mlighet. Sist men inte&#8230;<\/p>\n","protected":false},"featured_media":446,"comment_status":"closed","ping_status":"closed","template":"","meta":{"_kad_blocks_custom_css":"","_kad_blocks_head_custom_js":"","_kad_blocks_body_custom_js":"","_kad_blocks_footer_custom_js":"","_kadence_starter_templates_imported_post":false,"_kad_post_transparent":"default","_kad_post_title":"","_kad_post_layout":"default","_kad_post_sidebar_id":"","_kad_post_content_style":"default","_kad_post_vertical_padding":"default","_kad_post_feature":"","_kad_post_feature_position":"","_kad_post_header":false,"_kad_post_footer":false,"_kad_post_classname":""},"product_brand":[1218],"product_cat":[167,165],"product_tag":[],"class_list":{"0":"post-2729","1":"product","2":"type-product","3":"status-publish","4":"has-post-thumbnail","6":"product_brand-specialized","7":"product_cat-hjalmar","8":"product_cat-tillbehor","10":"first","11":"instock","12":"purchasable","13":"product-type-simple","14":"entry","15":"content-bg","16":"loop-entry"},"yoast_head":"<!-- This site is optimized with the Yoast SEO plugin v27.4 - https:\/\/yoast.com\/product\/yoast-seo-wordpress\/ -->\n<title>Specialized Align II Mips flera f\u00e4rger | Porvoon Py\u00f6r\u00e4keskus<\/title>\n<meta name=\"robots\" content=\"index, follow, max-snippet:-1, max-image-preview:large, max-video-preview:-1\" \/>\n<link rel=\"canonical\" href=\"https:\/\/porvoonpyorakeskus.fi\/sv\/produkt\/specialized-align-ii-mips-flera-farger\/\" \/>\n<meta property=\"og:locale\" content=\"sv_SE\" \/>\n<meta property=\"og:type\" content=\"article\" \/>\n<meta property=\"og:title\" content=\"Specialized Align II Mips flera f\u00e4rger | Porvoon Py\u00f6r\u00e4keskus\" \/>\n<meta property=\"og:description\" content=\"Specialized Align II MIPS \u00e4r en modern hj\u00e4lm med certifierat skydd i snygg sportig design. Givetvis \u00e4r hj\u00e4lmen MIPS-utrustad (Multi-Directional Impact Protection System), n\u00e5got de flesta moderna hj\u00e4lmarna idag kommer med. Allt f\u00f6r att f\u00e5nga upp st\u00f6tar fr\u00e5n sidokrockar. I bakkant hittar du Headset SX justerbart hjul f\u00f6r perfekt passform och bekv\u00e4mlighet. Sist men inte...\" \/>\n<meta property=\"og:url\" content=\"https:\/\/porvoonpyorakeskus.fi\/sv\/produkt\/specialized-align-ii-mips-flera-farger\/\" \/>\n<meta property=\"og:site_name\" content=\"Porvoon Py\u00f6r\u00e4keskus\" \/>\n<meta property=\"article:publisher\" content=\"https:\/\/www.facebook.com\/porvoonpyorakeskus\" \/>\n<meta property=\"og:image\" content=\"https:\/\/porvoonpyorakeskus.fi\/wp-content\/uploads\/2022\/02\/22_HLMT_ALIGN-II-HLMT-MIPS-CE-WHT-S-M_HERO.jpeg\" \/>\n\t<meta property=\"og:image:width\" content=\"920\" \/>\n\t<meta property=\"og:image:height\" content=\"640\" \/>\n\t<meta property=\"og:image:type\" content=\"image\/jpeg\" \/>\n<meta name=\"twitter:card\" content=\"summary_large_image\" \/>\n<meta name=\"twitter:label1\" content=\"Ber\u00e4knad l\u00e4stid\" \/>\n\t<meta name=\"twitter:data1\" content=\"1 minut\" \/>\n<script type=\"application\/ld+json\" class=\"yoast-schema-graph\">{\"@context\":\"https:\\\/\\\/schema.org\",\"@graph\":[{\"@type\":\"WebPage\",\"@id\":\"https:\\\/\\\/porvoonpyorakeskus.fi\\\/sv\\\/produkt\\\/specialized-align-ii-mips-flera-farger\\\/\",\"url\":\"https:\\\/\\\/porvoonpyorakeskus.fi\\\/sv\\\/produkt\\\/specialized-align-ii-mips-flera-farger\\\/\",\"name\":\"Specialized Align II Mips flera f\u00e4rger | Porvoon Py\u00f6r\u00e4keskus\",\"isPartOf\":{\"@id\":\"https:\\\/\\\/porvoonpyorakeskus.fi\\\/sv\\\/#website\"},\"primaryImageOfPage\":{\"@id\":\"https:\\\/\\\/porvoonpyorakeskus.fi\\\/sv\\\/produkt\\\/specialized-align-ii-mips-flera-farger\\\/#primaryimage\"},\"image\":{\"@id\":\"https:\\\/\\\/porvoonpyorakeskus.fi\\\/sv\\\/produkt\\\/specialized-align-ii-mips-flera-farger\\\/#primaryimage\"},\"thumbnailUrl\":\"https:\\\/\\\/porvoonpyorakeskus.fi\\\/wp-content\\\/uploads\\\/2022\\\/02\\\/22_HLMT_ALIGN-II-HLMT-MIPS-CE-WHT-S-M_HERO.jpeg\",\"datePublished\":\"2025-09-16T09:39:00+00:00\",\"breadcrumb\":{\"@id\":\"https:\\\/\\\/porvoonpyorakeskus.fi\\\/sv\\\/produkt\\\/specialized-align-ii-mips-flera-farger\\\/#breadcrumb\"},\"inLanguage\":\"sv-SE\",\"potentialAction\":[{\"@type\":\"ReadAction\",\"target\":[\"https:\\\/\\\/porvoonpyorakeskus.fi\\\/sv\\\/produkt\\\/specialized-align-ii-mips-flera-farger\\\/\"]}]},{\"@type\":\"ImageObject\",\"inLanguage\":\"sv-SE\",\"@id\":\"https:\\\/\\\/porvoonpyorakeskus.fi\\\/sv\\\/produkt\\\/specialized-align-ii-mips-flera-farger\\\/#primaryimage\",\"url\":\"https:\\\/\\\/porvoonpyorakeskus.fi\\\/wp-content\\\/uploads\\\/2022\\\/02\\\/22_HLMT_ALIGN-II-HLMT-MIPS-CE-WHT-S-M_HERO.jpeg\",\"contentUrl\":\"https:\\\/\\\/porvoonpyorakeskus.fi\\\/wp-content\\\/uploads\\\/2022\\\/02\\\/22_HLMT_ALIGN-II-HLMT-MIPS-CE-WHT-S-M_HERO.jpeg\",\"width\":920,\"height\":640},{\"@type\":\"BreadcrumbList\",\"@id\":\"https:\\\/\\\/porvoonpyorakeskus.fi\\\/sv\\\/produkt\\\/specialized-align-ii-mips-flera-farger\\\/#breadcrumb\",\"itemListElement\":[{\"@type\":\"ListItem\",\"position\":1,\"name\":\"Etusivu\",\"item\":\"https:\\\/\\\/porvoonpyorakeskus.fi\\\/sv\\\/\"},{\"@type\":\"ListItem\",\"position\":2,\"name\":\"Butik\",\"item\":\"https:\\\/\\\/porvoonpyorakeskus.fi\\\/sv\\\/butik\\\/\"},{\"@type\":\"ListItem\",\"position\":3,\"name\":\"Specialized Align II Mips flera f\u00e4rger\"}]},{\"@type\":\"WebSite\",\"@id\":\"https:\\\/\\\/porvoonpyorakeskus.fi\\\/sv\\\/#website\",\"url\":\"https:\\\/\\\/porvoonpyorakeskus.fi\\\/sv\\\/\",\"name\":\"Porvoon py\u00f6r\u00e4keskus\",\"description\":\"Py\u00f6r\u00e4liike ja py\u00f6r\u00e4huolto Porvoon keskustassa. Body Geometry fit ajoasennon mittaus\",\"publisher\":{\"@id\":\"https:\\\/\\\/porvoonpyorakeskus.fi\\\/sv\\\/#organization\"},\"alternateName\":\"Py\u00f6r\u00e4keskus\",\"potentialAction\":[{\"@type\":\"SearchAction\",\"target\":{\"@type\":\"EntryPoint\",\"urlTemplate\":\"https:\\\/\\\/porvoonpyorakeskus.fi\\\/sv\\\/?s={search_term_string}\"},\"query-input\":{\"@type\":\"PropertyValueSpecification\",\"valueRequired\":true,\"valueName\":\"search_term_string\"}}],\"inLanguage\":\"sv-SE\"},{\"@type\":\"Organization\",\"@id\":\"https:\\\/\\\/porvoonpyorakeskus.fi\\\/sv\\\/#organization\",\"name\":\"Porvoon Py\u00f6r\u00e4keskus\",\"alternateName\":\"Py\u00f6r\u00e4keskus\",\"url\":\"https:\\\/\\\/porvoonpyorakeskus.fi\\\/sv\\\/\",\"logo\":{\"@type\":\"ImageObject\",\"inLanguage\":\"sv-SE\",\"@id\":\"https:\\\/\\\/porvoonpyorakeskus.fi\\\/sv\\\/#\\\/schema\\\/logo\\\/image\\\/\",\"url\":\"https:\\\/\\\/porvoonpyorakeskus.fi\\\/wp-content\\\/uploads\\\/2022\\\/03\\\/Porvoon-Pyorakeskus-logo.png\",\"contentUrl\":\"https:\\\/\\\/porvoonpyorakeskus.fi\\\/wp-content\\\/uploads\\\/2022\\\/03\\\/Porvoon-Pyorakeskus-logo.png\",\"width\":257,\"height\":148,\"caption\":\"Porvoon Py\u00f6r\u00e4keskus\"},\"image\":{\"@id\":\"https:\\\/\\\/porvoonpyorakeskus.fi\\\/sv\\\/#\\\/schema\\\/logo\\\/image\\\/\"},\"sameAs\":[\"https:\\\/\\\/www.facebook.com\\\/porvoonpyorakeskus\",\"https:\\\/\\\/www.instagram.com\\\/porvoonpyorakeskus\\\/\"]}]}<\/script>\n<!-- \/ Yoast SEO plugin. -->","yoast_head_json":{"title":"Specialized Align II Mips flera f\u00e4rger | Porvoon Py\u00f6r\u00e4keskus","robots":{"index":"index","follow":"follow","max-snippet":"max-snippet:-1","max-image-preview":"max-image-preview:large","max-video-preview":"max-video-preview:-1"},"canonical":"https:\/\/porvoonpyorakeskus.fi\/sv\/produkt\/specialized-align-ii-mips-flera-farger\/","og_locale":"sv_SE","og_type":"article","og_title":"Specialized Align II Mips flera f\u00e4rger | Porvoon Py\u00f6r\u00e4keskus","og_description":"Specialized Align II MIPS \u00e4r en modern hj\u00e4lm med certifierat skydd i snygg sportig design. Givetvis \u00e4r hj\u00e4lmen MIPS-utrustad (Multi-Directional Impact Protection System), n\u00e5got de flesta moderna hj\u00e4lmarna idag kommer med. Allt f\u00f6r att f\u00e5nga upp st\u00f6tar fr\u00e5n sidokrockar. I bakkant hittar du Headset SX justerbart hjul f\u00f6r perfekt passform och bekv\u00e4mlighet. Sist men inte...","og_url":"https:\/\/porvoonpyorakeskus.fi\/sv\/produkt\/specialized-align-ii-mips-flera-farger\/","og_site_name":"Porvoon Py\u00f6r\u00e4keskus","article_publisher":"https:\/\/www.facebook.com\/porvoonpyorakeskus","og_image":[{"width":920,"height":640,"url":"https:\/\/porvoonpyorakeskus.fi\/wp-content\/uploads\/2022\/02\/22_HLMT_ALIGN-II-HLMT-MIPS-CE-WHT-S-M_HERO.jpeg","type":"image\/jpeg"}],"twitter_card":"summary_large_image","twitter_misc":{"Ber\u00e4knad l\u00e4stid":"1 minut"},"schema":{"@context":"https:\/\/schema.org","@graph":[{"@type":"WebPage","@id":"https:\/\/porvoonpyorakeskus.fi\/sv\/produkt\/specialized-align-ii-mips-flera-farger\/","url":"https:\/\/porvoonpyorakeskus.fi\/sv\/produkt\/specialized-align-ii-mips-flera-farger\/","name":"Specialized Align II Mips flera f\u00e4rger | Porvoon Py\u00f6r\u00e4keskus","isPartOf":{"@id":"https:\/\/porvoonpyorakeskus.fi\/sv\/#website"},"primaryImageOfPage":{"@id":"https:\/\/porvoonpyorakeskus.fi\/sv\/produkt\/specialized-align-ii-mips-flera-farger\/#primaryimage"},"image":{"@id":"https:\/\/porvoonpyorakeskus.fi\/sv\/produkt\/specialized-align-ii-mips-flera-farger\/#primaryimage"},"thumbnailUrl":"https:\/\/porvoonpyorakeskus.fi\/wp-content\/uploads\/2022\/02\/22_HLMT_ALIGN-II-HLMT-MIPS-CE-WHT-S-M_HERO.jpeg","datePublished":"2025-09-16T09:39:00+00:00","breadcrumb":{"@id":"https:\/\/porvoonpyorakeskus.fi\/sv\/produkt\/specialized-align-ii-mips-flera-farger\/#breadcrumb"},"inLanguage":"sv-SE","potentialAction":[{"@type":"ReadAction","target":["https:\/\/porvoonpyorakeskus.fi\/sv\/produkt\/specialized-align-ii-mips-flera-farger\/"]}]},{"@type":"ImageObject","inLanguage":"sv-SE","@id":"https:\/\/porvoonpyorakeskus.fi\/sv\/produkt\/specialized-align-ii-mips-flera-farger\/#primaryimage","url":"https:\/\/porvoonpyorakeskus.fi\/wp-content\/uploads\/2022\/02\/22_HLMT_ALIGN-II-HLMT-MIPS-CE-WHT-S-M_HERO.jpeg","contentUrl":"https:\/\/porvoonpyorakeskus.fi\/wp-content\/uploads\/2022\/02\/22_HLMT_ALIGN-II-HLMT-MIPS-CE-WHT-S-M_HERO.jpeg","width":920,"height":640},{"@type":"BreadcrumbList","@id":"https:\/\/porvoonpyorakeskus.fi\/sv\/produkt\/specialized-align-ii-mips-flera-farger\/#breadcrumb","itemListElement":[{"@type":"ListItem","position":1,"name":"Etusivu","item":"https:\/\/porvoonpyorakeskus.fi\/sv\/"},{"@type":"ListItem","position":2,"name":"Butik","item":"https:\/\/porvoonpyorakeskus.fi\/sv\/butik\/"},{"@type":"ListItem","position":3,"name":"Specialized Align II Mips flera f\u00e4rger"}]},{"@type":"WebSite","@id":"https:\/\/porvoonpyorakeskus.fi\/sv\/#website","url":"https:\/\/porvoonpyorakeskus.fi\/sv\/","name":"Porvoon py\u00f6r\u00e4keskus","description":"Py\u00f6r\u00e4liike ja py\u00f6r\u00e4huolto Porvoon keskustassa. Body Geometry fit ajoasennon mittaus","publisher":{"@id":"https:\/\/porvoonpyorakeskus.fi\/sv\/#organization"},"alternateName":"Py\u00f6r\u00e4keskus","potentialAction":[{"@type":"SearchAction","target":{"@type":"EntryPoint","urlTemplate":"https:\/\/porvoonpyorakeskus.fi\/sv\/?s={search_term_string}"},"query-input":{"@type":"PropertyValueSpecification","valueRequired":true,"valueName":"search_term_string"}}],"inLanguage":"sv-SE"},{"@type":"Organization","@id":"https:\/\/porvoonpyorakeskus.fi\/sv\/#organization","name":"Porvoon Py\u00f6r\u00e4keskus","alternateName":"Py\u00f6r\u00e4keskus","url":"https:\/\/porvoonpyorakeskus.fi\/sv\/","logo":{"@type":"ImageObject","inLanguage":"sv-SE","@id":"https:\/\/porvoonpyorakeskus.fi\/sv\/#\/schema\/logo\/image\/","url":"https:\/\/porvoonpyorakeskus.fi\/wp-content\/uploads\/2022\/03\/Porvoon-Pyorakeskus-logo.png","contentUrl":"https:\/\/porvoonpyorakeskus.fi\/wp-content\/uploads\/2022\/03\/Porvoon-Pyorakeskus-logo.png","width":257,"height":148,"caption":"Porvoon Py\u00f6r\u00e4keskus"},"image":{"@id":"https:\/\/porvoonpyorakeskus.fi\/sv\/#\/schema\/logo\/image\/"},"sameAs":["https:\/\/www.facebook.com\/porvoonpyorakeskus","https:\/\/www.instagram.com\/porvoonpyorakeskus\/"]}]}},"taxonomy_info":{"product_brand":[{"value":1218,"label":"Specialized"}],"product_cat":[{"value":167,"label":"Hj\u00e4lmar"},{"value":165,"label":"Tillbeh\u00f6r"}]},"featured_image_src_large":["https:\/\/porvoonpyorakeskus.fi\/wp-content\/uploads\/2022\/02\/22_HLMT_ALIGN-II-HLMT-MIPS-CE-WHT-S-M_HERO.jpeg",920,640,false],"author_info":[],"comment_info":0,"_links":{"self":[{"href":"https:\/\/porvoonpyorakeskus.fi\/sv\/wp-json\/wp\/v2\/product\/2729","targetHints":{"allow":["GET"]}}],"collection":[{"href":"https:\/\/porvoonpyorakeskus.fi\/sv\/wp-json\/wp\/v2\/product"}],"about":[{"href":"https:\/\/porvoonpyorakeskus.fi\/sv\/wp-json\/wp\/v2\/types\/product"}],"replies":[{"embeddable":true,"href":"https:\/\/porvoonpyorakeskus.fi\/sv\/wp-json\/wp\/v2\/comments?post=2729"}],"wp:featuredmedia":[{"embeddable":true,"href":"https:\/\/porvoonpyorakeskus.fi\/sv\/wp-json\/wp\/v2\/media\/446"}],"wp:attachment":[{"href":"https:\/\/porvoonpyorakeskus.fi\/sv\/wp-json\/wp\/v2\/media?parent=2729"}],"wp:term":[{"taxonomy":"product_brand","embeddable":true,"href":"https:\/\/porvoonpyorakeskus.fi\/sv\/wp-json\/wp\/v2\/product_brand?post=2729"},{"taxonomy":"product_cat","embeddable":true,"href":"https:\/\/porvoonpyorakeskus.fi\/sv\/wp-json\/wp\/v2\/product_cat?post=2729"},{"taxonomy":"product_tag","embeddable":true,"href":"https:\/\/porvoonpyorakeskus.fi\/sv\/wp-json\/wp\/v2\/product_tag?post=2729"}],"curies":[{"name":"wp","href":"https:\/\/api.w.org\/{rel}","templated":true}]}}