{"id":2727,"date":"2021-02-15T14:15:00","date_gmt":"2021-02-15T12:15:00","guid":{"rendered":"https:\/\/porvoonpyorakeskus.fi\/index.php\/tuote\/specialized-s-works-power-mirror\/"},"modified":"2022-03-29T19:35:26","modified_gmt":"2022-03-29T16:35:26","slug":"specialized-s-works-power-mirror","status":"publish","type":"product","link":"https:\/\/porvoonpyorakeskus.fi\/sv\/produkt\/specialized-s-works-power-mirror\/","title":{"rendered":"Specialized S-Works Power mirror"},"content":{"rendered":"<p>Framtidens sadel \u00e4r nu h\u00e4r! Specialized S-WORKS Power Mirror \u00e4r en 3D-printad sadel som ist\u00e4llet f\u00f6r vanlig stoppning har 3D-printat struktur, liknande en vaxkaka av flytande polymer. Strukturen f\u00f6rdelar trycket fr\u00e5n sittbenen mycket b\u00e4ttre \u00e4n vanlig traditionell stoppning.<\/p>\n<p>Tillsammans med FACT-kolfiberstomme och kolfiberr\u00e4ls blir denna v\u00e4rstingsadel troligtvis den n\u00e5got av det b\u00e4sta som finns p\u00e5 marknaden n\u00e4r det g\u00e4ller komfort, prestanda och vikt.<\/p>\n<p>Body Geometry utsk\u00e4rning tillsammans med r\u00e4tt bredd (143mm eller 155mm) ser till att du f\u00e5r maximal komfort i alla l\u00e4gen. R\u00e4tt bredd och utsk\u00e4rning borgar f\u00f6r att blodfl\u00f6det inte stryps och man slipper domningar i alla positioner p\u00e5 cykeln. S-WORKS Power Mirror \u00e4r en herr- och damsadel f\u00f6r den som inte vill kompromissa med vikt och funktion.<\/p>\n<p>&#8211; Body Geometry design f\u00f6r \u00f6kat blodfl\u00f6de hos b\u00e5de m\u00e4n och kvinnor<br \/>\n&#8211; Mirror-teknologi 3D-print<br \/>\n&#8211; FACT kolfiberstomme<br \/>\n&#8211; FACT kolfiberr\u00e4ls<br \/>\n&#8211; SWAT kompatibel<br \/>\n&#8211; Vikt 143 mm ca 190 g och 155 mm ca 194 g<\/p>\n","protected":false},"excerpt":{"rendered":"<p>S-Works Power mirror sadel.<\/p>\n<p>Specialized Body Geometry<br \/>\nIdag har m\u00e5nga tillverkare ett eget system f\u00f6r att assistera cyklister i deras jakt p\u00e5 en passande sadel, och Specialized \u00e4r inget undantag. Men ist\u00e4llet f\u00f6r att koncentrera sig p\u00e5 sadlar, har Specialized skapat ett helt ecosystem av produkter som \u00e4r framtagna f\u00f6r att \u00f6ka kraft, f\u00f6rebygga skador, f\u00f6rb\u00e4ttra uth\u00e5llighet och maximera komfort.<\/p>\n<p>Systemet kallas Body Geometry och omger alla produkter som r\u00f6r en cyklists kontaktpunkter med cykeln &#8211; sadel, skor, handskar och byxor.<\/p>\n<p>Body Geometry \u00e4r vetenskapligt framtagen med modern forskning och resultatet \u00e4r en serie produkter som erbjuder enormt h\u00f6g kvalitet som b\u00e5de l\u00f6ser problem med bristande komfort och samtidigt ser till att g\u00f6ra dig snabbare, starkare och uth\u00e5lligare.<\/p>\n","protected":false},"featured_media":360,"comment_status":"closed","ping_status":"closed","template":"","meta":{"_kad_blocks_custom_css":"","_kad_blocks_head_custom_js":"","_kad_blocks_body_custom_js":"","_kad_blocks_footer_custom_js":"","_kadence_starter_templates_imported_post":false,"_kad_post_transparent":"default","_kad_post_title":"","_kad_post_layout":"default","_kad_post_sidebar_id":"","_kad_post_content_style":"default","_kad_post_vertical_padding":"default","_kad_post_feature":"","_kad_post_feature_position":"","_kad_post_header":false,"_kad_post_footer":false,"_kad_post_classname":""},"product_brand":[],"product_cat":[176,170],"product_tag":[],"class_list":{"0":"post-2727","1":"product","2":"type-product","3":"status-publish","4":"has-post-thumbnail","6":"product_cat-sadlar","7":"product_cat-utrustning","9":"first","10":"instock","11":"purchasable","12":"product-type-simple","13":"entry","14":"content-bg","15":"loop-entry"},"yoast_head":"<!-- This site is optimized with the Yoast SEO plugin v27.4 - https:\/\/yoast.com\/product\/yoast-seo-wordpress\/ -->\n<title>Specialized S-Works Power mirror | Porvoon Py\u00f6r\u00e4keskus<\/title>\n<meta name=\"robots\" content=\"index, follow, max-snippet:-1, max-image-preview:large, max-video-preview:-1\" \/>\n<link rel=\"canonical\" href=\"https:\/\/porvoonpyorakeskus.fi\/sv\/produkt\/specialized-s-works-power-mirror\/\" \/>\n<meta property=\"og:locale\" content=\"sv_SE\" \/>\n<meta property=\"og:type\" content=\"article\" \/>\n<meta property=\"og:title\" content=\"Specialized S-Works Power mirror | Porvoon Py\u00f6r\u00e4keskus\" \/>\n<meta property=\"og:description\" content=\"S-Works Power mirror sadel.  Specialized Body Geometry Idag har m\u00e5nga tillverkare ett eget system f\u00f6r att assistera cyklister i deras jakt p\u00e5 en passande sadel, och Specialized \u00e4r inget undantag. Men ist\u00e4llet f\u00f6r att koncentrera sig p\u00e5 sadlar, har Specialized skapat ett helt ecosystem av produkter som \u00e4r framtagna f\u00f6r att \u00f6ka kraft, f\u00f6rebygga skador, f\u00f6rb\u00e4ttra uth\u00e5llighet och maximera komfort.  Systemet kallas Body Geometry och omger alla produkter som r\u00f6r en cyklists kontaktpunkter med cykeln - sadel, skor, handskar och byxor.  Body Geometry \u00e4r vetenskapligt framtagen med modern forskning och resultatet \u00e4r en serie produkter som erbjuder enormt h\u00f6g kvalitet som b\u00e5de l\u00f6ser problem med bristande komfort och samtidigt ser till att g\u00f6ra dig snabbare, starkare och uth\u00e5lligare.\" \/>\n<meta property=\"og:url\" content=\"https:\/\/porvoonpyorakeskus.fi\/sv\/produkt\/specialized-s-works-power-mirror\/\" \/>\n<meta property=\"og:site_name\" content=\"Porvoon Py\u00f6r\u00e4keskus\" \/>\n<meta property=\"article:publisher\" content=\"https:\/\/www.facebook.com\/porvoonpyorakeskus\" \/>\n<meta property=\"article:modified_time\" content=\"2022-03-29T16:35:26+00:00\" \/>\n<meta property=\"og:image\" content=\"https:\/\/porvoonpyorakeskus.fi\/wp-content\/uploads\/2022\/02\/2021_SDDL_SW-POWER-CARBON-MAP3D-SADDLE-BLK-143_HERO.jpg\" \/>\n\t<meta property=\"og:image:width\" content=\"920\" \/>\n\t<meta property=\"og:image:height\" content=\"640\" \/>\n\t<meta property=\"og:image:type\" content=\"image\/jpeg\" \/>\n<meta name=\"twitter:card\" content=\"summary_large_image\" \/>\n<meta name=\"twitter:label1\" content=\"Ber\u00e4knad l\u00e4stid\" \/>\n\t<meta name=\"twitter:data1\" content=\"1 minut\" \/>\n<script type=\"application\/ld+json\" class=\"yoast-schema-graph\">{\"@context\":\"https:\\\/\\\/schema.org\",\"@graph\":[{\"@type\":\"WebPage\",\"@id\":\"https:\\\/\\\/porvoonpyorakeskus.fi\\\/sv\\\/produkt\\\/specialized-s-works-power-mirror\\\/\",\"url\":\"https:\\\/\\\/porvoonpyorakeskus.fi\\\/sv\\\/produkt\\\/specialized-s-works-power-mirror\\\/\",\"name\":\"Specialized S-Works Power mirror | Porvoon Py\u00f6r\u00e4keskus\",\"isPartOf\":{\"@id\":\"https:\\\/\\\/porvoonpyorakeskus.fi\\\/sv\\\/#website\"},\"primaryImageOfPage\":{\"@id\":\"https:\\\/\\\/porvoonpyorakeskus.fi\\\/sv\\\/produkt\\\/specialized-s-works-power-mirror\\\/#primaryimage\"},\"image\":{\"@id\":\"https:\\\/\\\/porvoonpyorakeskus.fi\\\/sv\\\/produkt\\\/specialized-s-works-power-mirror\\\/#primaryimage\"},\"thumbnailUrl\":\"https:\\\/\\\/porvoonpyorakeskus.fi\\\/wp-content\\\/uploads\\\/2022\\\/02\\\/2021_SDDL_SW-POWER-CARBON-MAP3D-SADDLE-BLK-143_HERO.jpg\",\"datePublished\":\"2021-02-15T12:15:00+00:00\",\"dateModified\":\"2022-03-29T16:35:26+00:00\",\"breadcrumb\":{\"@id\":\"https:\\\/\\\/porvoonpyorakeskus.fi\\\/sv\\\/produkt\\\/specialized-s-works-power-mirror\\\/#breadcrumb\"},\"inLanguage\":\"sv-SE\",\"potentialAction\":[{\"@type\":\"ReadAction\",\"target\":[\"https:\\\/\\\/porvoonpyorakeskus.fi\\\/sv\\\/produkt\\\/specialized-s-works-power-mirror\\\/\"]}]},{\"@type\":\"ImageObject\",\"inLanguage\":\"sv-SE\",\"@id\":\"https:\\\/\\\/porvoonpyorakeskus.fi\\\/sv\\\/produkt\\\/specialized-s-works-power-mirror\\\/#primaryimage\",\"url\":\"https:\\\/\\\/porvoonpyorakeskus.fi\\\/wp-content\\\/uploads\\\/2022\\\/02\\\/2021_SDDL_SW-POWER-CARBON-MAP3D-SADDLE-BLK-143_HERO.jpg\",\"contentUrl\":\"https:\\\/\\\/porvoonpyorakeskus.fi\\\/wp-content\\\/uploads\\\/2022\\\/02\\\/2021_SDDL_SW-POWER-CARBON-MAP3D-SADDLE-BLK-143_HERO.jpg\",\"width\":920,\"height\":640},{\"@type\":\"BreadcrumbList\",\"@id\":\"https:\\\/\\\/porvoonpyorakeskus.fi\\\/sv\\\/produkt\\\/specialized-s-works-power-mirror\\\/#breadcrumb\",\"itemListElement\":[{\"@type\":\"ListItem\",\"position\":1,\"name\":\"Etusivu\",\"item\":\"https:\\\/\\\/porvoonpyorakeskus.fi\\\/sv\\\/\"},{\"@type\":\"ListItem\",\"position\":2,\"name\":\"Butik\",\"item\":\"https:\\\/\\\/porvoonpyorakeskus.fi\\\/sv\\\/butik\\\/\"},{\"@type\":\"ListItem\",\"position\":3,\"name\":\"Specialized S-Works Power mirror\"}]},{\"@type\":\"WebSite\",\"@id\":\"https:\\\/\\\/porvoonpyorakeskus.fi\\\/sv\\\/#website\",\"url\":\"https:\\\/\\\/porvoonpyorakeskus.fi\\\/sv\\\/\",\"name\":\"Porvoon py\u00f6r\u00e4keskus\",\"description\":\"Py\u00f6r\u00e4liike ja py\u00f6r\u00e4huolto Porvoon keskustassa. Body Geometry fit ajoasennon mittaus\",\"publisher\":{\"@id\":\"https:\\\/\\\/porvoonpyorakeskus.fi\\\/sv\\\/#organization\"},\"alternateName\":\"Py\u00f6r\u00e4keskus\",\"potentialAction\":[{\"@type\":\"SearchAction\",\"target\":{\"@type\":\"EntryPoint\",\"urlTemplate\":\"https:\\\/\\\/porvoonpyorakeskus.fi\\\/sv\\\/?s={search_term_string}\"},\"query-input\":{\"@type\":\"PropertyValueSpecification\",\"valueRequired\":true,\"valueName\":\"search_term_string\"}}],\"inLanguage\":\"sv-SE\"},{\"@type\":\"Organization\",\"@id\":\"https:\\\/\\\/porvoonpyorakeskus.fi\\\/sv\\\/#organization\",\"name\":\"Porvoon Py\u00f6r\u00e4keskus\",\"alternateName\":\"Py\u00f6r\u00e4keskus\",\"url\":\"https:\\\/\\\/porvoonpyorakeskus.fi\\\/sv\\\/\",\"logo\":{\"@type\":\"ImageObject\",\"inLanguage\":\"sv-SE\",\"@id\":\"https:\\\/\\\/porvoonpyorakeskus.fi\\\/sv\\\/#\\\/schema\\\/logo\\\/image\\\/\",\"url\":\"https:\\\/\\\/porvoonpyorakeskus.fi\\\/wp-content\\\/uploads\\\/2022\\\/03\\\/Porvoon-Pyorakeskus-logo.png\",\"contentUrl\":\"https:\\\/\\\/porvoonpyorakeskus.fi\\\/wp-content\\\/uploads\\\/2022\\\/03\\\/Porvoon-Pyorakeskus-logo.png\",\"width\":257,\"height\":148,\"caption\":\"Porvoon Py\u00f6r\u00e4keskus\"},\"image\":{\"@id\":\"https:\\\/\\\/porvoonpyorakeskus.fi\\\/sv\\\/#\\\/schema\\\/logo\\\/image\\\/\"},\"sameAs\":[\"https:\\\/\\\/www.facebook.com\\\/porvoonpyorakeskus\",\"https:\\\/\\\/www.instagram.com\\\/porvoonpyorakeskus\\\/\"]}]}<\/script>\n<!-- \/ Yoast SEO plugin. -->","yoast_head_json":{"title":"Specialized S-Works Power mirror | Porvoon Py\u00f6r\u00e4keskus","robots":{"index":"index","follow":"follow","max-snippet":"max-snippet:-1","max-image-preview":"max-image-preview:large","max-video-preview":"max-video-preview:-1"},"canonical":"https:\/\/porvoonpyorakeskus.fi\/sv\/produkt\/specialized-s-works-power-mirror\/","og_locale":"sv_SE","og_type":"article","og_title":"Specialized S-Works Power mirror | Porvoon Py\u00f6r\u00e4keskus","og_description":"S-Works Power mirror sadel.  Specialized Body Geometry Idag har m\u00e5nga tillverkare ett eget system f\u00f6r att assistera cyklister i deras jakt p\u00e5 en passande sadel, och Specialized \u00e4r inget undantag. Men ist\u00e4llet f\u00f6r att koncentrera sig p\u00e5 sadlar, har Specialized skapat ett helt ecosystem av produkter som \u00e4r framtagna f\u00f6r att \u00f6ka kraft, f\u00f6rebygga skador, f\u00f6rb\u00e4ttra uth\u00e5llighet och maximera komfort.  Systemet kallas Body Geometry och omger alla produkter som r\u00f6r en cyklists kontaktpunkter med cykeln - sadel, skor, handskar och byxor.  Body Geometry \u00e4r vetenskapligt framtagen med modern forskning och resultatet \u00e4r en serie produkter som erbjuder enormt h\u00f6g kvalitet som b\u00e5de l\u00f6ser problem med bristande komfort och samtidigt ser till att g\u00f6ra dig snabbare, starkare och uth\u00e5lligare.","og_url":"https:\/\/porvoonpyorakeskus.fi\/sv\/produkt\/specialized-s-works-power-mirror\/","og_site_name":"Porvoon Py\u00f6r\u00e4keskus","article_publisher":"https:\/\/www.facebook.com\/porvoonpyorakeskus","article_modified_time":"2022-03-29T16:35:26+00:00","og_image":[{"width":920,"height":640,"url":"https:\/\/porvoonpyorakeskus.fi\/wp-content\/uploads\/2022\/02\/2021_SDDL_SW-POWER-CARBON-MAP3D-SADDLE-BLK-143_HERO.jpg","type":"image\/jpeg"}],"twitter_card":"summary_large_image","twitter_misc":{"Ber\u00e4knad l\u00e4stid":"1 minut"},"schema":{"@context":"https:\/\/schema.org","@graph":[{"@type":"WebPage","@id":"https:\/\/porvoonpyorakeskus.fi\/sv\/produkt\/specialized-s-works-power-mirror\/","url":"https:\/\/porvoonpyorakeskus.fi\/sv\/produkt\/specialized-s-works-power-mirror\/","name":"Specialized S-Works Power mirror | Porvoon Py\u00f6r\u00e4keskus","isPartOf":{"@id":"https:\/\/porvoonpyorakeskus.fi\/sv\/#website"},"primaryImageOfPage":{"@id":"https:\/\/porvoonpyorakeskus.fi\/sv\/produkt\/specialized-s-works-power-mirror\/#primaryimage"},"image":{"@id":"https:\/\/porvoonpyorakeskus.fi\/sv\/produkt\/specialized-s-works-power-mirror\/#primaryimage"},"thumbnailUrl":"https:\/\/porvoonpyorakeskus.fi\/wp-content\/uploads\/2022\/02\/2021_SDDL_SW-POWER-CARBON-MAP3D-SADDLE-BLK-143_HERO.jpg","datePublished":"2021-02-15T12:15:00+00:00","dateModified":"2022-03-29T16:35:26+00:00","breadcrumb":{"@id":"https:\/\/porvoonpyorakeskus.fi\/sv\/produkt\/specialized-s-works-power-mirror\/#breadcrumb"},"inLanguage":"sv-SE","potentialAction":[{"@type":"ReadAction","target":["https:\/\/porvoonpyorakeskus.fi\/sv\/produkt\/specialized-s-works-power-mirror\/"]}]},{"@type":"ImageObject","inLanguage":"sv-SE","@id":"https:\/\/porvoonpyorakeskus.fi\/sv\/produkt\/specialized-s-works-power-mirror\/#primaryimage","url":"https:\/\/porvoonpyorakeskus.fi\/wp-content\/uploads\/2022\/02\/2021_SDDL_SW-POWER-CARBON-MAP3D-SADDLE-BLK-143_HERO.jpg","contentUrl":"https:\/\/porvoonpyorakeskus.fi\/wp-content\/uploads\/2022\/02\/2021_SDDL_SW-POWER-CARBON-MAP3D-SADDLE-BLK-143_HERO.jpg","width":920,"height":640},{"@type":"BreadcrumbList","@id":"https:\/\/porvoonpyorakeskus.fi\/sv\/produkt\/specialized-s-works-power-mirror\/#breadcrumb","itemListElement":[{"@type":"ListItem","position":1,"name":"Etusivu","item":"https:\/\/porvoonpyorakeskus.fi\/sv\/"},{"@type":"ListItem","position":2,"name":"Butik","item":"https:\/\/porvoonpyorakeskus.fi\/sv\/butik\/"},{"@type":"ListItem","position":3,"name":"Specialized S-Works Power mirror"}]},{"@type":"WebSite","@id":"https:\/\/porvoonpyorakeskus.fi\/sv\/#website","url":"https:\/\/porvoonpyorakeskus.fi\/sv\/","name":"Porvoon py\u00f6r\u00e4keskus","description":"Py\u00f6r\u00e4liike ja py\u00f6r\u00e4huolto Porvoon keskustassa. Body Geometry fit ajoasennon mittaus","publisher":{"@id":"https:\/\/porvoonpyorakeskus.fi\/sv\/#organization"},"alternateName":"Py\u00f6r\u00e4keskus","potentialAction":[{"@type":"SearchAction","target":{"@type":"EntryPoint","urlTemplate":"https:\/\/porvoonpyorakeskus.fi\/sv\/?s={search_term_string}"},"query-input":{"@type":"PropertyValueSpecification","valueRequired":true,"valueName":"search_term_string"}}],"inLanguage":"sv-SE"},{"@type":"Organization","@id":"https:\/\/porvoonpyorakeskus.fi\/sv\/#organization","name":"Porvoon Py\u00f6r\u00e4keskus","alternateName":"Py\u00f6r\u00e4keskus","url":"https:\/\/porvoonpyorakeskus.fi\/sv\/","logo":{"@type":"ImageObject","inLanguage":"sv-SE","@id":"https:\/\/porvoonpyorakeskus.fi\/sv\/#\/schema\/logo\/image\/","url":"https:\/\/porvoonpyorakeskus.fi\/wp-content\/uploads\/2022\/03\/Porvoon-Pyorakeskus-logo.png","contentUrl":"https:\/\/porvoonpyorakeskus.fi\/wp-content\/uploads\/2022\/03\/Porvoon-Pyorakeskus-logo.png","width":257,"height":148,"caption":"Porvoon Py\u00f6r\u00e4keskus"},"image":{"@id":"https:\/\/porvoonpyorakeskus.fi\/sv\/#\/schema\/logo\/image\/"},"sameAs":["https:\/\/www.facebook.com\/porvoonpyorakeskus","https:\/\/www.instagram.com\/porvoonpyorakeskus\/"]}]}},"taxonomy_info":{"product_cat":[{"value":176,"label":"Sadlar"},{"value":170,"label":"Utrustning"}]},"featured_image_src_large":["https:\/\/porvoonpyorakeskus.fi\/wp-content\/uploads\/2022\/02\/2021_SDDL_SW-POWER-CARBON-MAP3D-SADDLE-BLK-143_HERO.jpg",920,640,false],"author_info":[],"comment_info":0,"_links":{"self":[{"href":"https:\/\/porvoonpyorakeskus.fi\/sv\/wp-json\/wp\/v2\/product\/2727","targetHints":{"allow":["GET"]}}],"collection":[{"href":"https:\/\/porvoonpyorakeskus.fi\/sv\/wp-json\/wp\/v2\/product"}],"about":[{"href":"https:\/\/porvoonpyorakeskus.fi\/sv\/wp-json\/wp\/v2\/types\/product"}],"replies":[{"embeddable":true,"href":"https:\/\/porvoonpyorakeskus.fi\/sv\/wp-json\/wp\/v2\/comments?post=2727"}],"wp:featuredmedia":[{"embeddable":true,"href":"https:\/\/porvoonpyorakeskus.fi\/sv\/wp-json\/wp\/v2\/media\/360"}],"wp:attachment":[{"href":"https:\/\/porvoonpyorakeskus.fi\/sv\/wp-json\/wp\/v2\/media?parent=2727"}],"wp:term":[{"taxonomy":"product_brand","embeddable":true,"href":"https:\/\/porvoonpyorakeskus.fi\/sv\/wp-json\/wp\/v2\/product_brand?post=2727"},{"taxonomy":"product_cat","embeddable":true,"href":"https:\/\/porvoonpyorakeskus.fi\/sv\/wp-json\/wp\/v2\/product_cat?post=2727"},{"taxonomy":"product_tag","embeddable":true,"href":"https:\/\/porvoonpyorakeskus.fi\/sv\/wp-json\/wp\/v2\/product_tag?post=2727"}],"curies":[{"name":"wp","href":"https:\/\/api.w.org\/{rel}","templated":true}]}}