{"id":2723,"date":"2019-12-12T15:00:00","date_gmt":"2019-12-12T13:00:00","guid":{"rendered":"https:\/\/porvoonpyorakeskus.fi\/index.php\/tuote\/suomi-tyres-dubbdack-fat-freddie-75-584-plusdack-med-348-st-dubbar\/"},"modified":"2022-03-29T19:54:17","modified_gmt":"2022-03-29T16:54:17","slug":"suomi-tyres-dubbdack-fat-freddie-75-584-plusdack-med-348-st-dubbar","status":"publish","type":"product","link":"https:\/\/porvoonpyorakeskus.fi\/sv\/produkt\/suomi-tyres-dubbdack-fat-freddie-75-584-plusdack-med-348-st-dubbar\/","title":{"rendered":"Suomi Tyres dubbd\u00e4ck Fat Freddie 75-584 plusd\u00e4ck med 348 st dubbar"},"content":{"rendered":"<p>Det extra breda dubbd\u00e4cket Suomi Tyres Fat Freddie W384 \u00e4r konstruerat i en helt giftfri och mjuk gummiblandning som \u00e4r speciellt anpassad f\u00f6r kyliga vinterf\u00f6rh\u00e5llanden. D\u00e4cket aggressiva m\u00f6nstring med extremt gener\u00f6sa klackar l\u00e4mpar sig mycket v\u00e4l f\u00f6r n\u00e4stan alla typer av MTB-cykling och s\u00e4kerst\u00e4ller att du kan ge dig ut p\u00e5 dina favoritstigar \u00e4ven om det \u00e4r mitt i vintern. <\/p>\n<p>Ut\u00f6ver den extremt h\u00f6gklassiga gummiblandningen (som givetvis \u00e4r helt giftfri och milj\u00f6v\u00e4nlig) har d\u00e4cket strategiskt placerad och t\u00e5liga dubbar (384 st) som s\u00e4kerst\u00e4ller ett p\u00e5litligt grepp p\u00e5 b\u00e5de sn\u00f6 och is. Dubbarna har en riktigt h\u00e5rd metallk\u00e4rna men t\u00e4cks av ett yttre lager i aluminium f\u00f6r att uppn\u00e5 l\u00e5g vikt, en sportig k\u00e4nsla och b\u00e4sta m\u00f6jliga grepp i kylan.<\/p>\n","protected":false},"excerpt":{"rendered":"<p>Ett extremt greppvilligt dubbd\u00e4ck som imponerar p\u00e5 varierande skandinaviska vinterf\u00f6rh\u00e5llanden, d\u00e4r ju b\u00e5de p\u00e5 is, h\u00e5rdpackad sn\u00f6 och v\u00e5t slask tillh\u00f6r vardagen.<\/p>\n<p>Dubbd\u00e4ck f\u00f6r avancerad off-road-cykling p\u00e5 is och sn\u00f6<br \/>\nExtra bred &#8220;Plus Size&#8221; med dimension  p\u00e5 3.0\u0094<br \/>\nSpeciellt framtaget f\u00f6r MTB-cyklar med suver\u00e4nt grepp \u00e4ven p\u00e5 sn\u00f6iga och isiga partier<br \/>\nL\u00e4tt och robust konstruktion som \u00e4r anpassad f\u00f6r v\u00e5rt tuffa skandinaviska klimat<br \/>\nVassa st\u00e5ldubbar (384 st)<br \/>\nHelt giftfri och milj\u00f6v\u00e4nlig gummiblandning som \u00e4r fullt anpassad f\u00f6r vinterf\u00f6rh\u00e5llanden (durometer 58A)<br \/>\nSkinwall-struktur med l\u00e5g vikt<br \/>\nSt\u00e5lkanttr\u00e5d &#8211; D\u00e4ck som anpassat f\u00f6r att k\u00f6ras med slang<\/p>\n","protected":false},"featured_media":330,"comment_status":"closed","ping_status":"closed","template":"","meta":{"_kad_blocks_custom_css":"","_kad_blocks_head_custom_js":"","_kad_blocks_body_custom_js":"","_kad_blocks_footer_custom_js":"","_kadence_starter_templates_imported_post":false,"_kad_post_transparent":"default","_kad_post_title":"","_kad_post_layout":"default","_kad_post_sidebar_id":"","_kad_post_content_style":"default","_kad_post_vertical_padding":"default","_kad_post_feature":"","_kad_post_feature_position":"","_kad_post_header":false,"_kad_post_footer":false,"_kad_post_classname":""},"product_brand":[],"product_cat":[175,170],"product_tag":[],"class_list":{"0":"post-2723","1":"product","2":"type-product","3":"status-publish","4":"has-post-thumbnail","6":"product_cat-dack","7":"product_cat-utrustning","9":"first","10":"instock","11":"purchasable","12":"product-type-simple","13":"entry","14":"content-bg","15":"loop-entry"},"yoast_head":"<!-- This site is optimized with the Yoast SEO plugin v27.4 - https:\/\/yoast.com\/product\/yoast-seo-wordpress\/ -->\n<title>Suomi Tyres dubbd\u00e4ck Fat Freddie 75-584 plusd\u00e4ck med 348 st dubbar | Porvoon Py\u00f6r\u00e4keskus<\/title>\n<meta name=\"robots\" content=\"index, follow, max-snippet:-1, max-image-preview:large, max-video-preview:-1\" \/>\n<link rel=\"canonical\" href=\"https:\/\/porvoonpyorakeskus.fi\/sv\/produkt\/suomi-tyres-dubbdack-fat-freddie-75-584-plusdack-med-348-st-dubbar\/\" \/>\n<meta property=\"og:locale\" content=\"sv_SE\" \/>\n<meta property=\"og:type\" content=\"article\" \/>\n<meta property=\"og:title\" content=\"Suomi Tyres dubbd\u00e4ck Fat Freddie 75-584 plusd\u00e4ck med 348 st dubbar | Porvoon Py\u00f6r\u00e4keskus\" \/>\n<meta property=\"og:description\" content=\"Ett extremt greppvilligt dubbd\u00e4ck som imponerar p\u00e5 varierande skandinaviska vinterf\u00f6rh\u00e5llanden, d\u00e4r ju b\u00e5de p\u00e5 is, h\u00e5rdpackad sn\u00f6 och v\u00e5t slask tillh\u00f6r vardagen.  Dubbd\u00e4ck f\u00f6r avancerad off-road-cykling p\u00e5 is och sn\u00f6  Extra bred &quot;Plus Size&quot; med dimension p\u00e5 3.0\u0094 Speciellt framtaget f\u00f6r MTB-cyklar med suver\u00e4nt grepp \u00e4ven p\u00e5 sn\u00f6iga och isiga partier L\u00e4tt och robust konstruktion som \u00e4r anpassad f\u00f6r v\u00e5rt tuffa skandinaviska klimat Vassa st\u00e5ldubbar (384 st)  Helt giftfri och milj\u00f6v\u00e4nlig gummiblandning som \u00e4r fullt anpassad f\u00f6r vinterf\u00f6rh\u00e5llanden (durometer 58A) Skinwall-struktur med l\u00e5g vikt St\u00e5lkanttr\u00e5d - D\u00e4ck som anpassat f\u00f6r att k\u00f6ras med slang\" \/>\n<meta property=\"og:url\" content=\"https:\/\/porvoonpyorakeskus.fi\/sv\/produkt\/suomi-tyres-dubbdack-fat-freddie-75-584-plusdack-med-348-st-dubbar\/\" \/>\n<meta property=\"og:site_name\" content=\"Porvoon Py\u00f6r\u00e4keskus\" \/>\n<meta property=\"article:publisher\" content=\"https:\/\/www.facebook.com\/porvoonpyorakeskus\" \/>\n<meta property=\"article:modified_time\" content=\"2022-03-29T16:54:17+00:00\" \/>\n<meta property=\"og:image\" content=\"https:\/\/porvoonpyorakeskus.fi\/wp-content\/uploads\/2022\/02\/Fat-Freddie-75-584.jpeg\" \/>\n\t<meta property=\"og:image:width\" content=\"600\" \/>\n\t<meta property=\"og:image:height\" content=\"600\" \/>\n\t<meta property=\"og:image:type\" content=\"image\/jpeg\" \/>\n<meta name=\"twitter:card\" content=\"summary_large_image\" \/>\n<meta name=\"twitter:label1\" content=\"Ber\u00e4knad l\u00e4stid\" \/>\n\t<meta name=\"twitter:data1\" content=\"1 minut\" \/>\n<script type=\"application\/ld+json\" class=\"yoast-schema-graph\">{\"@context\":\"https:\\\/\\\/schema.org\",\"@graph\":[{\"@type\":\"WebPage\",\"@id\":\"https:\\\/\\\/porvoonpyorakeskus.fi\\\/sv\\\/produkt\\\/suomi-tyres-dubbdack-fat-freddie-75-584-plusdack-med-348-st-dubbar\\\/\",\"url\":\"https:\\\/\\\/porvoonpyorakeskus.fi\\\/sv\\\/produkt\\\/suomi-tyres-dubbdack-fat-freddie-75-584-plusdack-med-348-st-dubbar\\\/\",\"name\":\"Suomi Tyres dubbd\u00e4ck Fat Freddie 75-584 plusd\u00e4ck med 348 st dubbar | Porvoon Py\u00f6r\u00e4keskus\",\"isPartOf\":{\"@id\":\"https:\\\/\\\/porvoonpyorakeskus.fi\\\/sv\\\/#website\"},\"primaryImageOfPage\":{\"@id\":\"https:\\\/\\\/porvoonpyorakeskus.fi\\\/sv\\\/produkt\\\/suomi-tyres-dubbdack-fat-freddie-75-584-plusdack-med-348-st-dubbar\\\/#primaryimage\"},\"image\":{\"@id\":\"https:\\\/\\\/porvoonpyorakeskus.fi\\\/sv\\\/produkt\\\/suomi-tyres-dubbdack-fat-freddie-75-584-plusdack-med-348-st-dubbar\\\/#primaryimage\"},\"thumbnailUrl\":\"https:\\\/\\\/porvoonpyorakeskus.fi\\\/wp-content\\\/uploads\\\/2022\\\/02\\\/Fat-Freddie-75-584.jpeg\",\"datePublished\":\"2019-12-12T13:00:00+00:00\",\"dateModified\":\"2022-03-29T16:54:17+00:00\",\"breadcrumb\":{\"@id\":\"https:\\\/\\\/porvoonpyorakeskus.fi\\\/sv\\\/produkt\\\/suomi-tyres-dubbdack-fat-freddie-75-584-plusdack-med-348-st-dubbar\\\/#breadcrumb\"},\"inLanguage\":\"sv-SE\",\"potentialAction\":[{\"@type\":\"ReadAction\",\"target\":[\"https:\\\/\\\/porvoonpyorakeskus.fi\\\/sv\\\/produkt\\\/suomi-tyres-dubbdack-fat-freddie-75-584-plusdack-med-348-st-dubbar\\\/\"]}]},{\"@type\":\"ImageObject\",\"inLanguage\":\"sv-SE\",\"@id\":\"https:\\\/\\\/porvoonpyorakeskus.fi\\\/sv\\\/produkt\\\/suomi-tyres-dubbdack-fat-freddie-75-584-plusdack-med-348-st-dubbar\\\/#primaryimage\",\"url\":\"https:\\\/\\\/porvoonpyorakeskus.fi\\\/wp-content\\\/uploads\\\/2022\\\/02\\\/Fat-Freddie-75-584.jpeg\",\"contentUrl\":\"https:\\\/\\\/porvoonpyorakeskus.fi\\\/wp-content\\\/uploads\\\/2022\\\/02\\\/Fat-Freddie-75-584.jpeg\",\"width\":600,\"height\":600,\"caption\":\"plussakoon nastarengas maastopy\u00f6r\u00e4\u00e4n 27,5\\\"\"},{\"@type\":\"BreadcrumbList\",\"@id\":\"https:\\\/\\\/porvoonpyorakeskus.fi\\\/sv\\\/produkt\\\/suomi-tyres-dubbdack-fat-freddie-75-584-plusdack-med-348-st-dubbar\\\/#breadcrumb\",\"itemListElement\":[{\"@type\":\"ListItem\",\"position\":1,\"name\":\"Etusivu\",\"item\":\"https:\\\/\\\/porvoonpyorakeskus.fi\\\/sv\\\/\"},{\"@type\":\"ListItem\",\"position\":2,\"name\":\"Butik\",\"item\":\"https:\\\/\\\/porvoonpyorakeskus.fi\\\/sv\\\/butik\\\/\"},{\"@type\":\"ListItem\",\"position\":3,\"name\":\"Suomi Tyres dubbd\u00e4ck Fat Freddie 75-584 plusd\u00e4ck med 348 st dubbar\"}]},{\"@type\":\"WebSite\",\"@id\":\"https:\\\/\\\/porvoonpyorakeskus.fi\\\/sv\\\/#website\",\"url\":\"https:\\\/\\\/porvoonpyorakeskus.fi\\\/sv\\\/\",\"name\":\"Porvoon py\u00f6r\u00e4keskus\",\"description\":\"Py\u00f6r\u00e4liike ja py\u00f6r\u00e4huolto Porvoon keskustassa. Body Geometry fit ajoasennon mittaus\",\"publisher\":{\"@id\":\"https:\\\/\\\/porvoonpyorakeskus.fi\\\/sv\\\/#organization\"},\"alternateName\":\"Py\u00f6r\u00e4keskus\",\"potentialAction\":[{\"@type\":\"SearchAction\",\"target\":{\"@type\":\"EntryPoint\",\"urlTemplate\":\"https:\\\/\\\/porvoonpyorakeskus.fi\\\/sv\\\/?s={search_term_string}\"},\"query-input\":{\"@type\":\"PropertyValueSpecification\",\"valueRequired\":true,\"valueName\":\"search_term_string\"}}],\"inLanguage\":\"sv-SE\"},{\"@type\":\"Organization\",\"@id\":\"https:\\\/\\\/porvoonpyorakeskus.fi\\\/sv\\\/#organization\",\"name\":\"Porvoon Py\u00f6r\u00e4keskus\",\"alternateName\":\"Py\u00f6r\u00e4keskus\",\"url\":\"https:\\\/\\\/porvoonpyorakeskus.fi\\\/sv\\\/\",\"logo\":{\"@type\":\"ImageObject\",\"inLanguage\":\"sv-SE\",\"@id\":\"https:\\\/\\\/porvoonpyorakeskus.fi\\\/sv\\\/#\\\/schema\\\/logo\\\/image\\\/\",\"url\":\"https:\\\/\\\/porvoonpyorakeskus.fi\\\/wp-content\\\/uploads\\\/2022\\\/03\\\/Porvoon-Pyorakeskus-logo.png\",\"contentUrl\":\"https:\\\/\\\/porvoonpyorakeskus.fi\\\/wp-content\\\/uploads\\\/2022\\\/03\\\/Porvoon-Pyorakeskus-logo.png\",\"width\":257,\"height\":148,\"caption\":\"Porvoon Py\u00f6r\u00e4keskus\"},\"image\":{\"@id\":\"https:\\\/\\\/porvoonpyorakeskus.fi\\\/sv\\\/#\\\/schema\\\/logo\\\/image\\\/\"},\"sameAs\":[\"https:\\\/\\\/www.facebook.com\\\/porvoonpyorakeskus\",\"https:\\\/\\\/www.instagram.com\\\/porvoonpyorakeskus\\\/\"]}]}<\/script>\n<!-- \/ Yoast SEO plugin. -->","yoast_head_json":{"title":"Suomi Tyres dubbd\u00e4ck Fat Freddie 75-584 plusd\u00e4ck med 348 st dubbar | Porvoon Py\u00f6r\u00e4keskus","robots":{"index":"index","follow":"follow","max-snippet":"max-snippet:-1","max-image-preview":"max-image-preview:large","max-video-preview":"max-video-preview:-1"},"canonical":"https:\/\/porvoonpyorakeskus.fi\/sv\/produkt\/suomi-tyres-dubbdack-fat-freddie-75-584-plusdack-med-348-st-dubbar\/","og_locale":"sv_SE","og_type":"article","og_title":"Suomi Tyres dubbd\u00e4ck Fat Freddie 75-584 plusd\u00e4ck med 348 st dubbar | Porvoon Py\u00f6r\u00e4keskus","og_description":"Ett extremt greppvilligt dubbd\u00e4ck som imponerar p\u00e5 varierande skandinaviska vinterf\u00f6rh\u00e5llanden, d\u00e4r ju b\u00e5de p\u00e5 is, h\u00e5rdpackad sn\u00f6 och v\u00e5t slask tillh\u00f6r vardagen.  Dubbd\u00e4ck f\u00f6r avancerad off-road-cykling p\u00e5 is och sn\u00f6  Extra bred \"Plus Size\" med dimension p\u00e5 3.0\u0094 Speciellt framtaget f\u00f6r MTB-cyklar med suver\u00e4nt grepp \u00e4ven p\u00e5 sn\u00f6iga och isiga partier L\u00e4tt och robust konstruktion som \u00e4r anpassad f\u00f6r v\u00e5rt tuffa skandinaviska klimat Vassa st\u00e5ldubbar (384 st)  Helt giftfri och milj\u00f6v\u00e4nlig gummiblandning som \u00e4r fullt anpassad f\u00f6r vinterf\u00f6rh\u00e5llanden (durometer 58A) Skinwall-struktur med l\u00e5g vikt St\u00e5lkanttr\u00e5d - D\u00e4ck som anpassat f\u00f6r att k\u00f6ras med slang","og_url":"https:\/\/porvoonpyorakeskus.fi\/sv\/produkt\/suomi-tyres-dubbdack-fat-freddie-75-584-plusdack-med-348-st-dubbar\/","og_site_name":"Porvoon Py\u00f6r\u00e4keskus","article_publisher":"https:\/\/www.facebook.com\/porvoonpyorakeskus","article_modified_time":"2022-03-29T16:54:17+00:00","og_image":[{"width":600,"height":600,"url":"https:\/\/porvoonpyorakeskus.fi\/wp-content\/uploads\/2022\/02\/Fat-Freddie-75-584.jpeg","type":"image\/jpeg"}],"twitter_card":"summary_large_image","twitter_misc":{"Ber\u00e4knad l\u00e4stid":"1 minut"},"schema":{"@context":"https:\/\/schema.org","@graph":[{"@type":"WebPage","@id":"https:\/\/porvoonpyorakeskus.fi\/sv\/produkt\/suomi-tyres-dubbdack-fat-freddie-75-584-plusdack-med-348-st-dubbar\/","url":"https:\/\/porvoonpyorakeskus.fi\/sv\/produkt\/suomi-tyres-dubbdack-fat-freddie-75-584-plusdack-med-348-st-dubbar\/","name":"Suomi Tyres dubbd\u00e4ck Fat Freddie 75-584 plusd\u00e4ck med 348 st dubbar | Porvoon Py\u00f6r\u00e4keskus","isPartOf":{"@id":"https:\/\/porvoonpyorakeskus.fi\/sv\/#website"},"primaryImageOfPage":{"@id":"https:\/\/porvoonpyorakeskus.fi\/sv\/produkt\/suomi-tyres-dubbdack-fat-freddie-75-584-plusdack-med-348-st-dubbar\/#primaryimage"},"image":{"@id":"https:\/\/porvoonpyorakeskus.fi\/sv\/produkt\/suomi-tyres-dubbdack-fat-freddie-75-584-plusdack-med-348-st-dubbar\/#primaryimage"},"thumbnailUrl":"https:\/\/porvoonpyorakeskus.fi\/wp-content\/uploads\/2022\/02\/Fat-Freddie-75-584.jpeg","datePublished":"2019-12-12T13:00:00+00:00","dateModified":"2022-03-29T16:54:17+00:00","breadcrumb":{"@id":"https:\/\/porvoonpyorakeskus.fi\/sv\/produkt\/suomi-tyres-dubbdack-fat-freddie-75-584-plusdack-med-348-st-dubbar\/#breadcrumb"},"inLanguage":"sv-SE","potentialAction":[{"@type":"ReadAction","target":["https:\/\/porvoonpyorakeskus.fi\/sv\/produkt\/suomi-tyres-dubbdack-fat-freddie-75-584-plusdack-med-348-st-dubbar\/"]}]},{"@type":"ImageObject","inLanguage":"sv-SE","@id":"https:\/\/porvoonpyorakeskus.fi\/sv\/produkt\/suomi-tyres-dubbdack-fat-freddie-75-584-plusdack-med-348-st-dubbar\/#primaryimage","url":"https:\/\/porvoonpyorakeskus.fi\/wp-content\/uploads\/2022\/02\/Fat-Freddie-75-584.jpeg","contentUrl":"https:\/\/porvoonpyorakeskus.fi\/wp-content\/uploads\/2022\/02\/Fat-Freddie-75-584.jpeg","width":600,"height":600,"caption":"plussakoon nastarengas maastopy\u00f6r\u00e4\u00e4n 27,5\""},{"@type":"BreadcrumbList","@id":"https:\/\/porvoonpyorakeskus.fi\/sv\/produkt\/suomi-tyres-dubbdack-fat-freddie-75-584-plusdack-med-348-st-dubbar\/#breadcrumb","itemListElement":[{"@type":"ListItem","position":1,"name":"Etusivu","item":"https:\/\/porvoonpyorakeskus.fi\/sv\/"},{"@type":"ListItem","position":2,"name":"Butik","item":"https:\/\/porvoonpyorakeskus.fi\/sv\/butik\/"},{"@type":"ListItem","position":3,"name":"Suomi Tyres dubbd\u00e4ck Fat Freddie 75-584 plusd\u00e4ck med 348 st dubbar"}]},{"@type":"WebSite","@id":"https:\/\/porvoonpyorakeskus.fi\/sv\/#website","url":"https:\/\/porvoonpyorakeskus.fi\/sv\/","name":"Porvoon py\u00f6r\u00e4keskus","description":"Py\u00f6r\u00e4liike ja py\u00f6r\u00e4huolto Porvoon keskustassa. Body Geometry fit ajoasennon mittaus","publisher":{"@id":"https:\/\/porvoonpyorakeskus.fi\/sv\/#organization"},"alternateName":"Py\u00f6r\u00e4keskus","potentialAction":[{"@type":"SearchAction","target":{"@type":"EntryPoint","urlTemplate":"https:\/\/porvoonpyorakeskus.fi\/sv\/?s={search_term_string}"},"query-input":{"@type":"PropertyValueSpecification","valueRequired":true,"valueName":"search_term_string"}}],"inLanguage":"sv-SE"},{"@type":"Organization","@id":"https:\/\/porvoonpyorakeskus.fi\/sv\/#organization","name":"Porvoon Py\u00f6r\u00e4keskus","alternateName":"Py\u00f6r\u00e4keskus","url":"https:\/\/porvoonpyorakeskus.fi\/sv\/","logo":{"@type":"ImageObject","inLanguage":"sv-SE","@id":"https:\/\/porvoonpyorakeskus.fi\/sv\/#\/schema\/logo\/image\/","url":"https:\/\/porvoonpyorakeskus.fi\/wp-content\/uploads\/2022\/03\/Porvoon-Pyorakeskus-logo.png","contentUrl":"https:\/\/porvoonpyorakeskus.fi\/wp-content\/uploads\/2022\/03\/Porvoon-Pyorakeskus-logo.png","width":257,"height":148,"caption":"Porvoon Py\u00f6r\u00e4keskus"},"image":{"@id":"https:\/\/porvoonpyorakeskus.fi\/sv\/#\/schema\/logo\/image\/"},"sameAs":["https:\/\/www.facebook.com\/porvoonpyorakeskus","https:\/\/www.instagram.com\/porvoonpyorakeskus\/"]}]}},"taxonomy_info":{"product_cat":[{"value":175,"label":"D\u00e4ck"},{"value":170,"label":"Utrustning"}]},"featured_image_src_large":["https:\/\/porvoonpyorakeskus.fi\/wp-content\/uploads\/2022\/02\/Fat-Freddie-75-584.jpeg",600,600,false],"author_info":[],"comment_info":0,"_links":{"self":[{"href":"https:\/\/porvoonpyorakeskus.fi\/sv\/wp-json\/wp\/v2\/product\/2723","targetHints":{"allow":["GET"]}}],"collection":[{"href":"https:\/\/porvoonpyorakeskus.fi\/sv\/wp-json\/wp\/v2\/product"}],"about":[{"href":"https:\/\/porvoonpyorakeskus.fi\/sv\/wp-json\/wp\/v2\/types\/product"}],"replies":[{"embeddable":true,"href":"https:\/\/porvoonpyorakeskus.fi\/sv\/wp-json\/wp\/v2\/comments?post=2723"}],"wp:featuredmedia":[{"embeddable":true,"href":"https:\/\/porvoonpyorakeskus.fi\/sv\/wp-json\/wp\/v2\/media\/330"}],"wp:attachment":[{"href":"https:\/\/porvoonpyorakeskus.fi\/sv\/wp-json\/wp\/v2\/media?parent=2723"}],"wp:term":[{"taxonomy":"product_brand","embeddable":true,"href":"https:\/\/porvoonpyorakeskus.fi\/sv\/wp-json\/wp\/v2\/product_brand?post=2723"},{"taxonomy":"product_cat","embeddable":true,"href":"https:\/\/porvoonpyorakeskus.fi\/sv\/wp-json\/wp\/v2\/product_cat?post=2723"},{"taxonomy":"product_tag","embeddable":true,"href":"https:\/\/porvoonpyorakeskus.fi\/sv\/wp-json\/wp\/v2\/product_tag?post=2723"}],"curies":[{"name":"wp","href":"https:\/\/api.w.org\/{rel}","templated":true}]}}