{"id":2722,"date":"2019-12-12T14:07:00","date_gmt":"2019-12-12T12:07:00","guid":{"rendered":"https:\/\/porvoonpyorakeskus.fi\/index.php\/tuote\/jopo-dubbdack-24-47-507\/"},"modified":"2022-03-29T19:55:49","modified_gmt":"2022-03-29T16:55:49","slug":"jopo-dubbdack-24-47-507","status":"publish","type":"product","link":"https:\/\/porvoonpyorakeskus.fi\/sv\/produkt\/jopo-dubbdack-24-47-507\/","title":{"rendered":"Jopo dubbd\u00e4ck 24? 47-507"},"content":{"rendered":"<p>Finlands popul\u00e4raste cykels eget dubbd\u00e4ck!<br \/>\nTillverkat i Europa, 24&#8243; 47-507-d\u00e4cket med 100 h\u00e5rdmetallstift s\u00e4kerst\u00e4ller ett s\u00e4kert grepp under kr\u00e4vande vinterf\u00f6rh\u00e5llanden. Reflektorsidan \u00f6kar sikten i m\u00f6rker och punkteringsskyddet skyddar mot flisor.<\/p>\n<p>Storlek: 24 x 1,75 tum (47-507)<br \/>\nKropp: fast<br \/>\nStiftkropp: h\u00e5rdmetall<br \/>\nPunkteringsskydd<br \/>\nReflexband<\/p>\n","protected":false},"excerpt":{"rendered":"<p>Finlands popul\u00e4raste cykels, JOPO:ns eget dubbd\u00e4ck!<\/p>\n","protected":false},"featured_media":326,"comment_status":"closed","ping_status":"closed","template":"","meta":{"_kad_blocks_custom_css":"","_kad_blocks_head_custom_js":"","_kad_blocks_body_custom_js":"","_kad_blocks_footer_custom_js":"","_kadence_starter_templates_imported_post":false,"_kad_post_transparent":"default","_kad_post_title":"","_kad_post_layout":"default","_kad_post_sidebar_id":"","_kad_post_content_style":"default","_kad_post_vertical_padding":"default","_kad_post_feature":"","_kad_post_feature_position":"","_kad_post_header":false,"_kad_post_footer":false,"_kad_post_classname":""},"product_brand":[],"product_cat":[175,170],"product_tag":[],"class_list":{"0":"post-2722","1":"product","2":"type-product","3":"status-publish","4":"has-post-thumbnail","6":"product_cat-dack","7":"product_cat-utrustning","9":"first","10":"instock","11":"purchasable","12":"product-type-simple","13":"entry","14":"content-bg","15":"loop-entry"},"yoast_head":"<!-- This site is optimized with the Yoast SEO plugin v27.4 - https:\/\/yoast.com\/product\/yoast-seo-wordpress\/ -->\n<title>Jopo dubbd\u00e4ck 24? 47-507 | Porvoon Py\u00f6r\u00e4keskus<\/title>\n<meta name=\"robots\" content=\"index, follow, max-snippet:-1, max-image-preview:large, max-video-preview:-1\" \/>\n<link rel=\"canonical\" href=\"https:\/\/porvoonpyorakeskus.fi\/sv\/produkt\/jopo-dubbdack-24-47-507\/\" \/>\n<meta property=\"og:locale\" content=\"sv_SE\" \/>\n<meta property=\"og:type\" content=\"article\" \/>\n<meta property=\"og:title\" content=\"Jopo dubbd\u00e4ck 24? 47-507 | Porvoon Py\u00f6r\u00e4keskus\" \/>\n<meta property=\"og:description\" content=\"Finlands popul\u00e4raste cykels, JOPO:ns eget dubbd\u00e4ck!\" \/>\n<meta property=\"og:url\" content=\"https:\/\/porvoonpyorakeskus.fi\/sv\/produkt\/jopo-dubbdack-24-47-507\/\" \/>\n<meta property=\"og:site_name\" content=\"Porvoon Py\u00f6r\u00e4keskus\" \/>\n<meta property=\"article:publisher\" content=\"https:\/\/www.facebook.com\/porvoonpyorakeskus\" \/>\n<meta property=\"article:modified_time\" content=\"2022-03-29T16:55:49+00:00\" \/>\n<meta property=\"og:image\" content=\"https:\/\/porvoonpyorakeskus.fi\/wp-content\/uploads\/2022\/02\/Jopo-nasta.jpg\" \/>\n\t<meta property=\"og:image:width\" content=\"686\" \/>\n\t<meta property=\"og:image:height\" content=\"800\" \/>\n\t<meta property=\"og:image:type\" content=\"image\/jpeg\" \/>\n<meta name=\"twitter:card\" content=\"summary_large_image\" \/>\n<script type=\"application\/ld+json\" class=\"yoast-schema-graph\">{\"@context\":\"https:\\\/\\\/schema.org\",\"@graph\":[{\"@type\":\"WebPage\",\"@id\":\"https:\\\/\\\/porvoonpyorakeskus.fi\\\/sv\\\/produkt\\\/jopo-dubbdack-24-47-507\\\/\",\"url\":\"https:\\\/\\\/porvoonpyorakeskus.fi\\\/sv\\\/produkt\\\/jopo-dubbdack-24-47-507\\\/\",\"name\":\"Jopo dubbd\u00e4ck 24? 47-507 | Porvoon Py\u00f6r\u00e4keskus\",\"isPartOf\":{\"@id\":\"https:\\\/\\\/porvoonpyorakeskus.fi\\\/sv\\\/#website\"},\"primaryImageOfPage\":{\"@id\":\"https:\\\/\\\/porvoonpyorakeskus.fi\\\/sv\\\/produkt\\\/jopo-dubbdack-24-47-507\\\/#primaryimage\"},\"image\":{\"@id\":\"https:\\\/\\\/porvoonpyorakeskus.fi\\\/sv\\\/produkt\\\/jopo-dubbdack-24-47-507\\\/#primaryimage\"},\"thumbnailUrl\":\"https:\\\/\\\/porvoonpyorakeskus.fi\\\/wp-content\\\/uploads\\\/2022\\\/02\\\/Jopo-nasta.jpg\",\"datePublished\":\"2019-12-12T12:07:00+00:00\",\"dateModified\":\"2022-03-29T16:55:49+00:00\",\"breadcrumb\":{\"@id\":\"https:\\\/\\\/porvoonpyorakeskus.fi\\\/sv\\\/produkt\\\/jopo-dubbdack-24-47-507\\\/#breadcrumb\"},\"inLanguage\":\"sv-SE\",\"potentialAction\":[{\"@type\":\"ReadAction\",\"target\":[\"https:\\\/\\\/porvoonpyorakeskus.fi\\\/sv\\\/produkt\\\/jopo-dubbdack-24-47-507\\\/\"]}]},{\"@type\":\"ImageObject\",\"inLanguage\":\"sv-SE\",\"@id\":\"https:\\\/\\\/porvoonpyorakeskus.fi\\\/sv\\\/produkt\\\/jopo-dubbdack-24-47-507\\\/#primaryimage\",\"url\":\"https:\\\/\\\/porvoonpyorakeskus.fi\\\/wp-content\\\/uploads\\\/2022\\\/02\\\/Jopo-nasta.jpg\",\"contentUrl\":\"https:\\\/\\\/porvoonpyorakeskus.fi\\\/wp-content\\\/uploads\\\/2022\\\/02\\\/Jopo-nasta.jpg\",\"width\":686,\"height\":800,\"caption\":\"Nastarengas jopoon 24\\\"\"},{\"@type\":\"BreadcrumbList\",\"@id\":\"https:\\\/\\\/porvoonpyorakeskus.fi\\\/sv\\\/produkt\\\/jopo-dubbdack-24-47-507\\\/#breadcrumb\",\"itemListElement\":[{\"@type\":\"ListItem\",\"position\":1,\"name\":\"Etusivu\",\"item\":\"https:\\\/\\\/porvoonpyorakeskus.fi\\\/sv\\\/\"},{\"@type\":\"ListItem\",\"position\":2,\"name\":\"Butik\",\"item\":\"https:\\\/\\\/porvoonpyorakeskus.fi\\\/sv\\\/butik\\\/\"},{\"@type\":\"ListItem\",\"position\":3,\"name\":\"Jopo dubbd\u00e4ck 24? 47-507\"}]},{\"@type\":\"WebSite\",\"@id\":\"https:\\\/\\\/porvoonpyorakeskus.fi\\\/sv\\\/#website\",\"url\":\"https:\\\/\\\/porvoonpyorakeskus.fi\\\/sv\\\/\",\"name\":\"Porvoon py\u00f6r\u00e4keskus\",\"description\":\"Py\u00f6r\u00e4liike ja py\u00f6r\u00e4huolto Porvoon keskustassa. Body Geometry fit ajoasennon mittaus\",\"publisher\":{\"@id\":\"https:\\\/\\\/porvoonpyorakeskus.fi\\\/sv\\\/#organization\"},\"alternateName\":\"Py\u00f6r\u00e4keskus\",\"potentialAction\":[{\"@type\":\"SearchAction\",\"target\":{\"@type\":\"EntryPoint\",\"urlTemplate\":\"https:\\\/\\\/porvoonpyorakeskus.fi\\\/sv\\\/?s={search_term_string}\"},\"query-input\":{\"@type\":\"PropertyValueSpecification\",\"valueRequired\":true,\"valueName\":\"search_term_string\"}}],\"inLanguage\":\"sv-SE\"},{\"@type\":\"Organization\",\"@id\":\"https:\\\/\\\/porvoonpyorakeskus.fi\\\/sv\\\/#organization\",\"name\":\"Porvoon Py\u00f6r\u00e4keskus\",\"alternateName\":\"Py\u00f6r\u00e4keskus\",\"url\":\"https:\\\/\\\/porvoonpyorakeskus.fi\\\/sv\\\/\",\"logo\":{\"@type\":\"ImageObject\",\"inLanguage\":\"sv-SE\",\"@id\":\"https:\\\/\\\/porvoonpyorakeskus.fi\\\/sv\\\/#\\\/schema\\\/logo\\\/image\\\/\",\"url\":\"https:\\\/\\\/porvoonpyorakeskus.fi\\\/wp-content\\\/uploads\\\/2022\\\/03\\\/Porvoon-Pyorakeskus-logo.png\",\"contentUrl\":\"https:\\\/\\\/porvoonpyorakeskus.fi\\\/wp-content\\\/uploads\\\/2022\\\/03\\\/Porvoon-Pyorakeskus-logo.png\",\"width\":257,\"height\":148,\"caption\":\"Porvoon Py\u00f6r\u00e4keskus\"},\"image\":{\"@id\":\"https:\\\/\\\/porvoonpyorakeskus.fi\\\/sv\\\/#\\\/schema\\\/logo\\\/image\\\/\"},\"sameAs\":[\"https:\\\/\\\/www.facebook.com\\\/porvoonpyorakeskus\",\"https:\\\/\\\/www.instagram.com\\\/porvoonpyorakeskus\\\/\"]}]}<\/script>\n<!-- \/ Yoast SEO plugin. -->","yoast_head_json":{"title":"Jopo dubbd\u00e4ck 24? 47-507 | Porvoon Py\u00f6r\u00e4keskus","robots":{"index":"index","follow":"follow","max-snippet":"max-snippet:-1","max-image-preview":"max-image-preview:large","max-video-preview":"max-video-preview:-1"},"canonical":"https:\/\/porvoonpyorakeskus.fi\/sv\/produkt\/jopo-dubbdack-24-47-507\/","og_locale":"sv_SE","og_type":"article","og_title":"Jopo dubbd\u00e4ck 24? 47-507 | Porvoon Py\u00f6r\u00e4keskus","og_description":"Finlands popul\u00e4raste cykels, JOPO:ns eget dubbd\u00e4ck!","og_url":"https:\/\/porvoonpyorakeskus.fi\/sv\/produkt\/jopo-dubbdack-24-47-507\/","og_site_name":"Porvoon Py\u00f6r\u00e4keskus","article_publisher":"https:\/\/www.facebook.com\/porvoonpyorakeskus","article_modified_time":"2022-03-29T16:55:49+00:00","og_image":[{"width":686,"height":800,"url":"https:\/\/porvoonpyorakeskus.fi\/wp-content\/uploads\/2022\/02\/Jopo-nasta.jpg","type":"image\/jpeg"}],"twitter_card":"summary_large_image","schema":{"@context":"https:\/\/schema.org","@graph":[{"@type":"WebPage","@id":"https:\/\/porvoonpyorakeskus.fi\/sv\/produkt\/jopo-dubbdack-24-47-507\/","url":"https:\/\/porvoonpyorakeskus.fi\/sv\/produkt\/jopo-dubbdack-24-47-507\/","name":"Jopo dubbd\u00e4ck 24? 47-507 | Porvoon Py\u00f6r\u00e4keskus","isPartOf":{"@id":"https:\/\/porvoonpyorakeskus.fi\/sv\/#website"},"primaryImageOfPage":{"@id":"https:\/\/porvoonpyorakeskus.fi\/sv\/produkt\/jopo-dubbdack-24-47-507\/#primaryimage"},"image":{"@id":"https:\/\/porvoonpyorakeskus.fi\/sv\/produkt\/jopo-dubbdack-24-47-507\/#primaryimage"},"thumbnailUrl":"https:\/\/porvoonpyorakeskus.fi\/wp-content\/uploads\/2022\/02\/Jopo-nasta.jpg","datePublished":"2019-12-12T12:07:00+00:00","dateModified":"2022-03-29T16:55:49+00:00","breadcrumb":{"@id":"https:\/\/porvoonpyorakeskus.fi\/sv\/produkt\/jopo-dubbdack-24-47-507\/#breadcrumb"},"inLanguage":"sv-SE","potentialAction":[{"@type":"ReadAction","target":["https:\/\/porvoonpyorakeskus.fi\/sv\/produkt\/jopo-dubbdack-24-47-507\/"]}]},{"@type":"ImageObject","inLanguage":"sv-SE","@id":"https:\/\/porvoonpyorakeskus.fi\/sv\/produkt\/jopo-dubbdack-24-47-507\/#primaryimage","url":"https:\/\/porvoonpyorakeskus.fi\/wp-content\/uploads\/2022\/02\/Jopo-nasta.jpg","contentUrl":"https:\/\/porvoonpyorakeskus.fi\/wp-content\/uploads\/2022\/02\/Jopo-nasta.jpg","width":686,"height":800,"caption":"Nastarengas jopoon 24\""},{"@type":"BreadcrumbList","@id":"https:\/\/porvoonpyorakeskus.fi\/sv\/produkt\/jopo-dubbdack-24-47-507\/#breadcrumb","itemListElement":[{"@type":"ListItem","position":1,"name":"Etusivu","item":"https:\/\/porvoonpyorakeskus.fi\/sv\/"},{"@type":"ListItem","position":2,"name":"Butik","item":"https:\/\/porvoonpyorakeskus.fi\/sv\/butik\/"},{"@type":"ListItem","position":3,"name":"Jopo dubbd\u00e4ck 24? 47-507"}]},{"@type":"WebSite","@id":"https:\/\/porvoonpyorakeskus.fi\/sv\/#website","url":"https:\/\/porvoonpyorakeskus.fi\/sv\/","name":"Porvoon py\u00f6r\u00e4keskus","description":"Py\u00f6r\u00e4liike ja py\u00f6r\u00e4huolto Porvoon keskustassa. Body Geometry fit ajoasennon mittaus","publisher":{"@id":"https:\/\/porvoonpyorakeskus.fi\/sv\/#organization"},"alternateName":"Py\u00f6r\u00e4keskus","potentialAction":[{"@type":"SearchAction","target":{"@type":"EntryPoint","urlTemplate":"https:\/\/porvoonpyorakeskus.fi\/sv\/?s={search_term_string}"},"query-input":{"@type":"PropertyValueSpecification","valueRequired":true,"valueName":"search_term_string"}}],"inLanguage":"sv-SE"},{"@type":"Organization","@id":"https:\/\/porvoonpyorakeskus.fi\/sv\/#organization","name":"Porvoon Py\u00f6r\u00e4keskus","alternateName":"Py\u00f6r\u00e4keskus","url":"https:\/\/porvoonpyorakeskus.fi\/sv\/","logo":{"@type":"ImageObject","inLanguage":"sv-SE","@id":"https:\/\/porvoonpyorakeskus.fi\/sv\/#\/schema\/logo\/image\/","url":"https:\/\/porvoonpyorakeskus.fi\/wp-content\/uploads\/2022\/03\/Porvoon-Pyorakeskus-logo.png","contentUrl":"https:\/\/porvoonpyorakeskus.fi\/wp-content\/uploads\/2022\/03\/Porvoon-Pyorakeskus-logo.png","width":257,"height":148,"caption":"Porvoon Py\u00f6r\u00e4keskus"},"image":{"@id":"https:\/\/porvoonpyorakeskus.fi\/sv\/#\/schema\/logo\/image\/"},"sameAs":["https:\/\/www.facebook.com\/porvoonpyorakeskus","https:\/\/www.instagram.com\/porvoonpyorakeskus\/"]}]}},"taxonomy_info":{"product_cat":[{"value":175,"label":"D\u00e4ck"},{"value":170,"label":"Utrustning"}]},"featured_image_src_large":["https:\/\/porvoonpyorakeskus.fi\/wp-content\/uploads\/2022\/02\/Jopo-nasta.jpg",686,800,false],"author_info":[],"comment_info":0,"_links":{"self":[{"href":"https:\/\/porvoonpyorakeskus.fi\/sv\/wp-json\/wp\/v2\/product\/2722","targetHints":{"allow":["GET"]}}],"collection":[{"href":"https:\/\/porvoonpyorakeskus.fi\/sv\/wp-json\/wp\/v2\/product"}],"about":[{"href":"https:\/\/porvoonpyorakeskus.fi\/sv\/wp-json\/wp\/v2\/types\/product"}],"replies":[{"embeddable":true,"href":"https:\/\/porvoonpyorakeskus.fi\/sv\/wp-json\/wp\/v2\/comments?post=2722"}],"wp:featuredmedia":[{"embeddable":true,"href":"https:\/\/porvoonpyorakeskus.fi\/sv\/wp-json\/wp\/v2\/media\/326"}],"wp:attachment":[{"href":"https:\/\/porvoonpyorakeskus.fi\/sv\/wp-json\/wp\/v2\/media?parent=2722"}],"wp:term":[{"taxonomy":"product_brand","embeddable":true,"href":"https:\/\/porvoonpyorakeskus.fi\/sv\/wp-json\/wp\/v2\/product_brand?post=2722"},{"taxonomy":"product_cat","embeddable":true,"href":"https:\/\/porvoonpyorakeskus.fi\/sv\/wp-json\/wp\/v2\/product_cat?post=2722"},{"taxonomy":"product_tag","embeddable":true,"href":"https:\/\/porvoonpyorakeskus.fi\/sv\/wp-json\/wp\/v2\/product_tag?post=2722"}],"curies":[{"name":"wp","href":"https:\/\/api.w.org\/{rel}","templated":true}]}}