{"id":3426,"date":"2023-12-09T13:18:51","date_gmt":"2023-12-09T11:18:51","guid":{"rendered":"https:\/\/porvoonpyorakeskus.fi\/kontaktuppgifter\/"},"modified":"2025-11-06T11:44:59","modified_gmt":"2025-11-06T09:44:59","slug":"kontaktuppgifter","status":"publish","type":"page","link":"https:\/\/porvoonpyorakeskus.fi\/sv\/kontaktuppgifter\/","title":{"rendered":"Kontaktuppgifter"},"content":{"rendered":"<style>.kb-row-layout-id2771_e22ffa-db > .kt-row-column-wrap{align-content:start;}:where(.kb-row-layout-id2771_e22ffa-db > .kt-row-column-wrap) > .wp-block-kadence-column{justify-content:start;}.kb-row-layout-id2771_e22ffa-db > .kt-row-column-wrap{column-gap:var(--global-kb-gap-md, 2rem);row-gap:var(--global-kb-gap-md, 2rem);padding-top:var(--global-kb-spacing-sm, 1.5rem);padding-bottom:var(--global-kb-spacing-5xl, 10rem);grid-template-columns:minmax(0, 1fr);}.kb-row-layout-id2771_e22ffa-db{background-image:url('https:\/\/porvoonpyorakeskus.fi\/wp-content\/uploads\/2022\/03\/specialized-maastopyoraily.jpg');background-size:cover;background-position:center center;background-attachment:scroll;background-repeat:no-repeat;}.kb-row-layout-id2771_e22ffa-db > .kt-row-layout-overlay{opacity:0.30;}@media all and (max-width: 1024px){.kb-row-layout-id2771_e22ffa-db > .kt-row-column-wrap{grid-template-columns:minmax(0, 1fr);}}@media all and (max-width: 767px){.kb-row-layout-id2771_e22ffa-db > .kt-row-column-wrap{grid-template-columns:minmax(0, 1fr);}}<\/style><div class=\"kb-row-layout-wrap kb-row-layout-id2771_e22ffa-db alignfull kt-row-has-bg wp-block-kadence-rowlayout\"><div class=\"kt-row-column-wrap kt-has-1-columns kt-row-layout-equal kt-tab-layout-inherit kt-mobile-layout-row kt-row-valign-top\">\n<style>.kadence-column2771_efb36e-b8 > .kt-inside-inner-col,.kadence-column2771_efb36e-b8 > .kt-inside-inner-col:before{border-top-left-radius:0px;border-top-right-radius:0px;border-bottom-right-radius:0px;border-bottom-left-radius:0px;}.kadence-column2771_efb36e-b8 > .kt-inside-inner-col{column-gap:var(--global-kb-gap-sm, 1rem);}.kadence-column2771_efb36e-b8 > .kt-inside-inner-col{flex-direction:column;}.kadence-column2771_efb36e-b8 > .kt-inside-inner-col > .aligncenter{width:100%;}.kadence-column2771_efb36e-b8 > .kt-inside-inner-col:before{opacity:0.3;}.kadence-column2771_efb36e-b8{position:relative;}@media all and (max-width: 1024px){.kadence-column2771_efb36e-b8 > .kt-inside-inner-col{flex-direction:column;justify-content:center;}}@media all and (max-width: 767px){.kadence-column2771_efb36e-b8 > .kt-inside-inner-col{flex-direction:column;justify-content:center;}}<\/style>\n<div class=\"wp-block-kadence-column kadence-column2771_efb36e-b8 inner-column-1\"><div class=\"kt-inside-inner-col\"><style>.kb-row-layout-id2771_3249c1-c7 > .kt-row-column-wrap{align-content:start;}:where(.kb-row-layout-id2771_3249c1-c7 > .kt-row-column-wrap) > .wp-block-kadence-column{justify-content:start;}.kb-row-layout-id2771_3249c1-c7 > .kt-row-column-wrap{column-gap:var(--global-kb-gap-md, 2rem);row-gap:var(--global-kb-gap-md, 2rem);max-width:var( --global-content-width, 1170px );padding-left:var(--global-content-edge-padding);padding-right:var(--global-content-edge-padding);padding-top:210px;padding-bottom:25px;grid-template-columns:minmax(0, 1fr);}.kb-row-layout-id2771_3249c1-c7 > .kt-row-layout-overlay{opacity:0.30;}@media all and (max-width: 1024px){.kb-row-layout-id2771_3249c1-c7 > .kt-row-column-wrap{grid-template-columns:minmax(0, 1fr);}}@media all and (max-width: 767px){.kb-row-layout-id2771_3249c1-c7 > .kt-row-column-wrap{grid-template-columns:minmax(0, 1fr);}}<\/style><div class=\"kb-row-layout-wrap kb-row-layout-id2771_3249c1-c7 alignnone wp-block-kadence-rowlayout\"><div class=\"kt-row-column-wrap kt-has-1-columns kt-row-layout-equal kt-tab-layout-inherit kt-mobile-layout-row kt-row-valign-top kb-theme-content-width\">\n<style>.kadence-column2771_57272f-c5 > .kt-inside-inner-col,.kadence-column2771_57272f-c5 > .kt-inside-inner-col:before{border-top-left-radius:0px;border-top-right-radius:0px;border-bottom-right-radius:0px;border-bottom-left-radius:0px;}.kadence-column2771_57272f-c5 > .kt-inside-inner-col{column-gap:var(--global-kb-gap-sm, 1rem);}.kadence-column2771_57272f-c5 > .kt-inside-inner-col{flex-direction:column;}.kadence-column2771_57272f-c5 > .kt-inside-inner-col > .aligncenter{width:100%;}.kadence-column2771_57272f-c5 > .kt-inside-inner-col:before{opacity:0.3;}.kadence-column2771_57272f-c5{position:relative;}@media all and (max-width: 1024px){.kadence-column2771_57272f-c5 > .kt-inside-inner-col{flex-direction:column;justify-content:center;}}@media all and (max-width: 767px){.kadence-column2771_57272f-c5 > .kt-inside-inner-col{flex-direction:column;justify-content:center;}}<\/style>\n<div class=\"wp-block-kadence-column kadence-column2771_57272f-c5 inner-column-1\"><div class=\"kt-inside-inner-col\"><style>.wp-block-kadence-advancedheading.kt-adv-heading2771_a05963-99, .wp-block-kadence-advancedheading.kt-adv-heading2771_a05963-99[data-kb-block=\"kb-adv-heading2771_a05963-99\"]{font-style:normal;}.wp-block-kadence-advancedheading.kt-adv-heading2771_a05963-99 mark.kt-highlight, .wp-block-kadence-advancedheading.kt-adv-heading2771_a05963-99[data-kb-block=\"kb-adv-heading2771_a05963-99\"] mark.kt-highlight{font-style:normal;color:#f76a0c;-webkit-box-decoration-break:clone;box-decoration-break:clone;padding-top:0px;padding-right:0px;padding-bottom:0px;padding-left:0px;}.wp-block-kadence-advancedheading.kt-adv-heading2771_a05963-99 img.kb-inline-image, .wp-block-kadence-advancedheading.kt-adv-heading2771_a05963-99[data-kb-block=\"kb-adv-heading2771_a05963-99\"] img.kb-inline-image{width:150px;vertical-align:baseline;}<\/style>\n<h2 class=\"kt-adv-heading2771_a05963-99 wp-block-kadence-advancedheading has-theme-palette-9-color has-text-color\" data-kb-block=\"kb-adv-heading2771_a05963-99\">Kontaktuppgifter<\/h2>\n<\/div><\/div>\n\n<\/div><\/div><\/div><\/div>\n\n<\/div><\/div><style>.kb-row-layout-id2771_fe9931-96 > .kt-row-column-wrap{align-content:start;}:where(.kb-row-layout-id2771_fe9931-96 > .kt-row-column-wrap) > .wp-block-kadence-column{justify-content:start;}.kb-row-layout-id2771_fe9931-96 > .kt-row-column-wrap{column-gap:var(--global-kb-gap-md, 2rem);row-gap:var(--global-kb-gap-md, 2rem);padding-top:var(--global-kb-spacing-sm, 1.5rem);padding-bottom:var(--global-kb-spacing-sm, 1.5rem);grid-template-columns:minmax(0, 1fr);}.kb-row-layout-id2771_fe9931-96 > .kt-row-layout-overlay{opacity:0.30;}@media all and (max-width: 1024px){.kb-row-layout-id2771_fe9931-96 > .kt-row-column-wrap{grid-template-columns:minmax(0, 1fr);}}@media all and (max-width: 767px){.kb-row-layout-id2771_fe9931-96 > .kt-row-column-wrap{grid-template-columns:minmax(0, 1fr);}}<\/style><div class=\"kb-row-layout-wrap kb-row-layout-id2771_fe9931-96 alignfull wp-block-kadence-rowlayout\"><div class=\"kt-row-column-wrap kt-has-1-columns kt-row-layout-equal kt-tab-layout-inherit kt-mobile-layout-row kt-row-valign-top\">\n<style>.kadence-column2771_604d75-17 > .kt-inside-inner-col,.kadence-column2771_604d75-17 > .kt-inside-inner-col:before{border-top-left-radius:0px;border-top-right-radius:0px;border-bottom-right-radius:0px;border-bottom-left-radius:0px;}.kadence-column2771_604d75-17 > .kt-inside-inner-col{column-gap:var(--global-kb-gap-sm, 1rem);}.kadence-column2771_604d75-17 > .kt-inside-inner-col{flex-direction:column;}.kadence-column2771_604d75-17 > .kt-inside-inner-col > .aligncenter{width:100%;}.kadence-column2771_604d75-17 > .kt-inside-inner-col:before{opacity:0.3;}.kadence-column2771_604d75-17{position:relative;}@media all and (max-width: 1024px){.kadence-column2771_604d75-17 > .kt-inside-inner-col{flex-direction:column;justify-content:center;}}@media all and (max-width: 767px){.kadence-column2771_604d75-17 > .kt-inside-inner-col{flex-direction:column;justify-content:center;}}<\/style>\n<div class=\"wp-block-kadence-column kadence-column2771_604d75-17 inner-column-1\"><div class=\"kt-inside-inner-col\"><style>.kb-row-layout-id2771_fdfa78-20 > .kt-row-column-wrap{align-content:start;}:where(.kb-row-layout-id2771_fdfa78-20 > .kt-row-column-wrap) > .wp-block-kadence-column{justify-content:start;}.kb-row-layout-id2771_fdfa78-20 > .kt-row-column-wrap{column-gap:var(--global-kb-gap-md, 2rem);row-gap:var(--global-kb-gap-md, 2rem);max-width:var( --global-content-width, 1170px );padding-left:var(--global-content-edge-padding);padding-right:var(--global-content-edge-padding);padding-top:var(--global-kb-spacing-sm, 1.5rem);padding-bottom:var(--global-kb-spacing-sm, 1.5rem);grid-template-columns:minmax(0, 1fr);}.kb-row-layout-id2771_fdfa78-20 > .kt-row-layout-overlay{opacity:0.30;}@media all and (max-width: 1024px){.kb-row-layout-id2771_fdfa78-20 > .kt-row-column-wrap{grid-template-columns:minmax(0, 1fr);}}@media all and (max-width: 767px){.kb-row-layout-id2771_fdfa78-20 > .kt-row-column-wrap{grid-template-columns:minmax(0, 1fr);}}<\/style><div class=\"kb-row-layout-wrap kb-row-layout-id2771_fdfa78-20 aligncenter wp-block-kadence-rowlayout\"><div class=\"kt-row-column-wrap kt-has-1-columns kt-row-layout-equal kt-tab-layout-inherit kt-mobile-layout-row kt-row-valign-top kb-theme-content-width\">\n<style>.kadence-column2771_472cbc-c2 > .kt-inside-inner-col,.kadence-column2771_472cbc-c2 > .kt-inside-inner-col:before{border-top-left-radius:0px;border-top-right-radius:0px;border-bottom-right-radius:0px;border-bottom-left-radius:0px;}.kadence-column2771_472cbc-c2 > .kt-inside-inner-col{column-gap:var(--global-kb-gap-sm, 1rem);}.kadence-column2771_472cbc-c2 > .kt-inside-inner-col{flex-direction:column;}.kadence-column2771_472cbc-c2 > .kt-inside-inner-col > .aligncenter{width:100%;}.kadence-column2771_472cbc-c2 > .kt-inside-inner-col:before{opacity:0.3;}.kadence-column2771_472cbc-c2{position:relative;}@media all and (max-width: 1024px){.kadence-column2771_472cbc-c2 > .kt-inside-inner-col{flex-direction:column;justify-content:center;}}@media all and (max-width: 767px){.kadence-column2771_472cbc-c2 > .kt-inside-inner-col{flex-direction:column;justify-content:center;}}<\/style>\n<div class=\"wp-block-kadence-column kadence-column2771_472cbc-c2 inner-column-1\"><div class=\"kt-inside-inner-col\"><style>.wp-block-kadence-advancedheading.kt-adv-heading2771_cf926f-77, .wp-block-kadence-advancedheading.kt-adv-heading2771_cf926f-77[data-kb-block=\"kb-adv-heading2771_cf926f-77\"]{text-align:left;font-style:normal;}.wp-block-kadence-advancedheading.kt-adv-heading2771_cf926f-77 mark.kt-highlight, .wp-block-kadence-advancedheading.kt-adv-heading2771_cf926f-77[data-kb-block=\"kb-adv-heading2771_cf926f-77\"] mark.kt-highlight{font-style:normal;color:#f76a0c;-webkit-box-decoration-break:clone;box-decoration-break:clone;padding-top:0px;padding-right:0px;padding-bottom:0px;padding-left:0px;}.wp-block-kadence-advancedheading.kt-adv-heading2771_cf926f-77 img.kb-inline-image, .wp-block-kadence-advancedheading.kt-adv-heading2771_cf926f-77[data-kb-block=\"kb-adv-heading2771_cf926f-77\"] img.kb-inline-image{width:150px;vertical-align:baseline;}<\/style>\n<h3 class=\"kt-adv-heading2771_cf926f-77 wp-block-kadence-advancedheading\" data-kb-block=\"kb-adv-heading2771_cf926f-77\">Borg\u00e5 Cykelcenter Ab<\/h3>\n\n\n\n<p class=\"has-text-align-left\">Stadhusgatan 11<br\/>06100 Borg\u00e5<\/p>\n\n\n\n<p class=\"has-text-align-left\"><strong>\u00d6ppeth\u00e5llningstider<\/strong> fr.o.m. 17.3.2025<br\/>Vardagar: kl. 10\u221218<br\/>L\u00f6rdagar: kl. 10\u221214<br\/><br\/>15.10.2025 siirrymme talviaukioloaikoihin:<br\/>Arkisin: klo 10-17<br\/>Lauantaisin: klo 10-14<br\/><\/p>\n\n\n\n<p class=\"has-text-align-left\">\n<\/p>\n\n\n<p class=\"has-text-align-left\"><strong>Telefon<\/strong><br\/>Butik: <a href=\"tel:+358405521562\">040 552 1562<\/a><br\/>Sevice: <a href=\"tel:+358407774533\">040 777 4533<\/a><\/p>\n\n\n\n<p class=\"has-text-align-left\"><strong>E-post<\/strong><br\/><a href=\"mailto:info@porvoonpyorakeskus.fi\">info@porvoonpyorakeskus.fi<\/a><br\/><br\/>*Med f\u00f6rbeh\u00e5ll f\u00f6r \u00e4ndringar i produkternas pris och tillg\u00e4nglighet.<\/p>\n<\/div><\/div>\n\n<\/div><\/div><\/div><\/div>\n\n<\/div><\/div><style>.kb-row-layout-wrap.wp-block-kadence-rowlayout.kb-row-layout-id2771_c1a4a3-5d{margin-bottom:-30px;}.kb-row-layout-id2771_c1a4a3-5d > .kt-row-column-wrap{align-content:start;}:where(.kb-row-layout-id2771_c1a4a3-5d > .kt-row-column-wrap) > .wp-block-kadence-column{justify-content:start;}.kb-row-layout-id2771_c1a4a3-5d > .kt-row-column-wrap{column-gap:var(--global-kb-gap-md, 2rem);row-gap:var(--global-kb-gap-md, 2rem);padding-top:var(--global-kb-spacing-sm, 1.5rem);padding-bottom:var(--global-kb-spacing-sm, 1.5rem);grid-template-columns:minmax(0, 1fr);}.kb-row-layout-id2771_c1a4a3-5d > .kt-row-layout-overlay{opacity:0.30;}@media all and (max-width: 1024px){.kb-row-layout-id2771_c1a4a3-5d > .kt-row-column-wrap{grid-template-columns:minmax(0, 1fr);}}@media all and (max-width: 767px){.kb-row-layout-id2771_c1a4a3-5d > .kt-row-column-wrap{grid-template-columns:minmax(0, 1fr);}}<\/style><div class=\"kb-row-layout-wrap kb-row-layout-id2771_c1a4a3-5d alignfull wp-block-kadence-rowlayout\"><div class=\"kt-row-column-wrap kt-has-1-columns kt-row-layout-equal kt-tab-layout-inherit kt-mobile-layout-row kt-row-valign-top\">\n<style>.kadence-column2771_cd4f51-1a > .kt-inside-inner-col,.kadence-column2771_cd4f51-1a > .kt-inside-inner-col:before{border-top-left-radius:0px;border-top-right-radius:0px;border-bottom-right-radius:0px;border-bottom-left-radius:0px;}.kadence-column2771_cd4f51-1a > .kt-inside-inner-col{column-gap:var(--global-kb-gap-sm, 1rem);}.kadence-column2771_cd4f51-1a > .kt-inside-inner-col{flex-direction:column;}.kadence-column2771_cd4f51-1a > .kt-inside-inner-col > .aligncenter{width:100%;}.kadence-column2771_cd4f51-1a > .kt-inside-inner-col:before{opacity:0.3;}.kadence-column2771_cd4f51-1a{position:relative;}@media all and (max-width: 1024px){.kadence-column2771_cd4f51-1a > .kt-inside-inner-col{flex-direction:column;justify-content:center;}}@media all and (max-width: 767px){.kadence-column2771_cd4f51-1a > .kt-inside-inner-col{flex-direction:column;justify-content:center;}}<\/style>\n<div class=\"wp-block-kadence-column kadence-column2771_cd4f51-1a inner-column-1\"><div class=\"kt-inside-inner-col\">\n<iframe src=\"https:\/\/www.google.com\/maps\/embed?pb=!1m18!1m12!1m3!1d1971.187435777248!2d25.664387416115474!3d60.39258198204351!2m3!1f0!2f0!3f0!3m2!1i1024!2i768!4f13.1!3m3!1m2!1s0x4691f42bffc879af%3A0x8d5354b149d8150c!2sRaatihuoneenkatu%2011%2C%2006100%20Porvoo!5e0!3m2!1sfi!2sfi!4v1646229369482!5m2!1sfi!2sfi\" width=\"100%\" height=\"450\" style=\"border:0;\" allowfullscreen=\"\" loading=\"lazy\"><\/iframe>\n<\/div><\/div>\n\n<\/div><\/div>","protected":false},"excerpt":{"rendered":"<p>Kontaktuppgifter Borg\u00e5 Cykelcenter Ab Stadhusgatan 1106100 Borg\u00e5 \u00d6ppeth\u00e5llningstider fr.o.m. 17.3.2025Vardagar: kl. 10\u221218L\u00f6rdagar: kl. 10\u221214 15.10.2025 siirrymme talviaukioloaikoihin:Arkisin: klo 10-17Lauantaisin: klo 10-14 TelefonButik: 040 552 1562Sevice: 040 777 4533 E-postinfo@porvoonpyorakeskus.fi *Med f\u00f6rbeh\u00e5ll f\u00f6r \u00e4ndringar i produkternas pris och tillg\u00e4nglighet.<\/p>\n","protected":false},"author":1,"featured_media":2814,"parent":0,"menu_order":0,"comment_status":"closed","ping_status":"closed","template":"","meta":{"_kad_blocks_custom_css":"","_kad_blocks_head_custom_js":"","_kad_blocks_body_custom_js":"","_kad_blocks_footer_custom_js":"","_kadence_starter_templates_imported_post":false,"_kad_post_transparent":"","_kad_post_title":"","_kad_post_layout":"","_kad_post_sidebar_id":"","_kad_post_content_style":"","_kad_post_vertical_padding":"","_kad_post_feature":"","_kad_post_feature_position":"","_kad_post_header":false,"_kad_post_footer":false,"_kad_post_classname":"","footnotes":""},"class_list":["post-3426","page","type-page","status-publish","has-post-thumbnail","hentry"],"yoast_head":"<!-- This site is optimized with the Yoast SEO plugin v27.3 - https:\/\/yoast.com\/product\/yoast-seo-wordpress\/ -->\n<title>Kontaktuppgifter cykelf\u00f6rs\u00e4ljning och service | Porvoon Py\u00f6r\u00e4keskus<\/title>\n<meta name=\"description\" content=\"Porvoon Py\u00f6r\u00e4keskus, Stadshusgatan 11, 06100 Borg\u00e5 - Butik: 040 552 1562, info@porvoonpyorakeskus.fi\" \/>\n<meta name=\"robots\" content=\"index, follow, max-snippet:-1, max-image-preview:large, max-video-preview:-1\" \/>\n<link rel=\"canonical\" href=\"https:\/\/porvoonpyorakeskus.fi\/sv\/kontaktuppgifter\/\" \/>\n<meta property=\"og:locale\" content=\"sv_SE\" \/>\n<meta property=\"og:type\" content=\"article\" \/>\n<meta property=\"og:title\" content=\"Kontaktuppgifter cykelf\u00f6rs\u00e4ljning och service | Porvoon Py\u00f6r\u00e4keskus\" \/>\n<meta property=\"og:description\" content=\"Porvoon Py\u00f6r\u00e4keskus, Stadshusgatan 11, 06100 Borg\u00e5 - Butik: 040 552 1562, info@porvoonpyorakeskus.fi\" \/>\n<meta property=\"og:url\" content=\"https:\/\/porvoonpyorakeskus.fi\/sv\/kontaktuppgifter\/\" \/>\n<meta property=\"og:site_name\" content=\"Porvoon Py\u00f6r\u00e4keskus\" \/>\n<meta property=\"article:publisher\" content=\"https:\/\/www.facebook.com\/porvoonpyorakeskus\" \/>\n<meta property=\"article:modified_time\" content=\"2025-11-06T09:44:59+00:00\" \/>\n<meta property=\"og:image\" content=\"https:\/\/porvoonpyorakeskus.fi\/wp-content\/uploads\/2022\/03\/porvoon-pyorakeskus-yhteystiedot.jpg\" \/>\n\t<meta property=\"og:image:width\" content=\"1200\" \/>\n\t<meta property=\"og:image:height\" content=\"630\" \/>\n\t<meta property=\"og:image:type\" content=\"image\/jpeg\" \/>\n<meta name=\"twitter:card\" content=\"summary_large_image\" \/>\n<script type=\"application\/ld+json\" class=\"yoast-schema-graph\">{\"@context\":\"https:\\\/\\\/schema.org\",\"@graph\":[{\"@type\":\"WebPage\",\"@id\":\"https:\\\/\\\/porvoonpyorakeskus.fi\\\/sv\\\/kontaktuppgifter\\\/\",\"url\":\"https:\\\/\\\/porvoonpyorakeskus.fi\\\/sv\\\/kontaktuppgifter\\\/\",\"name\":\"Kontaktuppgifter cykelf\u00f6rs\u00e4ljning och service | Porvoon Py\u00f6r\u00e4keskus\",\"isPartOf\":{\"@id\":\"https:\\\/\\\/porvoonpyorakeskus.fi\\\/sv\\\/#website\"},\"primaryImageOfPage\":{\"@id\":\"https:\\\/\\\/porvoonpyorakeskus.fi\\\/sv\\\/kontaktuppgifter\\\/#primaryimage\"},\"image\":{\"@id\":\"https:\\\/\\\/porvoonpyorakeskus.fi\\\/sv\\\/kontaktuppgifter\\\/#primaryimage\"},\"thumbnailUrl\":\"https:\\\/\\\/porvoonpyorakeskus.fi\\\/wp-content\\\/uploads\\\/2022\\\/03\\\/porvoon-pyorakeskus-yhteystiedot.jpg\",\"datePublished\":\"2023-12-09T11:18:51+00:00\",\"dateModified\":\"2025-11-06T09:44:59+00:00\",\"description\":\"Porvoon Py\u00f6r\u00e4keskus, Stadshusgatan 11, 06100 Borg\u00e5 - Butik: 040 552 1562, info@porvoonpyorakeskus.fi\",\"breadcrumb\":{\"@id\":\"https:\\\/\\\/porvoonpyorakeskus.fi\\\/sv\\\/kontaktuppgifter\\\/#breadcrumb\"},\"inLanguage\":\"sv-SE\",\"potentialAction\":[{\"@type\":\"ReadAction\",\"target\":[\"https:\\\/\\\/porvoonpyorakeskus.fi\\\/sv\\\/kontaktuppgifter\\\/\"]}]},{\"@type\":\"ImageObject\",\"inLanguage\":\"sv-SE\",\"@id\":\"https:\\\/\\\/porvoonpyorakeskus.fi\\\/sv\\\/kontaktuppgifter\\\/#primaryimage\",\"url\":\"https:\\\/\\\/porvoonpyorakeskus.fi\\\/wp-content\\\/uploads\\\/2022\\\/03\\\/porvoon-pyorakeskus-yhteystiedot.jpg\",\"contentUrl\":\"https:\\\/\\\/porvoonpyorakeskus.fi\\\/wp-content\\\/uploads\\\/2022\\\/03\\\/porvoon-pyorakeskus-yhteystiedot.jpg\",\"width\":1200,\"height\":630,\"caption\":\"F\u00f6rm\u00e5nscykel\"},{\"@type\":\"BreadcrumbList\",\"@id\":\"https:\\\/\\\/porvoonpyorakeskus.fi\\\/sv\\\/kontaktuppgifter\\\/#breadcrumb\",\"itemListElement\":[{\"@type\":\"ListItem\",\"position\":1,\"name\":\"Etusivu\",\"item\":\"https:\\\/\\\/porvoonpyorakeskus.fi\\\/sv\\\/\"},{\"@type\":\"ListItem\",\"position\":2,\"name\":\"Kontaktuppgifter\"}]},{\"@type\":\"WebSite\",\"@id\":\"https:\\\/\\\/porvoonpyorakeskus.fi\\\/sv\\\/#website\",\"url\":\"https:\\\/\\\/porvoonpyorakeskus.fi\\\/sv\\\/\",\"name\":\"Porvoon Py\u00f6r\u00e4keskus\",\"description\":\"Py\u00f6r\u00e4liike ja py\u00f6r\u00e4huolto Porvoon keskustassa. Body Geometry fit ajoasennon mittaus\",\"publisher\":{\"@id\":\"https:\\\/\\\/porvoonpyorakeskus.fi\\\/sv\\\/#organization\"},\"alternateName\":\"Py\u00f6r\u00e4keskus\",\"potentialAction\":[{\"@type\":\"SearchAction\",\"target\":{\"@type\":\"EntryPoint\",\"urlTemplate\":\"https:\\\/\\\/porvoonpyorakeskus.fi\\\/sv\\\/?s={search_term_string}\"},\"query-input\":{\"@type\":\"PropertyValueSpecification\",\"valueRequired\":true,\"valueName\":\"search_term_string\"}}],\"inLanguage\":\"sv-SE\"},{\"@type\":\"Organization\",\"@id\":\"https:\\\/\\\/porvoonpyorakeskus.fi\\\/sv\\\/#organization\",\"name\":\"Porvoon Py\u00f6r\u00e4keskus\",\"alternateName\":\"Py\u00f6r\u00e4keskus\",\"url\":\"https:\\\/\\\/porvoonpyorakeskus.fi\\\/sv\\\/\",\"logo\":{\"@type\":\"ImageObject\",\"inLanguage\":\"sv-SE\",\"@id\":\"https:\\\/\\\/porvoonpyorakeskus.fi\\\/sv\\\/#\\\/schema\\\/logo\\\/image\\\/\",\"url\":\"https:\\\/\\\/porvoonpyorakeskus.fi\\\/wp-content\\\/uploads\\\/2022\\\/03\\\/Porvoon-Pyorakeskus-logo.png\",\"contentUrl\":\"https:\\\/\\\/porvoonpyorakeskus.fi\\\/wp-content\\\/uploads\\\/2022\\\/03\\\/Porvoon-Pyorakeskus-logo.png\",\"width\":257,\"height\":148,\"caption\":\"Porvoon Py\u00f6r\u00e4keskus\"},\"image\":{\"@id\":\"https:\\\/\\\/porvoonpyorakeskus.fi\\\/sv\\\/#\\\/schema\\\/logo\\\/image\\\/\"},\"sameAs\":[\"https:\\\/\\\/www.facebook.com\\\/porvoonpyorakeskus\",\"https:\\\/\\\/www.instagram.com\\\/porvoonpyorakeskus\\\/\"]}]}<\/script>\n<!-- \/ Yoast SEO plugin. -->","yoast_head_json":{"title":"Kontaktuppgifter cykelf\u00f6rs\u00e4ljning och service | Porvoon Py\u00f6r\u00e4keskus","description":"Porvoon Py\u00f6r\u00e4keskus, Stadshusgatan 11, 06100 Borg\u00e5 - Butik: 040 552 1562, info@porvoonpyorakeskus.fi","robots":{"index":"index","follow":"follow","max-snippet":"max-snippet:-1","max-image-preview":"max-image-preview:large","max-video-preview":"max-video-preview:-1"},"canonical":"https:\/\/porvoonpyorakeskus.fi\/sv\/kontaktuppgifter\/","og_locale":"sv_SE","og_type":"article","og_title":"Kontaktuppgifter cykelf\u00f6rs\u00e4ljning och service | Porvoon Py\u00f6r\u00e4keskus","og_description":"Porvoon Py\u00f6r\u00e4keskus, Stadshusgatan 11, 06100 Borg\u00e5 - Butik: 040 552 1562, info@porvoonpyorakeskus.fi","og_url":"https:\/\/porvoonpyorakeskus.fi\/sv\/kontaktuppgifter\/","og_site_name":"Porvoon Py\u00f6r\u00e4keskus","article_publisher":"https:\/\/www.facebook.com\/porvoonpyorakeskus","article_modified_time":"2025-11-06T09:44:59+00:00","og_image":[{"width":1200,"height":630,"url":"https:\/\/porvoonpyorakeskus.fi\/wp-content\/uploads\/2022\/03\/porvoon-pyorakeskus-yhteystiedot.jpg","type":"image\/jpeg"}],"twitter_card":"summary_large_image","schema":{"@context":"https:\/\/schema.org","@graph":[{"@type":"WebPage","@id":"https:\/\/porvoonpyorakeskus.fi\/sv\/kontaktuppgifter\/","url":"https:\/\/porvoonpyorakeskus.fi\/sv\/kontaktuppgifter\/","name":"Kontaktuppgifter cykelf\u00f6rs\u00e4ljning och service | Porvoon Py\u00f6r\u00e4keskus","isPartOf":{"@id":"https:\/\/porvoonpyorakeskus.fi\/sv\/#website"},"primaryImageOfPage":{"@id":"https:\/\/porvoonpyorakeskus.fi\/sv\/kontaktuppgifter\/#primaryimage"},"image":{"@id":"https:\/\/porvoonpyorakeskus.fi\/sv\/kontaktuppgifter\/#primaryimage"},"thumbnailUrl":"https:\/\/porvoonpyorakeskus.fi\/wp-content\/uploads\/2022\/03\/porvoon-pyorakeskus-yhteystiedot.jpg","datePublished":"2023-12-09T11:18:51+00:00","dateModified":"2025-11-06T09:44:59+00:00","description":"Porvoon Py\u00f6r\u00e4keskus, Stadshusgatan 11, 06100 Borg\u00e5 - Butik: 040 552 1562, info@porvoonpyorakeskus.fi","breadcrumb":{"@id":"https:\/\/porvoonpyorakeskus.fi\/sv\/kontaktuppgifter\/#breadcrumb"},"inLanguage":"sv-SE","potentialAction":[{"@type":"ReadAction","target":["https:\/\/porvoonpyorakeskus.fi\/sv\/kontaktuppgifter\/"]}]},{"@type":"ImageObject","inLanguage":"sv-SE","@id":"https:\/\/porvoonpyorakeskus.fi\/sv\/kontaktuppgifter\/#primaryimage","url":"https:\/\/porvoonpyorakeskus.fi\/wp-content\/uploads\/2022\/03\/porvoon-pyorakeskus-yhteystiedot.jpg","contentUrl":"https:\/\/porvoonpyorakeskus.fi\/wp-content\/uploads\/2022\/03\/porvoon-pyorakeskus-yhteystiedot.jpg","width":1200,"height":630,"caption":"F\u00f6rm\u00e5nscykel"},{"@type":"BreadcrumbList","@id":"https:\/\/porvoonpyorakeskus.fi\/sv\/kontaktuppgifter\/#breadcrumb","itemListElement":[{"@type":"ListItem","position":1,"name":"Etusivu","item":"https:\/\/porvoonpyorakeskus.fi\/sv\/"},{"@type":"ListItem","position":2,"name":"Kontaktuppgifter"}]},{"@type":"WebSite","@id":"https:\/\/porvoonpyorakeskus.fi\/sv\/#website","url":"https:\/\/porvoonpyorakeskus.fi\/sv\/","name":"Porvoon Py\u00f6r\u00e4keskus","description":"Py\u00f6r\u00e4liike ja py\u00f6r\u00e4huolto Porvoon keskustassa. Body Geometry fit ajoasennon mittaus","publisher":{"@id":"https:\/\/porvoonpyorakeskus.fi\/sv\/#organization"},"alternateName":"Py\u00f6r\u00e4keskus","potentialAction":[{"@type":"SearchAction","target":{"@type":"EntryPoint","urlTemplate":"https:\/\/porvoonpyorakeskus.fi\/sv\/?s={search_term_string}"},"query-input":{"@type":"PropertyValueSpecification","valueRequired":true,"valueName":"search_term_string"}}],"inLanguage":"sv-SE"},{"@type":"Organization","@id":"https:\/\/porvoonpyorakeskus.fi\/sv\/#organization","name":"Porvoon Py\u00f6r\u00e4keskus","alternateName":"Py\u00f6r\u00e4keskus","url":"https:\/\/porvoonpyorakeskus.fi\/sv\/","logo":{"@type":"ImageObject","inLanguage":"sv-SE","@id":"https:\/\/porvoonpyorakeskus.fi\/sv\/#\/schema\/logo\/image\/","url":"https:\/\/porvoonpyorakeskus.fi\/wp-content\/uploads\/2022\/03\/Porvoon-Pyorakeskus-logo.png","contentUrl":"https:\/\/porvoonpyorakeskus.fi\/wp-content\/uploads\/2022\/03\/Porvoon-Pyorakeskus-logo.png","width":257,"height":148,"caption":"Porvoon Py\u00f6r\u00e4keskus"},"image":{"@id":"https:\/\/porvoonpyorakeskus.fi\/sv\/#\/schema\/logo\/image\/"},"sameAs":["https:\/\/www.facebook.com\/porvoonpyorakeskus","https:\/\/www.instagram.com\/porvoonpyorakeskus\/"]}]}},"taxonomy_info":[],"featured_image_src_large":["https:\/\/porvoonpyorakeskus.fi\/wp-content\/uploads\/2022\/03\/porvoon-pyorakeskus-yhteystiedot-1024x538.jpg",1024,538,true],"author_info":{"display_name":"admin","author_link":"https:\/\/porvoonpyorakeskus.fi\/sv\/author\/pamela_mvou8x5v\/"},"comment_info":"","_links":{"self":[{"href":"https:\/\/porvoonpyorakeskus.fi\/sv\/wp-json\/wp\/v2\/pages\/3426","targetHints":{"allow":["GET"]}}],"collection":[{"href":"https:\/\/porvoonpyorakeskus.fi\/sv\/wp-json\/wp\/v2\/pages"}],"about":[{"href":"https:\/\/porvoonpyorakeskus.fi\/sv\/wp-json\/wp\/v2\/types\/page"}],"author":[{"embeddable":true,"href":"https:\/\/porvoonpyorakeskus.fi\/sv\/wp-json\/wp\/v2\/users\/1"}],"replies":[{"embeddable":true,"href":"https:\/\/porvoonpyorakeskus.fi\/sv\/wp-json\/wp\/v2\/comments?post=3426"}],"version-history":[{"count":0,"href":"https:\/\/porvoonpyorakeskus.fi\/sv\/wp-json\/wp\/v2\/pages\/3426\/revisions"}],"wp:featuredmedia":[{"embeddable":true,"href":"https:\/\/porvoonpyorakeskus.fi\/sv\/wp-json\/wp\/v2\/media\/2814"}],"wp:attachment":[{"href":"https:\/\/porvoonpyorakeskus.fi\/sv\/wp-json\/wp\/v2\/media?parent=3426"}],"curies":[{"name":"wp","href":"https:\/\/api.w.org\/{rel}","templated":true}]}}